{"id":4485,"date":"2021-04-06T03:20:17","date_gmt":"2021-04-06T00:20:17","guid":{"rendered":"https:\/\/demsanahsap.com\/?page_id=4485"},"modified":"2021-04-10T01:06:48","modified_gmt":"2021-04-09T22:06:48","slug":"kisisel-verilerin-korunmasi","status":"publish","type":"page","link":"https:\/\/demsanahsap.com\/en\/kisisel-verilerin-korunmasi\/","title":{"rendered":"Ki\u015fisel Verilerin Korunmas\u0131"},"content":{"rendered":"<h3>DEMSAN DEKORASYON MOB\u0130LYA \u0130TH. \u0130HR. SAN. T\u0130C. LTD. \u015eT\u0130.<\/h3>\n<p><strong>PRIVACY POLICY<\/strong><\/p>\n<p>We have written this information sheet to inform our international visitors on how we protect their personal data. Please note that terms and\/or definitions used or herein are taken directly from local (Turkish) laws (Law No 6698 on Protection of Personal Data) (\u201cLaw\u201d) and regulations and might not always be coherent with other countries policies and terms on protection of personal data. You can obtain more information on Law from the webpages of Turkish Agency for Protection of Personal Data (https:\/\/kvkk.gov.tr).<\/p>\n<p><strong>1. Who is the controller of your data?<\/strong><\/p>\n<p>6698 Say\u0131l\u0131 Ki\u015fisel Verilerin Korunmas\u0131 Kanunu 5.2 ve 8.2 maddesine uygun olarak \u00fcretici \u015firketimiz yetkili sat\u0131c\u0131lar\u0131 ile akdetmi\u015f oldu\u011funuz ve taraf\u0131 bulundu\u011funuz DEMSAN Marka Mutfak, Banyo, Kap\u0131 Sat\u0131\u015f ve Montaj S\u00f6zle\u015fmeleri kapsam\u0131nda yetkili sat\u0131c\u0131lar taraf\u0131ndan \u00fcretici \u015firketimize aktar\u0131lan ki\u015fisel verileriniz DEMSAN DEKORASYON MOB\u0130LYA \u0130HT. \u0130HR. SAN. T\u0130C. LTD. \u015eT\u0130 taraf\u0131ndan veri sorumlusu s\u0131fat\u0131yla 6698 Say\u0131l\u0131 Ki\u015fisel Verilerin Korunmas\u0131 Kanunu ve ba\u011fl\u0131 y\u00f6netmelikleri kapsam\u0131nda ile a\u015fa\u011f\u0131daki \u015fartlara uyumlu olarak i\u015flenir ve korunur.<\/p>\n<p><strong>2. What is the purpose of processing of your personal data?<\/strong><\/p>\n<p>We only process your personal data only for the purposes of ensuring customer satisfaction, improving our quality and service standards and notifying you about our bespoke promotion and sales campaigns.<\/p>\n<p><strong>3. To whom we disclose your personal data?<\/strong><\/p>\n<p>We only disclose your personal data to our business partners only with the purposes described above and to public institutions and organizations who re authorized by the law, in accordance with the terms and conditions specified in the Articles 8 and 9 of the Law.<\/p>\n<p><strong>4. What do we collect and how it is collected?<\/strong><\/p>\n<p>We only collect your name, surname and communication data and only through our authorized resellers and if you only sign \u201cDEMSAN kitchen cabinet sale and installment contracts\u201d with them. As described above we use your personal data only for the purposes of ensuring customer satisfaction, improving our quality and service standards and notifying you about our bespoke promotion and sales campaigns and if necessary, to fulfil our legal responsibilities as dictated by law.<\/p>\n<p><strong>5. What are your rights?<\/strong><\/p>\n<p><strong>According to Sec 11 of the Law you may lawfully ask\/request from us:<\/strong><\/p>\n<ul>\n<li>if we hold your personal data,<\/li>\n<li>what we are holding about you,<\/li>\n<li>why we are holding your personal data<\/li>\n<li>to whom we disclose and transfer your personal data,<\/li>\n<li>rectification of any incomplete and wrong data,<\/li>\n<li>erasure of personal data,<\/li>\n<li>to notify third persons to rectify and erase personal data<\/li>\n<li>\u0130\u015flenen verilerin m\u00fcnhas\u0131ran otomatik sistemler vas\u0131tas\u0131yla analiz edilmesi suretiyle ki\u015finin kendisi aleyhine bir sonucun ortaya \u00e7\u0131kmas\u0131na itiraz etme,<\/li>\n<li>Ki\u015fisel verilerin kanuna ayk\u0131r\u0131 olarak i\u015flenmesi sebebiyle zarara u\u011framas\u0131 halinde zarar\u0131n giderilmesini talep etme,<\/li>\n<\/ul>\n<p>Yukar\u0131da belirtilen haklar\u0131n\u0131z\u0131 kullanmak ile ilgili talebinizi, yaz\u0131l\u0131 olarak \u015firketimiz veya Ki\u015fisel Verileri Koruma Kurulu\u2019nun belirledi\u011fi di\u011fer y\u00f6ntemlerle \u015eirketimize iletebilirsiniz.<\/p>\n<p>You may further direct us your objection to negative consequences which may arise from analysis of your personal data by automated systems and request compensation for the damages you may have suffered as a result of an unlawful personal data processing.<\/p>\n<p class=\" translation-block\">You can direct your queries and requests to us basically by filing out and submitting the form (Application Form for Personal Data Protection) electronically or via registered mail or public notary to our address at \u2018Bah\u00e7elievler Mahallesi, \u0130zzettin \u00c7al\u0131\u015flar Caddesi No:64\/A 34180 Bah\u00e7elievler, \u0130stanbul, Turkey or via mail to our email address <a href=\"mailto:info@demsanahsap.com\" target=\"_self\">info@demsanahsap.com<\/a><\/p>\n\n\n<p><\/p>","protected":false},"excerpt":{"rendered":"<p>DEMSAN DEKORASYON MOB\u0130LYA \u0130TH. \u0130HR. SAN. T\u0130C. LTD. \u015eT\u0130. K\u0130\u015e\u0130SEL VER\u0130LER\u0130N \u0130\u015eLENMES\u0130 ve KORUNMASINA \u0130L\u0130\u015eK\u0130N AYDINLATMA METN\u0130 Bu bilgilendirme metni 6698 Say\u0131l\u0131 Ki\u015fisel Verilerin Korunmas\u0131 Kanunu 10.Maddesi ve 10.3.2018 tarihli 30356 say\u0131l\u0131 Resm\u00ee Gazetede yay\u0131mlanan Ayd\u0131nlatma Y\u00fck\u00fcml\u00fcl\u00fc\u011f\u00fcn\u00fcn Yerine Getirilmesinde Uyulacak Usul ve Esaslar Hakk\u0131nda Tebli\u011f h\u00fck\u00fcmleri gere\u011fince \u015eirketimizin veri sorumlusu olarak elde etti\u011fi ki\u015fisel verilerle&#8230;<\/p>","protected":false},"author":1,"featured_media":0,"parent":0,"menu_order":0,"comment_status":"closed","ping_status":"closed","template":"","meta":{"footnotes":""},"class_list":["post-4485","page","type-page","status-publish","hentry"],"yoast_head":"<!-- This site is optimized with the Yoast SEO plugin v21.1 - https:\/\/yoast.com\/wordpress\/plugins\/seo\/ -->\n<title>Ki\u015fisel Verilerin Korunmas\u0131 | Demsan Ah\u015fap Mimarl\u0131k<\/title>\n<meta name=\"robots\" content=\"noindex, nofollow\" \/>\n<meta property=\"og:locale\" content=\"en_US\" \/>\n<meta property=\"og:type\" content=\"article\" \/>\n<meta property=\"og:title\" content=\"Ki\u015fisel Verilerin Korunmas\u0131 | Demsan Ah\u015fap Mimarl\u0131k\" \/>\n<meta property=\"og:description\" content=\"DEMSAN DEKORASYON MOB\u0130LYA \u0130TH. \u0130HR. SAN. T\u0130C. LTD. \u015eT\u0130. K\u0130\u015e\u0130SEL VER\u0130LER\u0130N \u0130\u015eLENMES\u0130 ve KORUNMASINA \u0130L\u0130\u015eK\u0130N AYDINLATMA METN\u0130 Bu bilgilendirme metni 6698 Say\u0131l\u0131 Ki\u015fisel Verilerin Korunmas\u0131 Kanunu 10.Maddesi ve 10.3.2018 tarihli 30356 say\u0131l\u0131 Resm\u00ee Gazetede yay\u0131mlanan Ayd\u0131nlatma Y\u00fck\u00fcml\u00fcl\u00fc\u011f\u00fcn\u00fcn Yerine Getirilmesinde Uyulacak Usul ve Esaslar Hakk\u0131nda Tebli\u011f h\u00fck\u00fcmleri gere\u011fince \u015eirketimizin veri sorumlusu olarak elde etti\u011fi ki\u015fisel verilerle...\" \/>\n<meta property=\"og:url\" content=\"https:\/\/demsanahsap.com\/en\/kisisel-verilerin-korunmasi\/\" \/>\n<meta property=\"og:site_name\" content=\"Demsan Ah\u015fap Mimarl\u0131k\" \/>\n<meta property=\"article:modified_time\" content=\"2021-04-09T22:06:48+00:00\" \/>\n<meta name=\"twitter:card\" content=\"summary_large_image\" \/>\n<meta name=\"twitter:label1\" content=\"Est. reading time\" \/>\n\t<meta name=\"twitter:data1\" content=\"3 minutes\" \/>\n<script type=\"application\/ld+json\" class=\"yoast-schema-graph\">{\"@context\":\"https:\/\/schema.org\",\"@graph\":[{\"@type\":\"WebPage\",\"@id\":\"https:\/\/demsanahsap.com\/kisisel-verilerin-korunmasi\/\",\"url\":\"https:\/\/demsanahsap.com\/kisisel-verilerin-korunmasi\/\",\"name\":\"Ki\u015fisel Verilerin Korunmas\u0131 | Demsan Ah\u015fap Mimarl\u0131k\",\"isPartOf\":{\"@id\":\"https:\/\/demsanahsap.com\/#website\"},\"datePublished\":\"2021-04-06T00:20:17+00:00\",\"dateModified\":\"2021-04-09T22:06:48+00:00\",\"breadcrumb\":{\"@id\":\"https:\/\/demsanahsap.com\/kisisel-verilerin-korunmasi\/#breadcrumb\"},\"inLanguage\":\"en-US\",\"potentialAction\":[{\"@type\":\"ReadAction\",\"target\":[\"https:\/\/demsanahsap.com\/kisisel-verilerin-korunmasi\/\"]}]},{\"@type\":\"BreadcrumbList\",\"@id\":\"https:\/\/demsanahsap.com\/kisisel-verilerin-korunmasi\/#breadcrumb\",\"itemListElement\":[{\"@type\":\"ListItem\",\"position\":1,\"name\":\"Anasayfa\",\"item\":\"https:\/\/demsanahsap.com\/\"},{\"@type\":\"ListItem\",\"position\":2,\"name\":\"Ki\u015fisel Verilerin Korunmas\u0131\"}]},{\"@type\":\"WebSite\",\"@id\":\"https:\/\/demsanahsap.com\/#website\",\"url\":\"https:\/\/demsanahsap.com\/\",\"name\":\"Demsan Ah\u015fap Mimarl\u0131k\",\"description\":\"En iyi tav\u0131rla, en iyi sanat\",\"publisher\":{\"@id\":\"https:\/\/demsanahsap.com\/#organization\"},\"potentialAction\":[{\"@type\":\"SearchAction\",\"target\":{\"@type\":\"EntryPoint\",\"urlTemplate\":\"https:\/\/demsanahsap.com\/?s={search_term_string}\"},\"query-input\":\"required name=search_term_string\"}],\"inLanguage\":\"en-US\"},{\"@type\":\"Organization\",\"@id\":\"https:\/\/demsanahsap.com\/#organization\",\"name\":\"Demsan Ah\u015fap Mimarl\u0131k\",\"url\":\"https:\/\/demsanahsap.com\/\",\"logo\":{\"@type\":\"ImageObject\",\"inLanguage\":\"en-US\",\"@id\":\"https:\/\/demsanahsap.com\/#\/schema\/logo\/image\/\",\"url\":\"https:\/\/demsanahsap.com\/wp-content\/uploads\/2021\/02\/demsanlogo.png\",\"contentUrl\":\"https:\/\/demsanahsap.com\/wp-content\/uploads\/2021\/02\/demsanlogo.png\",\"width\":800,\"height\":128,\"caption\":\"Demsan Ah\u015fap Mimarl\u0131k\"},\"image\":{\"@id\":\"https:\/\/demsanahsap.com\/#\/schema\/logo\/image\/\"},\"sameAs\":[\"https:\/\/www.instagram.com\/demsanahsap\/\",\"https:\/\/tr.pinterest.com\/demsanahsap\"]}]}<\/script>\n<!-- \/ Yoast SEO plugin. -->","yoast_head_json":{"title":"Ki\u015fisel Verilerin Korunmas\u0131 | Demsan Ah\u015fap Mimarl\u0131k","robots":{"index":"noindex","follow":"nofollow"},"og_locale":"en_US","og_type":"article","og_title":"Ki\u015fisel Verilerin Korunmas\u0131 | Demsan Ah\u015fap Mimarl\u0131k","og_description":"DEMSAN DEKORASYON MOB\u0130LYA \u0130TH. \u0130HR. SAN. T\u0130C. LTD. \u015eT\u0130. K\u0130\u015e\u0130SEL VER\u0130LER\u0130N \u0130\u015eLENMES\u0130 ve KORUNMASINA \u0130L\u0130\u015eK\u0130N AYDINLATMA METN\u0130 Bu bilgilendirme metni 6698 Say\u0131l\u0131 Ki\u015fisel Verilerin Korunmas\u0131 Kanunu 10.Maddesi ve 10.3.2018 tarihli 30356 say\u0131l\u0131 Resm\u00ee Gazetede yay\u0131mlanan Ayd\u0131nlatma Y\u00fck\u00fcml\u00fcl\u00fc\u011f\u00fcn\u00fcn Yerine Getirilmesinde Uyulacak Usul ve Esaslar Hakk\u0131nda Tebli\u011f h\u00fck\u00fcmleri gere\u011fince \u015eirketimizin veri sorumlusu olarak elde etti\u011fi ki\u015fisel verilerle...","og_url":"https:\/\/demsanahsap.com\/en\/kisisel-verilerin-korunmasi\/","og_site_name":"Demsan Ah\u015fap Mimarl\u0131k","article_modified_time":"2021-04-09T22:06:48+00:00","twitter_card":"summary_large_image","twitter_misc":{"Est. reading time":"3 minutes"},"schema":{"@context":"https:\/\/schema.org","@graph":[{"@type":"WebPage","@id":"https:\/\/demsanahsap.com\/kisisel-verilerin-korunmasi\/","url":"https:\/\/demsanahsap.com\/kisisel-verilerin-korunmasi\/","name":"Ki\u015fisel Verilerin Korunmas\u0131 | Demsan Ah\u015fap Mimarl\u0131k","isPartOf":{"@id":"https:\/\/demsanahsap.com\/#website"},"datePublished":"2021-04-06T00:20:17+00:00","dateModified":"2021-04-09T22:06:48+00:00","breadcrumb":{"@id":"https:\/\/demsanahsap.com\/kisisel-verilerin-korunmasi\/#breadcrumb"},"inLanguage":"en-US","potentialAction":[{"@type":"ReadAction","target":["https:\/\/demsanahsap.com\/kisisel-verilerin-korunmasi\/"]}]},{"@type":"BreadcrumbList","@id":"https:\/\/demsanahsap.com\/kisisel-verilerin-korunmasi\/#breadcrumb","itemListElement":[{"@type":"ListItem","position":1,"name":"Anasayfa","item":"https:\/\/demsanahsap.com\/"},{"@type":"ListItem","position":2,"name":"Ki\u015fisel Verilerin Korunmas\u0131"}]},{"@type":"WebSite","@id":"https:\/\/demsanahsap.com\/#website","url":"https:\/\/demsanahsap.com\/","name":"Demsan Ah\u015fap Mimarl\u0131k","description":"En iyi tav\u0131rla, en iyi sanat","publisher":{"@id":"https:\/\/demsanahsap.com\/#organization"},"potentialAction":[{"@type":"SearchAction","target":{"@type":"EntryPoint","urlTemplate":"https:\/\/demsanahsap.com\/?s={search_term_string}"},"query-input":"required name=search_term_string"}],"inLanguage":"en-US"},{"@type":"Organization","@id":"https:\/\/demsanahsap.com\/#organization","name":"Demsan Ah\u015fap Mimarl\u0131k","url":"https:\/\/demsanahsap.com\/","logo":{"@type":"ImageObject","inLanguage":"en-US","@id":"https:\/\/demsanahsap.com\/#\/schema\/logo\/image\/","url":"https:\/\/demsanahsap.com\/wp-content\/uploads\/2021\/02\/demsanlogo.png","contentUrl":"https:\/\/demsanahsap.com\/wp-content\/uploads\/2021\/02\/demsanlogo.png","width":800,"height":128,"caption":"Demsan Ah\u015fap Mimarl\u0131k"},"image":{"@id":"https:\/\/demsanahsap.com\/#\/schema\/logo\/image\/"},"sameAs":["https:\/\/www.instagram.com\/demsanahsap\/","https:\/\/tr.pinterest.com\/demsanahsap"]}]}},"_links":{"self":[{"href":"https:\/\/demsanahsap.com\/en\/wp-json\/wp\/v2\/pages\/4485","targetHints":{"allow":["GET"]}}],"collection":[{"href":"https:\/\/demsanahsap.com\/en\/wp-json\/wp\/v2\/pages"}],"about":[{"href":"https:\/\/demsanahsap.com\/en\/wp-json\/wp\/v2\/types\/page"}],"author":[{"embeddable":true,"href":"https:\/\/demsanahsap.com\/en\/wp-json\/wp\/v2\/users\/1"}],"replies":[{"embeddable":true,"href":"https:\/\/demsanahsap.com\/en\/wp-json\/wp\/v2\/comments?post=4485"}],"version-history":[{"count":4,"href":"https:\/\/demsanahsap.com\/en\/wp-json\/wp\/v2\/pages\/4485\/revisions"}],"predecessor-version":[{"id":4608,"href":"https:\/\/demsanahsap.com\/en\/wp-json\/wp\/v2\/pages\/4485\/revisions\/4608"}],"wp:attachment":[{"href":"https:\/\/demsanahsap.com\/en\/wp-json\/wp\/v2\/media?parent=4485"}],"curies":[{"name":"wp","href":"https:\/\/api.w.org\/{rel}","templated":true}]}}