{"id":3940,"date":"2021-04-01T19:11:43","date_gmt":"2021-04-01T16:11:43","guid":{"rendered":"https:\/\/demsanmobilya.com.tr\/?page_id=3940"},"modified":"2021-04-06T13:46:36","modified_gmt":"2021-04-06T10:46:36","slug":"referanslarimiz","status":"publish","type":"page","link":"https:\/\/demsanahsap.com\/en\/referanslarimiz\/","title":{"rendered":"References"},"content":{"rendered":"<section class=\"l-section wpb_row height_medium\"><div class=\"l-section-h i-cf\"><div class=\"g-cols vc_row type_default valign_top\"><div class=\"vc_col-sm-12 wpb_column vc_column_container animate_afb\" style=\"animation-delay:0.5s\"><div class=\"vc_column-inner\"><div class=\"wpb_wrapper\"><div class=\"wpb_text_column\" ><div class=\"wpb_wrapper\"><h1>References<\/h1>\n<\/div><\/div><div class=\"w-separator size_medium\"><\/div><div class=\"wpb_text_column\" ><div class=\"wpb_wrapper\"><p>The brand, which includes a wide range of products from classic line to modern design, always offers the best to its customers with its professional production and design team.<\/p>\n<\/div><\/div><\/div><\/div><\/div><\/div><\/div><\/section><section class=\"l-section wpb_row height_auto\"><div class=\"l-section-h i-cf\"><div class=\"g-cols vc_row type_default valign_top\"><div class=\"vc_col-sm-4 wpb_column vc_column_container animate_afb\" style=\"animation-delay:1s\"><div class=\"vc_column-inner\"><div class=\"wpb_wrapper\"><div class=\"w-tabs style_default switch_click accordion has_scrolling title_atleft icon_plus iconpos_right\"><div class=\"w-tabs-sections\"><div class=\"w-tabs-sections-h\"><div class=\"w-tabs-section active\" id=\"1615734055886-e266ff32-edee\"><button aria-controls=\"content-1615734055886-e266ff32-edee\" class=\"w-tabs-section-header active\"><div class=\"w-tabs-section-header-h\"><div class=\"w-tabs-section-title\"><b>Ara Design<\/b><\/div><div class=\"w-tabs-section-control\"><\/div><\/div><\/button><div class=\"w-tabs-section-content\" id=\"content-1615734055886-e266ff32-edee\" aria-expanded=\"true\"><div class=\"w-tabs-section-content-h i-cf\"><div class=\"wpb_text_column\" ><div class=\"wpb_wrapper\"><p>Various domestic and international affairs<\/p>\n<\/div><\/div><\/div><\/div><\/div><div class=\"w-tabs-section\" id=\"1615734055923-7678607b-b0c2\"><button aria-controls=\"content-1615734055923-7678607b-b0c2\" class=\"w-tabs-section-header\"><div class=\"w-tabs-section-header-h\"><div class=\"w-tabs-section-title\"><b>\u0130nci Construction<\/b><\/div><div class=\"w-tabs-section-control\"><\/div><\/div><\/button><div class=\"w-tabs-section-content\" id=\"content-1615734055923-7678607b-b0c2\" aria-expanded=\"false\"><div class=\"w-tabs-section-content-h i-cf\"><div class=\"wpb_text_column\" ><div class=\"wpb_wrapper\"><p class=\" translation-block\">Residence 24 Lux Flat, Bah\u00e7elievler, Istanbul <br>\nResidence 16 Lux Flat, Kocasinan, Istanbul <br>\nResidence 28 Luxury Flats, Mahmutbey, Istanbul <br>\nResidence 12 Lux Flats, Mahmutbey, Istanbul <br>\nResidence 12 Lux Flats, \u015eirinevler, Istanbul <br>\nResidence 16 Lux Flat, \u015eirinevler, Istanbul <br>\nResidence 18 Lux Flats, Avc\u0131lar, Istanbul<\/p>\n<\/div><\/div><\/div><\/div><\/div><div class=\"w-tabs-section\" id=\"1615734116558-bed3ef40-304f\"><button aria-controls=\"content-1615734116558-bed3ef40-304f\" class=\"w-tabs-section-header\"><div class=\"w-tabs-section-header-h\"><div class=\"w-tabs-section-title\"><b>Eser Rack<\/b><\/div><div class=\"w-tabs-section-control\"><\/div><\/div><\/button><div class=\"w-tabs-section-content\" id=\"content-1615734116558-bed3ef40-304f\" aria-expanded=\"false\"><div class=\"w-tabs-section-content-h i-cf\"><div class=\"wpb_text_column\" ><div class=\"wpb_wrapper\"><p>Various domestic and international affairs<\/p>\n<\/div><\/div><\/div><\/div><\/div><div class=\"w-tabs-section\" id=\"1615735389755-f7a73f6a-7ee0\"><button aria-controls=\"content-1615735389755-f7a73f6a-7ee0\" class=\"w-tabs-section-header\"><div class=\"w-tabs-section-header-h\"><div class=\"w-tabs-section-title\"><b>Kuzu Skin<\/b><\/div><div class=\"w-tabs-section-control\"><\/div><\/div><\/button><div class=\"w-tabs-section-content\" id=\"content-1615735389755-f7a73f6a-7ee0\" aria-expanded=\"false\"><div class=\"w-tabs-section-content-h i-cf\"><div class=\"wpb_text_column\" ><div class=\"wpb_wrapper\"><p>Store Zeytinburnu, \u0130stanbul<\/p>\n<\/div><\/div><\/div><\/div><\/div><div class=\"w-tabs-section\" id=\"1615735529975-0892b981-99e7\"><button aria-controls=\"content-1615735529975-0892b981-99e7\" class=\"w-tabs-section-header\"><div class=\"w-tabs-section-header-h\"><div class=\"w-tabs-section-title\"><b>Alt\u0131nk\u00f6\u015fe Pharmacy<\/b><\/div><div class=\"w-tabs-section-control\"><\/div><\/div><\/button><div class=\"w-tabs-section-content\" id=\"content-1615735529975-0892b981-99e7\" aria-expanded=\"false\"><div class=\"w-tabs-section-content-h i-cf\"><div class=\"wpb_text_column\" ><div class=\"wpb_wrapper\"><p>Pharmacy, Sakarya<\/p>\n<\/div><\/div><\/div><\/div><\/div><div class=\"w-tabs-section\" id=\"1615735656484-f7c6f0ff-b283\"><button aria-controls=\"content-1615735656484-f7c6f0ff-b283\" class=\"w-tabs-section-header\"><div class=\"w-tabs-section-header-h\"><div class=\"w-tabs-section-title\"><b>NPS Construction<\/b><\/div><div class=\"w-tabs-section-control\"><\/div><\/div><\/button><div class=\"w-tabs-section-content\" id=\"content-1615735656484-f7c6f0ff-b283\" aria-expanded=\"false\"><div class=\"w-tabs-section-content-h i-cf\"><div class=\"wpb_text_column\" ><div class=\"wpb_wrapper\"><p class=\" translation-block\">Residence 25 Lux Flats, \u015eirin Vadi Mansions, Istanbul <br>\nResidence 10 Lux Flat, So\u011fanl\u0131, \u0130stanbul <br>\nResidence 6 Lux Flat, So\u011fanl\u0131, Istanbul<\/p>\n<\/div><\/div><\/div><\/div><\/div><\/div><\/div><\/div><\/div><\/div><\/div><div class=\"vc_col-sm-4 wpb_column vc_column_container animate_afb\" style=\"animation-delay:1s\"><div class=\"vc_column-inner\"><div class=\"wpb_wrapper\"><div class=\"w-tabs style_default switch_click accordion has_scrolling title_atleft icon_plus iconpos_right\"><div class=\"w-tabs-sections\"><div class=\"w-tabs-sections-h\"><div class=\"w-tabs-section active\" id=\"1615734125821-30c1a7bd-dcff\"><button aria-controls=\"content-1615734125821-30c1a7bd-dcff\" class=\"w-tabs-section-header active\"><div class=\"w-tabs-section-header-h\"><div class=\"w-tabs-section-title\"><b>Village Aslan<\/b><\/div><div class=\"w-tabs-section-control\"><\/div><\/div><\/button><div class=\"w-tabs-section-content\" id=\"content-1615734125821-30c1a7bd-dcff\" aria-expanded=\"true\"><div class=\"w-tabs-section-content-h i-cf\"><div class=\"wpb_text_column\" ><div class=\"wpb_wrapper\"><p>All villa project turnkey, Istanbul<\/p>\n<\/div><\/div><\/div><\/div><\/div><div class=\"w-tabs-section\" id=\"1615734125907-6f8fda81-f676\"><button aria-controls=\"content-1615734125907-6f8fda81-f676\" class=\"w-tabs-section-header\"><div class=\"w-tabs-section-header-h\"><div class=\"w-tabs-section-title\"><b>Matra\u015f Leather<\/b><\/div><div class=\"w-tabs-section-control\"><\/div><\/div><\/button><div class=\"w-tabs-section-content\" id=\"content-1615734125907-6f8fda81-f676\" aria-expanded=\"false\"><div class=\"w-tabs-section-content-h i-cf\"><div class=\"wpb_text_column\" ><div class=\"wpb_wrapper\"><p class=\" translation-block\">Store Bakirkoy Galleria AVM, Istanbul <br>\nStore Etiler Akmerkez AVM, Istanbul <br>\nStore Maslak \u0130stinyepark AVM, \u0130stanbul<\/p>\n<\/div><\/div><\/div><\/div><\/div><div class=\"w-tabs-section\" id=\"1615734126005-67d2c22b-ed1a\"><button aria-controls=\"content-1615734126005-67d2c22b-ed1a\" class=\"w-tabs-section-header\"><div class=\"w-tabs-section-header-h\"><div class=\"w-tabs-section-title\"><b>Mussan Architecture<\/b><\/div><div class=\"w-tabs-section-control\"><\/div><\/div><\/button><div class=\"w-tabs-section-content\" id=\"content-1615734126005-67d2c22b-ed1a\" aria-expanded=\"false\"><div class=\"w-tabs-section-content-h i-cf\"><div class=\"wpb_text_column\" ><div class=\"wpb_wrapper\"><p>Various villas and housing projects<\/p>\n<\/div><\/div><\/div><\/div><\/div><div class=\"w-tabs-section\" id=\"1615735442286-16c9541f-c65c\"><button aria-controls=\"content-1615735442286-16c9541f-c65c\" class=\"w-tabs-section-header\"><div class=\"w-tabs-section-header-h\"><div class=\"w-tabs-section-title\"><b>Nizam Pita<\/b><\/div><div class=\"w-tabs-section-control\"><\/div><\/div><\/button><div class=\"w-tabs-section-content\" id=\"content-1615735442286-16c9541f-c65c\" aria-expanded=\"false\"><div class=\"w-tabs-section-content-h i-cf\"><div class=\"wpb_text_column\" ><div class=\"wpb_wrapper\"><p>Restaurant Beyoglu, Istanbul<\/p>\n<\/div><\/div><\/div><\/div><\/div><div class=\"w-tabs-section\" id=\"1615735571401-8275889f-0fc2\"><button aria-controls=\"content-1615735571401-8275889f-0fc2\" class=\"w-tabs-section-header\"><div class=\"w-tabs-section-header-h\"><div class=\"w-tabs-section-title\"><b>Treetop Hospital<\/b><\/div><div class=\"w-tabs-section-control\"><\/div><\/div><\/button><div class=\"w-tabs-section-content\" id=\"content-1615735571401-8275889f-0fc2\" aria-expanded=\"false\"><div class=\"w-tabs-section-content-h i-cf\"><div class=\"wpb_text_column\" ><div class=\"wpb_wrapper\"><p>Hospital, Maldives<\/p>\n<\/div><\/div><\/div><\/div><\/div><\/div><\/div><\/div><div class=\"w-separator size_small\"><\/div><\/div><\/div><\/div><div class=\"vc_col-sm-4 wpb_column vc_column_container animate_afb\" style=\"animation-delay:1s\"><div class=\"vc_column-inner\"><div class=\"wpb_wrapper\"><div class=\"w-tabs style_default switch_click accordion has_scrolling title_atleft icon_plus iconpos_right\"><div class=\"w-tabs-sections\"><div class=\"w-tabs-sections-h\"><div class=\"w-tabs-section active\" id=\"1615734145151-9a5683a4-734c\"><button aria-controls=\"content-1615734145151-9a5683a4-734c\" class=\"w-tabs-section-header active\"><div class=\"w-tabs-section-header-h\"><div class=\"w-tabs-section-title\"><b>Bilgi\u00e7 Hotel<\/b><\/div><div class=\"w-tabs-section-control\"><\/div><\/div><\/button><div class=\"w-tabs-section-content\" id=\"content-1615734145151-9a5683a4-734c\" aria-expanded=\"true\"><div class=\"w-tabs-section-content-h i-cf\"><div class=\"wpb_text_column\" ><div class=\"wpb_wrapper\"><p>Hotel 72 Rooms, Kirklareli<\/p>\n<\/div><\/div><\/div><\/div><\/div><div class=\"w-tabs-section\" id=\"1615734145226-554de8f9-b8fa\"><button aria-controls=\"content-1615734145226-554de8f9-b8fa\" class=\"w-tabs-section-header\"><div class=\"w-tabs-section-header-h\"><div class=\"w-tabs-section-title\"><b>Gant<\/b><\/div><div class=\"w-tabs-section-control\"><\/div><\/div><\/button><div class=\"w-tabs-section-content\" id=\"content-1615734145226-554de8f9-b8fa\" aria-expanded=\"false\"><div class=\"w-tabs-section-content-h i-cf\"><div class=\"wpb_text_column\" ><div class=\"wpb_wrapper\"><p class=\" translation-block\">Store Konakpier AVM, Izmir <br>\nStore \u00c7anakaya, Ankara <br>\nStore Etiler Akmerkez AVM, Istanbul <br>\nStore Sofia, Bulgaria<\/p>\n<\/div><\/div><\/div><\/div><\/div><div class=\"w-tabs-section\" id=\"1615734145313-6095caac-5627\"><button aria-controls=\"content-1615734145313-6095caac-5627\" class=\"w-tabs-section-header\"><div class=\"w-tabs-section-header-h\"><div class=\"w-tabs-section-title\"><b>K\u0131rc\u0131lar Leather<\/b><\/div><div class=\"w-tabs-section-control\"><\/div><\/div><\/button><div class=\"w-tabs-section-content\" id=\"content-1615734145313-6095caac-5627\" aria-expanded=\"false\"><div class=\"w-tabs-section-content-h i-cf\"><div class=\"wpb_text_column\" ><div class=\"wpb_wrapper\"><p>Store Zeytinburnu, \u0130stanbul<\/p>\n<\/div><\/div><\/div><\/div><\/div><div class=\"w-tabs-section\" id=\"1615735474705-7779c460-17c1\"><button aria-controls=\"content-1615735474705-7779c460-17c1\" class=\"w-tabs-section-header\"><div class=\"w-tabs-section-header-h\"><div class=\"w-tabs-section-title\"><b>Tema Istanbul<\/b><\/div><div class=\"w-tabs-section-control\"><\/div><\/div><\/button><div class=\"w-tabs-section-content\" id=\"content-1615735474705-7779c460-17c1\" aria-expanded=\"false\"><div class=\"w-tabs-section-content-h i-cf\"><div class=\"wpb_text_column\" ><div class=\"wpb_wrapper\"><p>Office Rock Cabin, Istanbul<\/p>\n<\/div><\/div><\/div><\/div><\/div><div class=\"w-tabs-section\" id=\"1615735629574-2ce6f525-e4f5\"><button aria-controls=\"content-1615735629574-2ce6f525-e4f5\" class=\"w-tabs-section-header\"><div class=\"w-tabs-section-header-h\"><div class=\"w-tabs-section-title\"><b>Hilal Yaman<\/b><\/div><div class=\"w-tabs-section-control\"><\/div><\/div><\/button><div class=\"w-tabs-section-content\" id=\"content-1615735629574-2ce6f525-e4f5\" aria-expanded=\"false\"><div class=\"w-tabs-section-content-h i-cf\"><div class=\"wpb_text_column\" ><div class=\"wpb_wrapper\"><p>Kitchen, France<\/p>\n<\/div><\/div><\/div><\/div><\/div><\/div><\/div><\/div><div class=\"w-separator size_small\"><\/div><\/div><\/div><\/div><\/div><\/div><\/section><section class=\"l-section wpb_row height_medium width_full\"><div class=\"l-section-h i-cf\"><div class=\"g-cols vc_row type_default valign_top\"><div class=\"vc_col-sm-12 wpb_column vc_column_container\"><div class=\"vc_column-inner\"><div class=\"wpb_wrapper\"><section class=\"l-section wpb_row height_medium\"><div class=\"l-section-h i-cf\"><div class=\"g-cols vc_row type_default valign_top\"><div class=\"vc_col-sm-12 wpb_column vc_column_container animate_afb\"><div class=\"vc_column-inner\"><div class=\"wpb_wrapper\"><div class=\"wpb_text_column\" ><div class=\"wpb_wrapper\"><h2>Need more details?<\/h2>\n<\/div><\/div><\/div><\/div><\/div><\/div><\/div><\/section><section class=\"l-section wpb_row height_medium color_alternate\"><div class=\"l-section-h i-cf\"><div class=\"g-cols vc_row type_default valign_top\"><div class=\"vc_col-sm-6 wpb_column vc_column_container animate_fade\"><div class=\"vc_column-inner\"><div class=\"wpb_wrapper\"><div class=\"wpb_text_column\" ><div class=\"wpb_wrapper\"><h3><a href=\"mailto:info@demsanahsap.com\">info@demsanahsap.com<\/a><\/h3>\n<\/div><\/div><\/div><\/div><\/div><div class=\"vc_col-sm-4 wpb_column vc_column_container animate_afb\" style=\"animation-delay:0.25s\"><div class=\"vc_column-inner\"><div class=\"wpb_wrapper\"><div class=\"wpb_text_column\" ><div class=\"wpb_wrapper\"><h6>Make your dream projects come true with expert team support.<\/h6>\n<\/div><\/div><\/div><\/div><\/div><\/div><\/div><\/section>\n<\/div><\/div><\/div><\/div><\/div><\/section>","protected":false},"excerpt":{"rendered":"Referanslar\u0131m\u0131z Klasik \u00e7izgiden modern tasar\u0131ma geni\u015f \u00fcr\u00fcn yelpazesini b\u00fcnyesinde bar\u0131nd\u0131ran marka profesyonel \u00fcretim ve tasar\u0131m ekibiyle m\u00fc\u015fterilerine her zaman en iyisini sunmaktad\u0131r. Ara Tasar\u0131m\u00c7e\u015fitli yurti\u00e7i ve yurtd\u0131\u015f\u0131 i\u015fleri \u0130nci \u0130n\u015faatKonut 24 L\u00fcx Daire, Bah\u00e7elievler, \u0130stanbul Konut 16 L\u00fcx Daire, Kocasinan, \u0130stanbul Konut 28 L\u00fcx Daire, Mahmutbey, \u0130stanbul Konut 12 L\u00fcx Daire, Mahmutbey, \u0130stanbul Konut 12...","protected":false},"author":1,"featured_media":0,"parent":0,"menu_order":0,"comment_status":"closed","ping_status":"closed","template":"","meta":{"footnotes":""},"class_list":["post-3940","page","type-page","status-publish","hentry"],"yoast_head":"<!-- This site is optimized with the Yoast SEO plugin v21.1 - https:\/\/yoast.com\/wordpress\/plugins\/seo\/ -->\n<title>Referanslar\u0131m\u0131z | Demsan Ah\u015fap Mimarl\u0131k<\/title>\n<meta name=\"description\" content=\"Klasik \u00e7izgiden modern tasar\u0131ma geni\u015f \u00fcr\u00fcn yelpazesini b\u00fcnyesinde bar\u0131nd\u0131ran marka profesyonel \u00fcretim ve tasar\u0131m ekibiyle m\u00fc\u015fterilerine her zaman en iyisini sunmaktad\u0131r.\" \/>\n<meta name=\"robots\" content=\"index, follow, max-snippet:-1, max-image-preview:large, max-video-preview:-1\" \/>\n<link rel=\"canonical\" href=\"https:\/\/demsanahsap.com\/en\/referanslarimiz\/\" \/>\n<meta property=\"og:locale\" content=\"en_US\" \/>\n<meta property=\"og:type\" content=\"article\" \/>\n<meta property=\"og:title\" content=\"Referanslar\u0131m\u0131z | Demsan Ah\u015fap Mimarl\u0131k\" \/>\n<meta property=\"og:description\" content=\"Klasik \u00e7izgiden modern tasar\u0131ma geni\u015f \u00fcr\u00fcn yelpazesini b\u00fcnyesinde bar\u0131nd\u0131ran marka profesyonel \u00fcretim ve tasar\u0131m ekibiyle m\u00fc\u015fterilerine her zaman en iyisini sunmaktad\u0131r.\" \/>\n<meta property=\"og:url\" content=\"https:\/\/demsanahsap.com\/en\/referanslarimiz\/\" \/>\n<meta property=\"og:site_name\" content=\"Demsan Ah\u015fap Mimarl\u0131k\" \/>\n<meta property=\"article:modified_time\" content=\"2021-04-06T10:46:36+00:00\" \/>\n<meta name=\"twitter:card\" content=\"summary_large_image\" \/>\n<meta name=\"twitter:label1\" content=\"Est. reading time\" \/>\n\t<meta name=\"twitter:data1\" content=\"2 minutes\" \/>\n<script type=\"application\/ld+json\" class=\"yoast-schema-graph\">{\"@context\":\"https:\/\/schema.org\",\"@graph\":[{\"@type\":\"WebPage\",\"@id\":\"https:\/\/demsanahsap.com\/referanslarimiz\/\",\"url\":\"https:\/\/demsanahsap.com\/referanslarimiz\/\",\"name\":\"Referanslar\u0131m\u0131z | Demsan Ah\u015fap Mimarl\u0131k\",\"isPartOf\":{\"@id\":\"https:\/\/demsanahsap.com\/#website\"},\"datePublished\":\"2021-04-01T16:11:43+00:00\",\"dateModified\":\"2021-04-06T10:46:36+00:00\",\"description\":\"Klasik \u00e7izgiden modern tasar\u0131ma geni\u015f \u00fcr\u00fcn yelpazesini b\u00fcnyesinde bar\u0131nd\u0131ran marka profesyonel \u00fcretim ve tasar\u0131m ekibiyle m\u00fc\u015fterilerine her zaman en iyisini sunmaktad\u0131r.\",\"breadcrumb\":{\"@id\":\"https:\/\/demsanahsap.com\/referanslarimiz\/#breadcrumb\"},\"inLanguage\":\"en-US\",\"potentialAction\":[{\"@type\":\"ReadAction\",\"target\":[\"https:\/\/demsanahsap.com\/referanslarimiz\/\"]}]},{\"@type\":\"BreadcrumbList\",\"@id\":\"https:\/\/demsanahsap.com\/referanslarimiz\/#breadcrumb\",\"itemListElement\":[{\"@type\":\"ListItem\",\"position\":1,\"name\":\"Anasayfa\",\"item\":\"https:\/\/demsanahsap.com\/\"},{\"@type\":\"ListItem\",\"position\":2,\"name\":\"Referanslar\u0131m\u0131z\"}]},{\"@type\":\"WebSite\",\"@id\":\"https:\/\/demsanahsap.com\/#website\",\"url\":\"https:\/\/demsanahsap.com\/\",\"name\":\"Demsan Ah\u015fap Mimarl\u0131k\",\"description\":\"En iyi tav\u0131rla, en iyi sanat\",\"publisher\":{\"@id\":\"https:\/\/demsanahsap.com\/#organization\"},\"potentialAction\":[{\"@type\":\"SearchAction\",\"target\":{\"@type\":\"EntryPoint\",\"urlTemplate\":\"https:\/\/demsanahsap.com\/?s={search_term_string}\"},\"query-input\":\"required name=search_term_string\"}],\"inLanguage\":\"en-US\"},{\"@type\":\"Organization\",\"@id\":\"https:\/\/demsanahsap.com\/#organization\",\"name\":\"Demsan Ah\u015fap Mimarl\u0131k\",\"url\":\"https:\/\/demsanahsap.com\/\",\"logo\":{\"@type\":\"ImageObject\",\"inLanguage\":\"en-US\",\"@id\":\"https:\/\/demsanahsap.com\/#\/schema\/logo\/image\/\",\"url\":\"https:\/\/demsanahsap.com\/wp-content\/uploads\/2021\/02\/demsanlogo.png\",\"contentUrl\":\"https:\/\/demsanahsap.com\/wp-content\/uploads\/2021\/02\/demsanlogo.png\",\"width\":800,\"height\":128,\"caption\":\"Demsan Ah\u015fap Mimarl\u0131k\"},\"image\":{\"@id\":\"https:\/\/demsanahsap.com\/#\/schema\/logo\/image\/\"},\"sameAs\":[\"https:\/\/www.instagram.com\/demsanahsap\/\",\"https:\/\/tr.pinterest.com\/demsanahsap\"]}]}<\/script>\n<!-- \/ Yoast SEO plugin. -->","yoast_head_json":{"title":"Referanslar\u0131m\u0131z | Demsan Ah\u015fap Mimarl\u0131k","description":"Klasik \u00e7izgiden modern tasar\u0131ma geni\u015f \u00fcr\u00fcn yelpazesini b\u00fcnyesinde bar\u0131nd\u0131ran marka profesyonel \u00fcretim ve tasar\u0131m ekibiyle m\u00fc\u015fterilerine her zaman en iyisini sunmaktad\u0131r.","robots":{"index":"index","follow":"follow","max-snippet":"max-snippet:-1","max-image-preview":"max-image-preview:large","max-video-preview":"max-video-preview:-1"},"canonical":"https:\/\/demsanahsap.com\/en\/referanslarimiz\/","og_locale":"en_US","og_type":"article","og_title":"Referanslar\u0131m\u0131z | Demsan Ah\u015fap Mimarl\u0131k","og_description":"Klasik \u00e7izgiden modern tasar\u0131ma geni\u015f \u00fcr\u00fcn yelpazesini b\u00fcnyesinde bar\u0131nd\u0131ran marka profesyonel \u00fcretim ve tasar\u0131m ekibiyle m\u00fc\u015fterilerine her zaman en iyisini sunmaktad\u0131r.","og_url":"https:\/\/demsanahsap.com\/en\/referanslarimiz\/","og_site_name":"Demsan Ah\u015fap Mimarl\u0131k","article_modified_time":"2021-04-06T10:46:36+00:00","twitter_card":"summary_large_image","twitter_misc":{"Est. reading time":"2 minutes"},"schema":{"@context":"https:\/\/schema.org","@graph":[{"@type":"WebPage","@id":"https:\/\/demsanahsap.com\/referanslarimiz\/","url":"https:\/\/demsanahsap.com\/referanslarimiz\/","name":"Referanslar\u0131m\u0131z | Demsan Ah\u015fap Mimarl\u0131k","isPartOf":{"@id":"https:\/\/demsanahsap.com\/#website"},"datePublished":"2021-04-01T16:11:43+00:00","dateModified":"2021-04-06T10:46:36+00:00","description":"Klasik \u00e7izgiden modern tasar\u0131ma geni\u015f \u00fcr\u00fcn yelpazesini b\u00fcnyesinde bar\u0131nd\u0131ran marka profesyonel \u00fcretim ve tasar\u0131m ekibiyle m\u00fc\u015fterilerine her zaman en iyisini sunmaktad\u0131r.","breadcrumb":{"@id":"https:\/\/demsanahsap.com\/referanslarimiz\/#breadcrumb"},"inLanguage":"en-US","potentialAction":[{"@type":"ReadAction","target":["https:\/\/demsanahsap.com\/referanslarimiz\/"]}]},{"@type":"BreadcrumbList","@id":"https:\/\/demsanahsap.com\/referanslarimiz\/#breadcrumb","itemListElement":[{"@type":"ListItem","position":1,"name":"Anasayfa","item":"https:\/\/demsanahsap.com\/"},{"@type":"ListItem","position":2,"name":"Referanslar\u0131m\u0131z"}]},{"@type":"WebSite","@id":"https:\/\/demsanahsap.com\/#website","url":"https:\/\/demsanahsap.com\/","name":"Demsan Ah\u015fap Mimarl\u0131k","description":"En iyi tav\u0131rla, en iyi sanat","publisher":{"@id":"https:\/\/demsanahsap.com\/#organization"},"potentialAction":[{"@type":"SearchAction","target":{"@type":"EntryPoint","urlTemplate":"https:\/\/demsanahsap.com\/?s={search_term_string}"},"query-input":"required name=search_term_string"}],"inLanguage":"en-US"},{"@type":"Organization","@id":"https:\/\/demsanahsap.com\/#organization","name":"Demsan Ah\u015fap Mimarl\u0131k","url":"https:\/\/demsanahsap.com\/","logo":{"@type":"ImageObject","inLanguage":"en-US","@id":"https:\/\/demsanahsap.com\/#\/schema\/logo\/image\/","url":"https:\/\/demsanahsap.com\/wp-content\/uploads\/2021\/02\/demsanlogo.png","contentUrl":"https:\/\/demsanahsap.com\/wp-content\/uploads\/2021\/02\/demsanlogo.png","width":800,"height":128,"caption":"Demsan Ah\u015fap Mimarl\u0131k"},"image":{"@id":"https:\/\/demsanahsap.com\/#\/schema\/logo\/image\/"},"sameAs":["https:\/\/www.instagram.com\/demsanahsap\/","https:\/\/tr.pinterest.com\/demsanahsap"]}]}},"_links":{"self":[{"href":"https:\/\/demsanahsap.com\/en\/wp-json\/wp\/v2\/pages\/3940","targetHints":{"allow":["GET"]}}],"collection":[{"href":"https:\/\/demsanahsap.com\/en\/wp-json\/wp\/v2\/pages"}],"about":[{"href":"https:\/\/demsanahsap.com\/en\/wp-json\/wp\/v2\/types\/page"}],"author":[{"embeddable":true,"href":"https:\/\/demsanahsap.com\/en\/wp-json\/wp\/v2\/users\/1"}],"replies":[{"embeddable":true,"href":"https:\/\/demsanahsap.com\/en\/wp-json\/wp\/v2\/comments?post=3940"}],"version-history":[{"count":33,"href":"https:\/\/demsanahsap.com\/en\/wp-json\/wp\/v2\/pages\/3940\/revisions"}],"predecessor-version":[{"id":4508,"href":"https:\/\/demsanahsap.com\/en\/wp-json\/wp\/v2\/pages\/3940\/revisions\/4508"}],"wp:attachment":[{"href":"https:\/\/demsanahsap.com\/en\/wp-json\/wp\/v2\/media?parent=3940"}],"curies":[{"name":"wp","href":"https:\/\/api.w.org\/{rel}","templated":true}]}}