{"id":3860,"date":"2021-04-01T13:55:39","date_gmt":"2021-04-01T10:55:39","guid":{"rendered":"https:\/\/demsanmobilya.com.tr\/?page_id=3860"},"modified":"2021-04-06T13:34:44","modified_gmt":"2021-04-06T10:34:44","slug":"is-ortaklarimiz","status":"publish","type":"page","link":"https:\/\/demsanahsap.com\/en\/is-ortaklarimiz\/","title":{"rendered":"Our Partners"},"content":{"rendered":"<section class=\"l-section wpb_row height_medium\"><div class=\"l-section-h i-cf\"><div class=\"g-cols vc_row type_default valign_top\"><div class=\"vc_col-sm-10 wpb_column vc_column_container animate_afb\" style=\"animation-delay:0.5s\"><div class=\"vc_column-inner\"><div class=\"wpb_wrapper\"><div class=\"wpb_text_column\" ><div class=\"wpb_wrapper\"><h1>Our Partners<\/h1>\n<\/div><\/div><div class=\"w-separator size_medium\"><\/div><div class=\"wpb_text_column\" ><div class=\"wpb_wrapper\"><p>For Demsan, priority is always quality. It elaborates to working with leading companies that shares the same vision in both domestic and imported products in the field.<\/p>\n<\/div><\/div><\/div><\/div><\/div><div class=\"vc_col-sm-2 wpb_column vc_column_container\"><div class=\"vc_column-inner\"><div class=\"wpb_wrapper\"><\/div><\/div><\/div><\/div><\/div><\/section><section class=\"l-section wpb_row height_auto\"><div class=\"l-section-h i-cf\"><div class=\"g-cols vc_row type_default valign_top\"><div class=\"vc_col-sm-1\/5 wpb_column vc_column_container animate_afb\" style=\"animation-delay:1s\"><div class=\"vc_column-inner\"><div class=\"wpb_wrapper\"><div class=\"wpb_text_column\" ><div class=\"wpb_wrapper\"><h6>Blum<\/h6>\n<\/div><\/div><div class=\"w-image align_none\"><div class=\"w-image-h\"><img loading=\"lazy\" decoding=\"async\" width=\"180\" height=\"50\" src=\"https:\/\/demsanahsap.com\/wp-content\/uploads\/2021\/03\/blum-1-180x50.jpg\" class=\"attachment-us_180_50 size-us_180_50\" alt=\"\" srcset=\"https:\/\/demsanahsap.com\/wp-content\/uploads\/2021\/03\/blum-1.jpg 180w, https:\/\/demsanahsap.com\/wp-content\/uploads\/2021\/03\/blum-1-16x4.jpg 16w\" sizes=\"auto, (max-width: 180px) 100vw, 180px\" \/><\/div><\/div><div class=\"w-separator size_small\"><\/div><div class=\"wpb_text_column\" ><div class=\"wpb_wrapper\"><h6>Kastamonu Entegre<\/h6>\n<\/div><\/div><div class=\"w-image align_none\"><div class=\"w-image-h\"><img loading=\"lazy\" decoding=\"async\" width=\"180\" height=\"50\" src=\"https:\/\/demsanahsap.com\/wp-content\/uploads\/2021\/03\/kastamonuentegre-180x50.jpg\" class=\"attachment-us_180_50 size-us_180_50\" alt=\"\" srcset=\"https:\/\/demsanahsap.com\/wp-content\/uploads\/2021\/03\/kastamonuentegre.jpg 180w, https:\/\/demsanahsap.com\/wp-content\/uploads\/2021\/03\/kastamonuentegre-16x4.jpg 16w\" sizes=\"auto, (max-width: 180px) 100vw, 180px\" \/><\/div><\/div><div class=\"w-separator size_small\"><\/div><div class=\"wpb_text_column\" ><div class=\"wpb_wrapper\"><h6>Smeg<\/h6>\n<\/div><\/div><div class=\"w-image align_none\"><div class=\"w-image-h\"><img loading=\"lazy\" decoding=\"async\" width=\"180\" height=\"50\" src=\"https:\/\/demsanahsap.com\/wp-content\/uploads\/2021\/03\/smeg-180x50.jpg\" class=\"attachment-us_180_50 size-us_180_50\" alt=\"\" srcset=\"https:\/\/demsanahsap.com\/wp-content\/uploads\/2021\/03\/smeg.jpg 180w, https:\/\/demsanahsap.com\/wp-content\/uploads\/2021\/03\/smeg-16x4.jpg 16w\" sizes=\"auto, (max-width: 180px) 100vw, 180px\" \/><\/div><\/div><div class=\"w-separator size_small\"><\/div><div class=\"wpb_text_column\" ><div class=\"wpb_wrapper\"><h6>Faber<\/h6>\n<\/div><\/div><div class=\"w-image align_none\"><div class=\"w-image-h\"><img loading=\"lazy\" decoding=\"async\" width=\"180\" height=\"50\" src=\"https:\/\/demsanahsap.com\/wp-content\/uploads\/2021\/03\/faber-180x50.jpg\" class=\"attachment-us_180_50 size-us_180_50\" alt=\"\" srcset=\"https:\/\/demsanahsap.com\/wp-content\/uploads\/2021\/03\/faber.jpg 180w, https:\/\/demsanahsap.com\/wp-content\/uploads\/2021\/03\/faber-16x4.jpg 16w\" sizes=\"auto, (max-width: 180px) 100vw, 180px\" \/><\/div><\/div><div class=\"w-separator size_small\"><\/div><div class=\"wpb_text_column\" ><div class=\"wpb_wrapper\"><h6>Vitra<\/h6>\n<\/div><\/div><div class=\"w-image align_none\"><div class=\"w-image-h\"><img loading=\"lazy\" decoding=\"async\" width=\"180\" height=\"50\" src=\"https:\/\/demsanahsap.com\/wp-content\/uploads\/2021\/03\/vitra-180x50.jpg\" class=\"attachment-us_180_50 size-us_180_50\" alt=\"\" srcset=\"https:\/\/demsanahsap.com\/wp-content\/uploads\/2021\/03\/vitra.jpg 180w, https:\/\/demsanahsap.com\/wp-content\/uploads\/2021\/03\/vitra-16x4.jpg 16w\" sizes=\"auto, (max-width: 180px) 100vw, 180px\" \/><\/div><\/div><\/div><\/div><\/div><div class=\"vc_col-sm-1\/5 wpb_column vc_column_container animate_afb\" style=\"animation-delay:1s\"><div class=\"vc_column-inner\"><div class=\"wpb_wrapper\"><div class=\"wpb_text_column\" ><div class=\"wpb_wrapper\"><h6>Akzo Nobel<\/h6>\n<\/div><\/div><div class=\"w-image align_none\"><div class=\"w-image-h\"><img loading=\"lazy\" decoding=\"async\" width=\"180\" height=\"50\" src=\"https:\/\/demsanahsap.com\/wp-content\/uploads\/2021\/03\/akzonobel-180x50.jpg\" class=\"attachment-us_180_50 size-us_180_50\" alt=\"\" srcset=\"https:\/\/demsanahsap.com\/wp-content\/uploads\/2021\/03\/akzonobel.jpg 180w, https:\/\/demsanahsap.com\/wp-content\/uploads\/2021\/03\/akzonobel-16x4.jpg 16w\" sizes=\"auto, (max-width: 180px) 100vw, 180px\" \/><\/div><\/div><div class=\"w-separator size_small\"><\/div><div class=\"wpb_text_column\" ><div class=\"wpb_wrapper\"><h6>\u00c7amsan<\/h6>\n<\/div><\/div><div class=\"w-image align_none\"><div class=\"w-image-h\"><img loading=\"lazy\" decoding=\"async\" width=\"180\" height=\"50\" src=\"https:\/\/demsanahsap.com\/wp-content\/uploads\/2021\/03\/camsan-180x50.jpg\" class=\"attachment-us_180_50 size-us_180_50\" alt=\"\" srcset=\"https:\/\/demsanahsap.com\/wp-content\/uploads\/2021\/03\/camsan.jpg 180w, https:\/\/demsanahsap.com\/wp-content\/uploads\/2021\/03\/camsan-16x4.jpg 16w\" sizes=\"auto, (max-width: 180px) 100vw, 180px\" \/><\/div><\/div><div class=\"w-separator size_small\"><\/div><div class=\"wpb_text_column\" ><div class=\"wpb_wrapper\"><h6>Franke<\/h6>\n<\/div><\/div><div class=\"w-image align_none\"><div class=\"w-image-h\"><img loading=\"lazy\" decoding=\"async\" width=\"180\" height=\"50\" src=\"https:\/\/demsanahsap.com\/wp-content\/uploads\/2021\/03\/franke-180x50.jpg\" class=\"attachment-us_180_50 size-us_180_50\" alt=\"\" srcset=\"https:\/\/demsanahsap.com\/wp-content\/uploads\/2021\/03\/franke.jpg 180w, https:\/\/demsanahsap.com\/wp-content\/uploads\/2021\/03\/franke-16x4.jpg 16w\" sizes=\"auto, (max-width: 180px) 100vw, 180px\" \/><\/div><\/div><div class=\"w-separator size_small\"><\/div><div class=\"wpb_text_column\" ><div class=\"wpb_wrapper\"><h6>Feza \u00c7elik<\/h6>\n<\/div><\/div><div class=\"w-image align_none\"><div class=\"w-image-h\"><img loading=\"lazy\" decoding=\"async\" width=\"180\" height=\"50\" src=\"https:\/\/demsanahsap.com\/wp-content\/uploads\/2021\/03\/fezacelik-180x50.jpg\" class=\"attachment-us_180_50 size-us_180_50\" alt=\"\" srcset=\"https:\/\/demsanahsap.com\/wp-content\/uploads\/2021\/03\/fezacelik.jpg 180w, https:\/\/demsanahsap.com\/wp-content\/uploads\/2021\/03\/fezacelik-16x4.jpg 16w\" sizes=\"auto, (max-width: 180px) 100vw, 180px\" \/><\/div><\/div><div class=\"w-separator size_small\"><\/div><div class=\"wpb_text_column\" ><div class=\"wpb_wrapper\"><h6>Samet<\/h6>\n<\/div><\/div><div class=\"w-image align_none\"><div class=\"w-image-h\"><img loading=\"lazy\" decoding=\"async\" width=\"180\" height=\"50\" src=\"https:\/\/demsanahsap.com\/wp-content\/uploads\/2021\/03\/samet-180x50.jpg\" class=\"attachment-us_180_50 size-us_180_50\" alt=\"\" srcset=\"https:\/\/demsanahsap.com\/wp-content\/uploads\/2021\/03\/samet.jpg 180w, https:\/\/demsanahsap.com\/wp-content\/uploads\/2021\/03\/samet-16x4.jpg 16w\" sizes=\"auto, (max-width: 180px) 100vw, 180px\" \/><\/div><\/div><\/div><\/div><\/div><div class=\"vc_col-sm-1\/5 wpb_column vc_column_container animate_afb\" style=\"animation-delay:1s\"><div class=\"vc_column-inner\"><div class=\"wpb_wrapper\"><div class=\"wpb_text_column\" ><div class=\"wpb_wrapper\"><h6>Hafele<\/h6>\n<\/div><\/div><div class=\"w-image align_none\"><div class=\"w-image-h\"><img loading=\"lazy\" decoding=\"async\" width=\"180\" height=\"50\" src=\"https:\/\/demsanahsap.com\/wp-content\/uploads\/2021\/03\/hafele-180x50.jpg\" class=\"attachment-us_180_50 size-us_180_50\" alt=\"\" srcset=\"https:\/\/demsanahsap.com\/wp-content\/uploads\/2021\/03\/hafele.jpg 180w, https:\/\/demsanahsap.com\/wp-content\/uploads\/2021\/03\/hafele-16x4.jpg 16w\" sizes=\"auto, (max-width: 180px) 100vw, 180px\" \/><\/div><\/div><div class=\"w-separator size_small\"><\/div><div class=\"wpb_text_column\" ><div class=\"wpb_wrapper\"><h6>Opike<\/h6>\n<\/div><\/div><div class=\"w-image align_none\"><div class=\"w-image-h\"><img loading=\"lazy\" decoding=\"async\" width=\"180\" height=\"50\" src=\"https:\/\/demsanahsap.com\/wp-content\/uploads\/2021\/03\/opike-180x50.jpg\" class=\"attachment-us_180_50 size-us_180_50\" alt=\"\" srcset=\"https:\/\/demsanahsap.com\/wp-content\/uploads\/2021\/03\/opike.jpg 180w, https:\/\/demsanahsap.com\/wp-content\/uploads\/2021\/03\/opike-16x4.jpg 16w\" sizes=\"auto, (max-width: 180px) 100vw, 180px\" \/><\/div><\/div><div class=\"w-separator size_small\"><\/div><div class=\"wpb_text_column\" ><div class=\"wpb_wrapper\"><h6>Dominox<\/h6>\n<\/div><\/div><div class=\"w-image align_none\"><div class=\"w-image-h\"><img loading=\"lazy\" decoding=\"async\" width=\"180\" height=\"50\" src=\"https:\/\/demsanahsap.com\/wp-content\/uploads\/2021\/03\/dominox-180x50.jpg\" class=\"attachment-us_180_50 size-us_180_50\" alt=\"\" srcset=\"https:\/\/demsanahsap.com\/wp-content\/uploads\/2021\/03\/dominox.jpg 180w, https:\/\/demsanahsap.com\/wp-content\/uploads\/2021\/03\/dominox-16x4.jpg 16w\" sizes=\"auto, (max-width: 180px) 100vw, 180px\" \/><\/div><\/div><div class=\"w-separator size_small\"><\/div><div class=\"wpb_text_column\" ><div class=\"wpb_wrapper\"><h6>GranitStone<\/h6>\n<\/div><\/div><div class=\"w-image align_none\"><div class=\"w-image-h\"><img loading=\"lazy\" decoding=\"async\" width=\"180\" height=\"50\" src=\"https:\/\/demsanahsap.com\/wp-content\/uploads\/2021\/03\/granitstone-180x50.jpg\" class=\"attachment-us_180_50 size-us_180_50\" alt=\"\" srcset=\"https:\/\/demsanahsap.com\/wp-content\/uploads\/2021\/03\/granitstone.jpg 180w, https:\/\/demsanahsap.com\/wp-content\/uploads\/2021\/03\/granitstone-16x4.jpg 16w\" sizes=\"auto, (max-width: 180px) 100vw, 180px\" \/><\/div><\/div><div class=\"w-separator size_small\"><\/div><\/div><\/div><\/div><div class=\"vc_col-sm-1\/5 wpb_column vc_column_container animate_afb\" style=\"animation-delay:1s\"><div class=\"vc_column-inner\"><div class=\"wpb_wrapper\"><div class=\"wpb_text_column\" ><div class=\"wpb_wrapper\"><h6>Atla<\/h6>\n<\/div><\/div><div class=\"w-image align_none\"><div class=\"w-image-h\"><img loading=\"lazy\" decoding=\"async\" width=\"180\" height=\"50\" src=\"https:\/\/demsanahsap.com\/wp-content\/uploads\/2021\/03\/atla-180x50.jpg\" class=\"attachment-us_180_50 size-us_180_50\" alt=\"\" srcset=\"https:\/\/demsanahsap.com\/wp-content\/uploads\/2021\/03\/atla.jpg 180w, https:\/\/demsanahsap.com\/wp-content\/uploads\/2021\/03\/atla-16x4.jpg 16w\" sizes=\"auto, (max-width: 180px) 100vw, 180px\" \/><\/div><\/div><div class=\"w-separator size_small\"><\/div><div class=\"wpb_text_column\" ><div class=\"wpb_wrapper\"><h6>\u0130stanbul Paslanmaz \u00c7elik<\/h6>\n<\/div><\/div><div class=\"w-image align_none\"><div class=\"w-image-h\"><img loading=\"lazy\" decoding=\"async\" width=\"180\" height=\"50\" src=\"https:\/\/demsanahsap.com\/wp-content\/uploads\/2021\/03\/istanbul-paslanmaz-180x50.jpg\" class=\"attachment-us_180_50 size-us_180_50\" alt=\"\" srcset=\"https:\/\/demsanahsap.com\/wp-content\/uploads\/2021\/03\/istanbul-paslanmaz.jpg 180w, https:\/\/demsanahsap.com\/wp-content\/uploads\/2021\/03\/istanbul-paslanmaz-16x4.jpg 16w\" sizes=\"auto, (max-width: 180px) 100vw, 180px\" \/><\/div><\/div><div class=\"w-separator size_small\"><\/div><div class=\"wpb_text_column\" ><div class=\"wpb_wrapper\"><h6>Elleci<\/h6>\n<\/div><\/div><div class=\"w-image align_none\"><div class=\"w-image-h\"><img loading=\"lazy\" decoding=\"async\" width=\"180\" height=\"50\" src=\"https:\/\/demsanahsap.com\/wp-content\/uploads\/2021\/03\/elleci-180x50.jpg\" class=\"attachment-us_180_50 size-us_180_50\" alt=\"\" srcset=\"https:\/\/demsanahsap.com\/wp-content\/uploads\/2021\/03\/elleci.jpg 180w, https:\/\/demsanahsap.com\/wp-content\/uploads\/2021\/03\/elleci-16x4.jpg 16w\" sizes=\"auto, (max-width: 180px) 100vw, 180px\" \/><\/div><\/div><div class=\"w-separator size_small\"><\/div><div class=\"wpb_text_column\" ><div class=\"wpb_wrapper\"><h6>Ara Design<\/h6>\n<\/div><\/div><div class=\"w-image align_none\"><div class=\"w-image-h\"><img loading=\"lazy\" decoding=\"async\" width=\"180\" height=\"50\" src=\"https:\/\/demsanahsap.com\/wp-content\/uploads\/2021\/03\/aratasarim-180x50.jpg\" class=\"attachment-us_180_50 size-us_180_50\" alt=\"\" srcset=\"https:\/\/demsanahsap.com\/wp-content\/uploads\/2021\/03\/aratasarim.jpg 180w, https:\/\/demsanahsap.com\/wp-content\/uploads\/2021\/03\/aratasarim-16x4.jpg 16w\" sizes=\"auto, (max-width: 180px) 100vw, 180px\" \/><\/div><\/div><div class=\"w-separator size_small\"><\/div><\/div><\/div><\/div><div class=\"vc_col-sm-1\/5 wpb_column vc_column_container animate_afb\" style=\"animation-delay:1s\"><div class=\"vc_column-inner\"><div class=\"wpb_wrapper\"><div class=\"wpb_text_column\" ><div class=\"wpb_wrapper\"><h6>Y\u0131ld\u0131z Entegre<\/h6>\n<\/div><\/div><div class=\"w-image align_none\"><div class=\"w-image-h\"><img loading=\"lazy\" decoding=\"async\" width=\"180\" height=\"50\" src=\"https:\/\/demsanahsap.com\/wp-content\/uploads\/2021\/03\/yildizentegre-180x50.jpg\" class=\"attachment-us_180_50 size-us_180_50\" alt=\"\" srcset=\"https:\/\/demsanahsap.com\/wp-content\/uploads\/2021\/03\/yildizentegre.jpg 180w, https:\/\/demsanahsap.com\/wp-content\/uploads\/2021\/03\/yildizentegre-16x4.jpg 16w\" sizes=\"auto, (max-width: 180px) 100vw, 180px\" \/><\/div><\/div><div class=\"w-separator size_small\"><\/div><div class=\"wpb_text_column\" ><div class=\"wpb_wrapper\"><h6>Y\u00fcnsel Lazer<\/h6>\n<\/div><\/div><div class=\"w-image align_none\"><div class=\"w-image-h\"><img loading=\"lazy\" decoding=\"async\" width=\"180\" height=\"50\" src=\"https:\/\/demsanahsap.com\/wp-content\/uploads\/2021\/03\/yunsel-180x50.jpg\" class=\"attachment-us_180_50 size-us_180_50\" alt=\"\" srcset=\"https:\/\/demsanahsap.com\/wp-content\/uploads\/2021\/03\/yunsel.jpg 180w, https:\/\/demsanahsap.com\/wp-content\/uploads\/2021\/03\/yunsel-16x4.jpg 16w\" sizes=\"auto, (max-width: 180px) 100vw, 180px\" \/><\/div><\/div><div class=\"w-separator size_small\"><\/div><div class=\"wpb_text_column\" ><div class=\"wpb_wrapper\"><h6>Falmec<\/h6>\n<\/div><\/div><div class=\"w-image align_none\"><div class=\"w-image-h\"><img loading=\"lazy\" decoding=\"async\" width=\"180\" height=\"50\" src=\"https:\/\/demsanahsap.com\/wp-content\/uploads\/2021\/03\/falmec-180x50.jpg\" class=\"attachment-us_180_50 size-us_180_50\" alt=\"\" srcset=\"https:\/\/demsanahsap.com\/wp-content\/uploads\/2021\/03\/falmec.jpg 180w, https:\/\/demsanahsap.com\/wp-content\/uploads\/2021\/03\/falmec-16x4.jpg 16w\" sizes=\"auto, (max-width: 180px) 100vw, 180px\" \/><\/div><\/div><div class=\"w-separator size_small\"><\/div><div class=\"wpb_text_column\" ><div class=\"wpb_wrapper\"><h6>Lider Elektrik<\/h6>\n<\/div><\/div><div class=\"w-image align_none\"><div class=\"w-image-h\"><img loading=\"lazy\" decoding=\"async\" width=\"180\" height=\"50\" src=\"https:\/\/demsanahsap.com\/wp-content\/uploads\/2021\/03\/Lider-Elektrik-180x50.jpg\" class=\"attachment-us_180_50 size-us_180_50\" alt=\"\" srcset=\"https:\/\/demsanahsap.com\/wp-content\/uploads\/2021\/03\/Lider-Elektrik.jpg 180w, https:\/\/demsanahsap.com\/wp-content\/uploads\/2021\/03\/Lider-Elektrik-16x4.jpg 16w\" sizes=\"auto, (max-width: 180px) 100vw, 180px\" \/><\/div><\/div><div class=\"w-separator size_small\"><\/div><\/div><\/div><\/div><\/div><\/div><\/section><section class=\"l-section wpb_row height_medium width_full\"><div class=\"l-section-h i-cf\"><div class=\"g-cols vc_row type_default valign_top\"><div class=\"vc_col-sm-12 wpb_column vc_column_container\"><div class=\"vc_column-inner\"><div class=\"wpb_wrapper\"><section class=\"l-section wpb_row height_medium\"><div class=\"l-section-h i-cf\"><div class=\"g-cols vc_row type_default valign_top\"><div class=\"vc_col-sm-12 wpb_column vc_column_container animate_afb\"><div class=\"vc_column-inner\"><div class=\"wpb_wrapper\"><div class=\"wpb_text_column\" ><div class=\"wpb_wrapper\"><h2>Need more details?<\/h2>\n<\/div><\/div><\/div><\/div><\/div><\/div><\/div><\/section><section class=\"l-section wpb_row height_medium color_alternate\"><div class=\"l-section-h i-cf\"><div class=\"g-cols vc_row type_default valign_top\"><div class=\"vc_col-sm-6 wpb_column vc_column_container animate_fade\"><div class=\"vc_column-inner\"><div class=\"wpb_wrapper\"><div class=\"wpb_text_column\" ><div class=\"wpb_wrapper\"><h3><a href=\"mailto:info@demsanahsap.com\">info@demsanahsap.com<\/a><\/h3>\n<\/div><\/div><\/div><\/div><\/div><div class=\"vc_col-sm-4 wpb_column vc_column_container animate_afb\" style=\"animation-delay:0.25s\"><div class=\"vc_column-inner\"><div class=\"wpb_wrapper\"><div class=\"wpb_text_column\" ><div class=\"wpb_wrapper\"><h6>Make your dream projects come true with expert team support.<\/h6>\n<\/div><\/div><\/div><\/div><\/div><\/div><\/div><\/section>\n<\/div><\/div><\/div><\/div><\/div><\/section>","protected":false},"excerpt":{"rendered":"\u0130\u015f Ortaklar\u0131m\u0131z Demsan i\u00e7in \u00f6ncelik her zaman kalitedir. Gerek yerli gerekse ithal \u00fcr\u00fcnlerde ayn\u0131 vizyonu payla\u015ft\u0131\u011f\u0131, alan\u0131nda lider firmalarla \u00e7al\u0131\u015fmaya \u00f6zen g\u00f6sterir. Blum Kastamonu Entegre Smeg Faber Vitra Akzo Nobel \u00c7amsan Franke Feza \u00c7elik Samet Hafele Opike Dominox GranitStone Atla \u0130stanbul Paslanmaz \u00c7elik Elleci Ara Tasar\u0131m Y\u0131ld\u0131z Entegre Y\u00fcnsel Lazer Falmec Lider Elektrik Detayl\u0131 bilgi...","protected":false},"author":1,"featured_media":0,"parent":0,"menu_order":0,"comment_status":"closed","ping_status":"closed","template":"","meta":{"footnotes":""},"class_list":["post-3860","page","type-page","status-publish","hentry"],"yoast_head":"<!-- This site is optimized with the Yoast SEO plugin v21.1 - https:\/\/yoast.com\/wordpress\/plugins\/seo\/ -->\n<title>\u0130\u015f Ortaklar\u0131m\u0131z | Demsan Ah\u015fap Mimarl\u0131k<\/title>\n<meta name=\"description\" content=\"Demsan i\u00e7in \u00f6ncelik her zaman kalitedir. Gerek yerli gerekse ithal \u00fcr\u00fcnlerde ayn\u0131 vizyonu payla\u015ft\u0131\u011f\u0131, alan\u0131nda lider firmalarla \u00e7al\u0131\u015fmaya \u00f6zen g\u00f6sterir.\" \/>\n<meta name=\"robots\" content=\"index, follow, max-snippet:-1, max-image-preview:large, max-video-preview:-1\" \/>\n<link rel=\"canonical\" href=\"https:\/\/demsanahsap.com\/en\/is-ortaklarimiz\/\" \/>\n<meta property=\"og:locale\" content=\"en_US\" \/>\n<meta property=\"og:type\" content=\"article\" \/>\n<meta property=\"og:title\" content=\"\u0130\u015f Ortaklar\u0131m\u0131z | Demsan Ah\u015fap Mimarl\u0131k\" \/>\n<meta property=\"og:description\" content=\"Demsan i\u00e7in \u00f6ncelik her zaman kalitedir. Gerek yerli gerekse ithal \u00fcr\u00fcnlerde ayn\u0131 vizyonu payla\u015ft\u0131\u011f\u0131, alan\u0131nda lider firmalarla \u00e7al\u0131\u015fmaya \u00f6zen g\u00f6sterir.\" \/>\n<meta property=\"og:url\" content=\"https:\/\/demsanahsap.com\/en\/is-ortaklarimiz\/\" \/>\n<meta property=\"og:site_name\" content=\"Demsan Ah\u015fap Mimarl\u0131k\" \/>\n<meta property=\"article:modified_time\" content=\"2021-04-06T10:34:44+00:00\" \/>\n<meta name=\"twitter:card\" content=\"summary_large_image\" \/>\n<meta name=\"twitter:label1\" content=\"Est. reading time\" \/>\n\t<meta name=\"twitter:data1\" content=\"1 minute\" \/>\n<script type=\"application\/ld+json\" class=\"yoast-schema-graph\">{\"@context\":\"https:\/\/schema.org\",\"@graph\":[{\"@type\":\"WebPage\",\"@id\":\"https:\/\/demsanahsap.com\/is-ortaklarimiz\/\",\"url\":\"https:\/\/demsanahsap.com\/is-ortaklarimiz\/\",\"name\":\"\u0130\u015f Ortaklar\u0131m\u0131z | Demsan Ah\u015fap Mimarl\u0131k\",\"isPartOf\":{\"@id\":\"https:\/\/demsanahsap.com\/#website\"},\"datePublished\":\"2021-04-01T10:55:39+00:00\",\"dateModified\":\"2021-04-06T10:34:44+00:00\",\"description\":\"Demsan i\u00e7in \u00f6ncelik her zaman kalitedir. Gerek yerli gerekse ithal \u00fcr\u00fcnlerde ayn\u0131 vizyonu payla\u015ft\u0131\u011f\u0131, alan\u0131nda lider firmalarla \u00e7al\u0131\u015fmaya \u00f6zen g\u00f6sterir.\",\"breadcrumb\":{\"@id\":\"https:\/\/demsanahsap.com\/is-ortaklarimiz\/#breadcrumb\"},\"inLanguage\":\"en-US\",\"potentialAction\":[{\"@type\":\"ReadAction\",\"target\":[\"https:\/\/demsanahsap.com\/is-ortaklarimiz\/\"]}]},{\"@type\":\"BreadcrumbList\",\"@id\":\"https:\/\/demsanahsap.com\/is-ortaklarimiz\/#breadcrumb\",\"itemListElement\":[{\"@type\":\"ListItem\",\"position\":1,\"name\":\"Anasayfa\",\"item\":\"https:\/\/demsanahsap.com\/\"},{\"@type\":\"ListItem\",\"position\":2,\"name\":\"\u0130\u015f Ortaklar\u0131m\u0131z\"}]},{\"@type\":\"WebSite\",\"@id\":\"https:\/\/demsanahsap.com\/#website\",\"url\":\"https:\/\/demsanahsap.com\/\",\"name\":\"Demsan Ah\u015fap Mimarl\u0131k\",\"description\":\"En iyi tav\u0131rla, en iyi sanat\",\"publisher\":{\"@id\":\"https:\/\/demsanahsap.com\/#organization\"},\"potentialAction\":[{\"@type\":\"SearchAction\",\"target\":{\"@type\":\"EntryPoint\",\"urlTemplate\":\"https:\/\/demsanahsap.com\/?s={search_term_string}\"},\"query-input\":\"required name=search_term_string\"}],\"inLanguage\":\"en-US\"},{\"@type\":\"Organization\",\"@id\":\"https:\/\/demsanahsap.com\/#organization\",\"name\":\"Demsan Ah\u015fap Mimarl\u0131k\",\"url\":\"https:\/\/demsanahsap.com\/\",\"logo\":{\"@type\":\"ImageObject\",\"inLanguage\":\"en-US\",\"@id\":\"https:\/\/demsanahsap.com\/#\/schema\/logo\/image\/\",\"url\":\"https:\/\/demsanahsap.com\/wp-content\/uploads\/2021\/02\/demsanlogo.png\",\"contentUrl\":\"https:\/\/demsanahsap.com\/wp-content\/uploads\/2021\/02\/demsanlogo.png\",\"width\":800,\"height\":128,\"caption\":\"Demsan Ah\u015fap Mimarl\u0131k\"},\"image\":{\"@id\":\"https:\/\/demsanahsap.com\/#\/schema\/logo\/image\/\"},\"sameAs\":[\"https:\/\/www.instagram.com\/demsanahsap\/\",\"https:\/\/tr.pinterest.com\/demsanahsap\"]}]}<\/script>\n<!-- \/ Yoast SEO plugin. -->","yoast_head_json":{"title":"\u0130\u015f Ortaklar\u0131m\u0131z | Demsan Ah\u015fap Mimarl\u0131k","description":"Demsan i\u00e7in \u00f6ncelik her zaman kalitedir. Gerek yerli gerekse ithal \u00fcr\u00fcnlerde ayn\u0131 vizyonu payla\u015ft\u0131\u011f\u0131, alan\u0131nda lider firmalarla \u00e7al\u0131\u015fmaya \u00f6zen g\u00f6sterir.","robots":{"index":"index","follow":"follow","max-snippet":"max-snippet:-1","max-image-preview":"max-image-preview:large","max-video-preview":"max-video-preview:-1"},"canonical":"https:\/\/demsanahsap.com\/en\/is-ortaklarimiz\/","og_locale":"en_US","og_type":"article","og_title":"\u0130\u015f Ortaklar\u0131m\u0131z | Demsan Ah\u015fap Mimarl\u0131k","og_description":"Demsan i\u00e7in \u00f6ncelik her zaman kalitedir. Gerek yerli gerekse ithal \u00fcr\u00fcnlerde ayn\u0131 vizyonu payla\u015ft\u0131\u011f\u0131, alan\u0131nda lider firmalarla \u00e7al\u0131\u015fmaya \u00f6zen g\u00f6sterir.","og_url":"https:\/\/demsanahsap.com\/en\/is-ortaklarimiz\/","og_site_name":"Demsan Ah\u015fap Mimarl\u0131k","article_modified_time":"2021-04-06T10:34:44+00:00","twitter_card":"summary_large_image","twitter_misc":{"Est. reading time":"1 minute"},"schema":{"@context":"https:\/\/schema.org","@graph":[{"@type":"WebPage","@id":"https:\/\/demsanahsap.com\/is-ortaklarimiz\/","url":"https:\/\/demsanahsap.com\/is-ortaklarimiz\/","name":"\u0130\u015f Ortaklar\u0131m\u0131z | Demsan Ah\u015fap Mimarl\u0131k","isPartOf":{"@id":"https:\/\/demsanahsap.com\/#website"},"datePublished":"2021-04-01T10:55:39+00:00","dateModified":"2021-04-06T10:34:44+00:00","description":"Demsan i\u00e7in \u00f6ncelik her zaman kalitedir. Gerek yerli gerekse ithal \u00fcr\u00fcnlerde ayn\u0131 vizyonu payla\u015ft\u0131\u011f\u0131, alan\u0131nda lider firmalarla \u00e7al\u0131\u015fmaya \u00f6zen g\u00f6sterir.","breadcrumb":{"@id":"https:\/\/demsanahsap.com\/is-ortaklarimiz\/#breadcrumb"},"inLanguage":"en-US","potentialAction":[{"@type":"ReadAction","target":["https:\/\/demsanahsap.com\/is-ortaklarimiz\/"]}]},{"@type":"BreadcrumbList","@id":"https:\/\/demsanahsap.com\/is-ortaklarimiz\/#breadcrumb","itemListElement":[{"@type":"ListItem","position":1,"name":"Anasayfa","item":"https:\/\/demsanahsap.com\/"},{"@type":"ListItem","position":2,"name":"\u0130\u015f Ortaklar\u0131m\u0131z"}]},{"@type":"WebSite","@id":"https:\/\/demsanahsap.com\/#website","url":"https:\/\/demsanahsap.com\/","name":"Demsan Ah\u015fap Mimarl\u0131k","description":"En iyi tav\u0131rla, en iyi sanat","publisher":{"@id":"https:\/\/demsanahsap.com\/#organization"},"potentialAction":[{"@type":"SearchAction","target":{"@type":"EntryPoint","urlTemplate":"https:\/\/demsanahsap.com\/?s={search_term_string}"},"query-input":"required name=search_term_string"}],"inLanguage":"en-US"},{"@type":"Organization","@id":"https:\/\/demsanahsap.com\/#organization","name":"Demsan Ah\u015fap Mimarl\u0131k","url":"https:\/\/demsanahsap.com\/","logo":{"@type":"ImageObject","inLanguage":"en-US","@id":"https:\/\/demsanahsap.com\/#\/schema\/logo\/image\/","url":"https:\/\/demsanahsap.com\/wp-content\/uploads\/2021\/02\/demsanlogo.png","contentUrl":"https:\/\/demsanahsap.com\/wp-content\/uploads\/2021\/02\/demsanlogo.png","width":800,"height":128,"caption":"Demsan Ah\u015fap Mimarl\u0131k"},"image":{"@id":"https:\/\/demsanahsap.com\/#\/schema\/logo\/image\/"},"sameAs":["https:\/\/www.instagram.com\/demsanahsap\/","https:\/\/tr.pinterest.com\/demsanahsap"]}]}},"_links":{"self":[{"href":"https:\/\/demsanahsap.com\/en\/wp-json\/wp\/v2\/pages\/3860","targetHints":{"allow":["GET"]}}],"collection":[{"href":"https:\/\/demsanahsap.com\/en\/wp-json\/wp\/v2\/pages"}],"about":[{"href":"https:\/\/demsanahsap.com\/en\/wp-json\/wp\/v2\/types\/page"}],"author":[{"embeddable":true,"href":"https:\/\/demsanahsap.com\/en\/wp-json\/wp\/v2\/users\/1"}],"replies":[{"embeddable":true,"href":"https:\/\/demsanahsap.com\/en\/wp-json\/wp\/v2\/comments?post=3860"}],"version-history":[{"count":43,"href":"https:\/\/demsanahsap.com\/en\/wp-json\/wp\/v2\/pages\/3860\/revisions"}],"predecessor-version":[{"id":4505,"href":"https:\/\/demsanahsap.com\/en\/wp-json\/wp\/v2\/pages\/3860\/revisions\/4505"}],"wp:attachment":[{"href":"https:\/\/demsanahsap.com\/en\/wp-json\/wp\/v2\/media?parent=3860"}],"curies":[{"name":"wp","href":"https:\/\/api.w.org\/{rel}","templated":true}]}}