{"id":3849,"date":"2021-04-01T13:28:36","date_gmt":"2021-04-01T10:28:36","guid":{"rendered":"https:\/\/demsanmobilya.com.tr\/?page_id=3849"},"modified":"2021-04-06T13:51:30","modified_gmt":"2021-04-06T10:51:30","slug":"ucretsiz-projelendirme","status":"publish","type":"page","link":"https:\/\/demsanahsap.com\/en\/ucretsiz-projelendirme\/","title":{"rendered":"Free Projecting"},"content":{"rendered":"<section class=\"l-section wpb_row height_medium\"><div class=\"l-section-h i-cf\"><div class=\"g-cols vc_row type_default valign_top\"><div class=\"vc_col-sm-8 wpb_column vc_column_container animate_afb\" style=\"animation-delay:0.5s\"><div class=\"vc_column-inner\"><div class=\"wpb_wrapper\"><div class=\"wpb_text_column\" ><div class=\"wpb_wrapper\"><h2>Free Projecting<\/h2>\n<p class=\" translation-block\">For free project design, it is enough to fill in the contact form and send the <strong> current photo <\/strong> of the place, <strong> size paper <\/strong> with the measures written and <strong> the photo of the model you want <\/strong> from the file upload section below. When your information is received by us, we will get back to you as soon as possible.<\/p>\n<\/div><\/div><div class=\"w-separator size_medium\"><\/div>\n<div class=\"wpcf7 no-js\" id=\"wpcf7-f6-o1\" lang=\"tr-TR\" dir=\"ltr\">\n<div class=\"screen-reader-response\"><p role=\"status\" aria-live=\"polite\" aria-atomic=\"true\"><\/p> <ul><\/ul><\/div>\n<form action=\"\/en\/wp-json\/wp\/v2\/pages\/3849#wpcf7-f6-o1\" method=\"post\" class=\"wpcf7-form init\" aria-label=\"Contact form\" novalidate=\"novalidate\" data-status=\"init\" data-trp-original-action=\"\/en\/wp-json\/wp\/v2\/pages\/3849#wpcf7-f6-o1\">\n<div style=\"display: none;\">\n<input type=\"hidden\" name=\"_wpcf7\" value=\"6\" \/>\n<input type=\"hidden\" name=\"_wpcf7_version\" value=\"5.8\" \/>\n<input type=\"hidden\" name=\"_wpcf7_locale\" value=\"tr_TR\" \/>\n<input type=\"hidden\" name=\"_wpcf7_unit_tag\" value=\"wpcf7-f6-o1\" \/>\n<input type=\"hidden\" name=\"_wpcf7_container_post\" value=\"0\" \/>\n<input type=\"hidden\" name=\"_wpcf7_posted_data_hash\" value=\"\" \/>\n<\/div>\n<p><label> Name and Surname<br \/>\n<span class=\"wpcf7-form-control-wrap\" data-name=\"your-name\"><input size=\"40\" class=\"wpcf7-form-control wpcf7-text wpcf7-validates-as-required\" aria-required=\"true\" aria-invalid=\"false\" value=\"\" type=\"text\" name=\"your-name\" \/><\/span> <\/label>\n<\/p>\n<p><label> E-mail Address<br \/>\n<span class=\"wpcf7-form-control-wrap\" data-name=\"your-email\"><input size=\"40\" class=\"wpcf7-form-control wpcf7-email wpcf7-validates-as-required wpcf7-text wpcf7-validates-as-email\" aria-required=\"true\" aria-invalid=\"false\" value=\"\" type=\"email\" name=\"your-email\" \/><\/span> <\/label>\n<\/p>\n<p><label> Phone Number<br \/>\n<span class=\"wpcf7-form-control-wrap\" data-name=\"tel-890\"><input size=\"40\" class=\"wpcf7-form-control wpcf7-tel wpcf7-validates-as-required wpcf7-text wpcf7-validates-as-tel\" aria-required=\"true\" aria-invalid=\"false\" value=\"+90\" type=\"tel\" name=\"tel-890\" \/><\/span> <\/label>\n<\/p>\n<p><label> Subject<br \/>\n<span class=\"wpcf7-form-control-wrap\" data-name=\"your-subject\"><input size=\"40\" class=\"wpcf7-form-control wpcf7-text wpcf7-validates-as-required\" aria-required=\"true\" aria-invalid=\"false\" value=\"\" type=\"text\" name=\"your-subject\" \/><\/span> <\/label>\n<\/p>\n<p><label> Message<br \/>\n<span class=\"wpcf7-form-control-wrap\" data-name=\"your-message\"><textarea cols=\"40\" rows=\"10\" class=\"wpcf7-form-control wpcf7-textarea\" aria-invalid=\"false\" name=\"your-message\"><\/textarea><\/span> <\/label>\n<\/p>\n<p><label> Files<br \/>\n<em>*Supported formats: .jpeg, .jpg, .pdf, .rar, .zip, .png, .gif File Size Limit: 25 MB<\/em><br \/>\n<span class=\"wpcf7-form-control-wrap\" data-name=\"upload-file-554\"><input size=\"40\" class=\"wpcf7-form-control wpcf7-drag-n-drop-file d-none\" aria-invalid=\"false\" type=\"file\" multiple=\"multiple\" data-name=\"upload-file-554\" data-type=\"gif|png|jpg|jpeg|rar|zip|pdf\" data-limit=\"26214400\" data-min=\"0\" data-max=\"15\" data-id=\"6\" data-version=\"free version 1.3.7.2\" accept=\".gif, .png, .jpg, .jpeg, .rar, .zip, .pdf\" \/><\/span><\/label>\n<\/p>\n<p><label><span class=\"wpcf7-form-control-wrap\" data-name=\"acceptance-829\"><span class=\"wpcf7-form-control wpcf7-acceptance\"><span class=\"wpcf7-list-item\"><label><input type=\"checkbox\" name=\"acceptance-829\" value=\"1\" aria-invalid=\"false\" \/><span class=\"wpcf7-list-item-label\">*KVKK ve ayd\u0131nlatma metnini okudum ve kabul ediyorum.<\/span><\/label><\/span><\/span><\/span><\/label>\n<\/p>\n<p><input class=\"wpcf7-form-control wpcf7-submit has-spinner\" type=\"submit\" value=\"Send Message\" \/>\n<\/p><div class=\"wpcf7-response-output\" aria-hidden=\"true\"><\/div>\n<input type=\"hidden\" name=\"trp-form-language\" value=\"en\"\/><\/form>\n<\/div>\n<\/div><\/div><\/div><div class=\"vc_col-sm-4 wpb_column vc_column_container\"><div class=\"vc_column-inner\"><div class=\"wpb_wrapper\"><\/div><\/div><\/div><\/div><\/div><\/section><section class=\"l-section wpb_row height_medium width_full\"><div class=\"l-section-h i-cf\"><div class=\"g-cols vc_row type_default valign_top\"><div class=\"vc_col-sm-12 wpb_column vc_column_container\"><div class=\"vc_column-inner\"><div class=\"wpb_wrapper\"><section class=\"l-section wpb_row height_medium\"><div class=\"l-section-h i-cf\"><div class=\"g-cols vc_row type_default valign_top\"><div class=\"vc_col-sm-12 wpb_column vc_column_container animate_afb\"><div class=\"vc_column-inner\"><div class=\"wpb_wrapper\"><div class=\"wpb_text_column\" ><div class=\"wpb_wrapper\"><h2>Need more details?<\/h2>\n<\/div><\/div><\/div><\/div><\/div><\/div><\/div><\/section><section class=\"l-section wpb_row height_medium color_alternate\"><div class=\"l-section-h i-cf\"><div class=\"g-cols vc_row type_default valign_top\"><div class=\"vc_col-sm-6 wpb_column vc_column_container animate_fade\"><div class=\"vc_column-inner\"><div class=\"wpb_wrapper\"><div class=\"wpb_text_column\" ><div class=\"wpb_wrapper\"><h3><a href=\"mailto:info@demsanahsap.com\">info@demsanahsap.com<\/a><\/h3>\n<\/div><\/div><\/div><\/div><\/div><div class=\"vc_col-sm-4 wpb_column vc_column_container animate_afb\" style=\"animation-delay:0.25s\"><div class=\"vc_column-inner\"><div class=\"wpb_wrapper\"><div class=\"wpb_text_column\" ><div class=\"wpb_wrapper\"><h6>Make your dream projects come true with expert team support.<\/h6>\n<\/div><\/div><\/div><\/div><\/div><\/div><\/div><\/section>\n<\/div><\/div><\/div><\/div><\/div><\/section>","protected":false},"excerpt":{"rendered":"\u00dccretsiz Projelendirme \u00dccretsiz projelendirme i\u00e7in ileti\u015fim formunu doldurup a\u015fa\u011f\u0131da bulunan dosya y\u00fckleme k\u0131sm\u0131ndan mekan\u0131n mevcut foto\u011fraf\u0131n\u0131, \u00f6l\u00e7\u00fclerin yaz\u0131l\u0131 oldu\u011fu \u00f6l\u00e7\u00fc ka\u011f\u0131d\u0131n\u0131 ve istedi\u011finiz modelin foto\u011fraf\u0131n\u0131 g\u00f6ndermeniz yeterlidir. Bilgileriniz taraf\u0131m\u0131za ula\u015ft\u0131\u011f\u0131nda size en k\u0131sa zamanda geri d\u00f6n\u00fc\u015f yap\u0131lacakt\u0131r. Ad\u0131n\u0131z Soyad\u0131n\u0131z E-posta adresiniz Telefon Numaran\u0131z Konu \u0130letiniz Dosyalar *Desteklenen formatlar:.jpeg,.jpg,.pdf,.rar,.zip,.png,.gif Dosya Boyut S\u0131n\u0131r\u0131:25 MB *KVKK ve ayd\u0131nlatma...","protected":false},"author":1,"featured_media":0,"parent":0,"menu_order":0,"comment_status":"closed","ping_status":"closed","template":"","meta":{"footnotes":""},"class_list":["post-3849","page","type-page","status-publish","hentry"],"yoast_head":"<!-- This site is optimized with the Yoast SEO plugin v21.1 - https:\/\/yoast.com\/wordpress\/plugins\/seo\/ -->\n<title>\u00dccretsiz Projelendirme | Demsan Ah\u015fap Mimarl\u0131k<\/title>\n<meta name=\"description\" content=\"\u00dccretsiz projelendirme i\u00e7in ileti\u015fim formunu doldurup a\u015fa\u011f\u0131da bulunan dosya y\u00fckleme k\u0131sm\u0131ndan mekan\u0131n mevcut foto\u011fraf\u0131n\u0131, \u00f6l\u00e7\u00fclerin yaz\u0131l\u0131 oldu\u011fu \u00f6l\u00e7\u00fc ka\u011f\u0131d\u0131n\u0131 ve istedi\u011finiz modelin foto\u011fraf\u0131n\u0131 g\u00f6ndermeniz yeterlidir. Bilgileriniz taraf\u0131m\u0131za ula\u015ft\u0131\u011f\u0131nda size en k\u0131sa zamanda geri d\u00f6n\u00fc\u015f yap\u0131lacakt\u0131r.\" \/>\n<meta name=\"robots\" content=\"index, follow, max-snippet:-1, max-image-preview:large, max-video-preview:-1\" \/>\n<link rel=\"canonical\" href=\"https:\/\/demsanahsap.com\/en\/ucretsiz-projelendirme\/\" \/>\n<meta property=\"og:locale\" content=\"en_US\" \/>\n<meta property=\"og:type\" content=\"article\" \/>\n<meta property=\"og:title\" content=\"\u00dccretsiz Projelendirme | Demsan Ah\u015fap Mimarl\u0131k\" \/>\n<meta property=\"og:description\" content=\"\u00dccretsiz projelendirme i\u00e7in ileti\u015fim formunu doldurup a\u015fa\u011f\u0131da bulunan dosya y\u00fckleme k\u0131sm\u0131ndan mekan\u0131n mevcut foto\u011fraf\u0131n\u0131, \u00f6l\u00e7\u00fclerin yaz\u0131l\u0131 oldu\u011fu \u00f6l\u00e7\u00fc ka\u011f\u0131d\u0131n\u0131 ve istedi\u011finiz modelin foto\u011fraf\u0131n\u0131 g\u00f6ndermeniz yeterlidir. Bilgileriniz taraf\u0131m\u0131za ula\u015ft\u0131\u011f\u0131nda size en k\u0131sa zamanda geri d\u00f6n\u00fc\u015f yap\u0131lacakt\u0131r.\" \/>\n<meta property=\"og:url\" content=\"https:\/\/demsanahsap.com\/en\/ucretsiz-projelendirme\/\" \/>\n<meta property=\"og:site_name\" content=\"Demsan Ah\u015fap Mimarl\u0131k\" \/>\n<meta property=\"article:modified_time\" content=\"2021-04-06T10:51:30+00:00\" \/>\n<meta name=\"twitter:card\" content=\"summary_large_image\" \/>\n<meta name=\"twitter:label1\" content=\"Est. reading time\" \/>\n\t<meta name=\"twitter:data1\" content=\"1 minute\" \/>\n<script type=\"application\/ld+json\" class=\"yoast-schema-graph\">{\"@context\":\"https:\/\/schema.org\",\"@graph\":[{\"@type\":\"WebPage\",\"@id\":\"https:\/\/demsanahsap.com\/ucretsiz-projelendirme\/\",\"url\":\"https:\/\/demsanahsap.com\/ucretsiz-projelendirme\/\",\"name\":\"\u00dccretsiz Projelendirme | Demsan Ah\u015fap Mimarl\u0131k\",\"isPartOf\":{\"@id\":\"https:\/\/demsanahsap.com\/#website\"},\"datePublished\":\"2021-04-01T10:28:36+00:00\",\"dateModified\":\"2021-04-06T10:51:30+00:00\",\"description\":\"\u00dccretsiz projelendirme i\u00e7in ileti\u015fim formunu doldurup a\u015fa\u011f\u0131da bulunan dosya y\u00fckleme k\u0131sm\u0131ndan mekan\u0131n mevcut foto\u011fraf\u0131n\u0131, \u00f6l\u00e7\u00fclerin yaz\u0131l\u0131 oldu\u011fu \u00f6l\u00e7\u00fc ka\u011f\u0131d\u0131n\u0131 ve istedi\u011finiz modelin foto\u011fraf\u0131n\u0131 g\u00f6ndermeniz yeterlidir. Bilgileriniz taraf\u0131m\u0131za ula\u015ft\u0131\u011f\u0131nda size en k\u0131sa zamanda geri d\u00f6n\u00fc\u015f yap\u0131lacakt\u0131r.\",\"breadcrumb\":{\"@id\":\"https:\/\/demsanahsap.com\/ucretsiz-projelendirme\/#breadcrumb\"},\"inLanguage\":\"en-US\",\"potentialAction\":[{\"@type\":\"ReadAction\",\"target\":[\"https:\/\/demsanahsap.com\/ucretsiz-projelendirme\/\"]}]},{\"@type\":\"BreadcrumbList\",\"@id\":\"https:\/\/demsanahsap.com\/ucretsiz-projelendirme\/#breadcrumb\",\"itemListElement\":[{\"@type\":\"ListItem\",\"position\":1,\"name\":\"Anasayfa\",\"item\":\"https:\/\/demsanahsap.com\/\"},{\"@type\":\"ListItem\",\"position\":2,\"name\":\"\u00dccretsiz Projelendirme\"}]},{\"@type\":\"WebSite\",\"@id\":\"https:\/\/demsanahsap.com\/#website\",\"url\":\"https:\/\/demsanahsap.com\/\",\"name\":\"Demsan Ah\u015fap Mimarl\u0131k\",\"description\":\"En iyi tav\u0131rla, en iyi sanat\",\"publisher\":{\"@id\":\"https:\/\/demsanahsap.com\/#organization\"},\"potentialAction\":[{\"@type\":\"SearchAction\",\"target\":{\"@type\":\"EntryPoint\",\"urlTemplate\":\"https:\/\/demsanahsap.com\/?s={search_term_string}\"},\"query-input\":\"required name=search_term_string\"}],\"inLanguage\":\"en-US\"},{\"@type\":\"Organization\",\"@id\":\"https:\/\/demsanahsap.com\/#organization\",\"name\":\"Demsan Ah\u015fap Mimarl\u0131k\",\"url\":\"https:\/\/demsanahsap.com\/\",\"logo\":{\"@type\":\"ImageObject\",\"inLanguage\":\"en-US\",\"@id\":\"https:\/\/demsanahsap.com\/#\/schema\/logo\/image\/\",\"url\":\"https:\/\/demsanahsap.com\/wp-content\/uploads\/2021\/02\/demsanlogo.png\",\"contentUrl\":\"https:\/\/demsanahsap.com\/wp-content\/uploads\/2021\/02\/demsanlogo.png\",\"width\":800,\"height\":128,\"caption\":\"Demsan Ah\u015fap Mimarl\u0131k\"},\"image\":{\"@id\":\"https:\/\/demsanahsap.com\/#\/schema\/logo\/image\/\"},\"sameAs\":[\"https:\/\/www.instagram.com\/demsanahsap\/\",\"https:\/\/tr.pinterest.com\/demsanahsap\"]}]}<\/script>\n<!-- \/ Yoast SEO plugin. -->","yoast_head_json":{"title":"\u00dccretsiz Projelendirme | Demsan Ah\u015fap Mimarl\u0131k","description":"\u00dccretsiz projelendirme i\u00e7in ileti\u015fim formunu doldurup a\u015fa\u011f\u0131da bulunan dosya y\u00fckleme k\u0131sm\u0131ndan mekan\u0131n mevcut foto\u011fraf\u0131n\u0131, \u00f6l\u00e7\u00fclerin yaz\u0131l\u0131 oldu\u011fu \u00f6l\u00e7\u00fc ka\u011f\u0131d\u0131n\u0131 ve istedi\u011finiz modelin foto\u011fraf\u0131n\u0131 g\u00f6ndermeniz yeterlidir. Bilgileriniz taraf\u0131m\u0131za ula\u015ft\u0131\u011f\u0131nda size en k\u0131sa zamanda geri d\u00f6n\u00fc\u015f yap\u0131lacakt\u0131r.","robots":{"index":"index","follow":"follow","max-snippet":"max-snippet:-1","max-image-preview":"max-image-preview:large","max-video-preview":"max-video-preview:-1"},"canonical":"https:\/\/demsanahsap.com\/en\/ucretsiz-projelendirme\/","og_locale":"en_US","og_type":"article","og_title":"\u00dccretsiz Projelendirme | Demsan Ah\u015fap Mimarl\u0131k","og_description":"\u00dccretsiz projelendirme i\u00e7in ileti\u015fim formunu doldurup a\u015fa\u011f\u0131da bulunan dosya y\u00fckleme k\u0131sm\u0131ndan mekan\u0131n mevcut foto\u011fraf\u0131n\u0131, \u00f6l\u00e7\u00fclerin yaz\u0131l\u0131 oldu\u011fu \u00f6l\u00e7\u00fc ka\u011f\u0131d\u0131n\u0131 ve istedi\u011finiz modelin foto\u011fraf\u0131n\u0131 g\u00f6ndermeniz yeterlidir. Bilgileriniz taraf\u0131m\u0131za ula\u015ft\u0131\u011f\u0131nda size en k\u0131sa zamanda geri d\u00f6n\u00fc\u015f yap\u0131lacakt\u0131r.","og_url":"https:\/\/demsanahsap.com\/en\/ucretsiz-projelendirme\/","og_site_name":"Demsan Ah\u015fap Mimarl\u0131k","article_modified_time":"2021-04-06T10:51:30+00:00","twitter_card":"summary_large_image","twitter_misc":{"Est. reading time":"1 minute"},"schema":{"@context":"https:\/\/schema.org","@graph":[{"@type":"WebPage","@id":"https:\/\/demsanahsap.com\/ucretsiz-projelendirme\/","url":"https:\/\/demsanahsap.com\/ucretsiz-projelendirme\/","name":"\u00dccretsiz Projelendirme | Demsan Ah\u015fap Mimarl\u0131k","isPartOf":{"@id":"https:\/\/demsanahsap.com\/#website"},"datePublished":"2021-04-01T10:28:36+00:00","dateModified":"2021-04-06T10:51:30+00:00","description":"\u00dccretsiz projelendirme i\u00e7in ileti\u015fim formunu doldurup a\u015fa\u011f\u0131da bulunan dosya y\u00fckleme k\u0131sm\u0131ndan mekan\u0131n mevcut foto\u011fraf\u0131n\u0131, \u00f6l\u00e7\u00fclerin yaz\u0131l\u0131 oldu\u011fu \u00f6l\u00e7\u00fc ka\u011f\u0131d\u0131n\u0131 ve istedi\u011finiz modelin foto\u011fraf\u0131n\u0131 g\u00f6ndermeniz yeterlidir. Bilgileriniz taraf\u0131m\u0131za ula\u015ft\u0131\u011f\u0131nda size en k\u0131sa zamanda geri d\u00f6n\u00fc\u015f yap\u0131lacakt\u0131r.","breadcrumb":{"@id":"https:\/\/demsanahsap.com\/ucretsiz-projelendirme\/#breadcrumb"},"inLanguage":"en-US","potentialAction":[{"@type":"ReadAction","target":["https:\/\/demsanahsap.com\/ucretsiz-projelendirme\/"]}]},{"@type":"BreadcrumbList","@id":"https:\/\/demsanahsap.com\/ucretsiz-projelendirme\/#breadcrumb","itemListElement":[{"@type":"ListItem","position":1,"name":"Anasayfa","item":"https:\/\/demsanahsap.com\/"},{"@type":"ListItem","position":2,"name":"\u00dccretsiz Projelendirme"}]},{"@type":"WebSite","@id":"https:\/\/demsanahsap.com\/#website","url":"https:\/\/demsanahsap.com\/","name":"Demsan Ah\u015fap Mimarl\u0131k","description":"En iyi tav\u0131rla, en iyi sanat","publisher":{"@id":"https:\/\/demsanahsap.com\/#organization"},"potentialAction":[{"@type":"SearchAction","target":{"@type":"EntryPoint","urlTemplate":"https:\/\/demsanahsap.com\/?s={search_term_string}"},"query-input":"required name=search_term_string"}],"inLanguage":"en-US"},{"@type":"Organization","@id":"https:\/\/demsanahsap.com\/#organization","name":"Demsan Ah\u015fap Mimarl\u0131k","url":"https:\/\/demsanahsap.com\/","logo":{"@type":"ImageObject","inLanguage":"en-US","@id":"https:\/\/demsanahsap.com\/#\/schema\/logo\/image\/","url":"https:\/\/demsanahsap.com\/wp-content\/uploads\/2021\/02\/demsanlogo.png","contentUrl":"https:\/\/demsanahsap.com\/wp-content\/uploads\/2021\/02\/demsanlogo.png","width":800,"height":128,"caption":"Demsan Ah\u015fap Mimarl\u0131k"},"image":{"@id":"https:\/\/demsanahsap.com\/#\/schema\/logo\/image\/"},"sameAs":["https:\/\/www.instagram.com\/demsanahsap\/","https:\/\/tr.pinterest.com\/demsanahsap"]}]}},"_links":{"self":[{"href":"https:\/\/demsanahsap.com\/en\/wp-json\/wp\/v2\/pages\/3849","targetHints":{"allow":["GET"]}}],"collection":[{"href":"https:\/\/demsanahsap.com\/en\/wp-json\/wp\/v2\/pages"}],"about":[{"href":"https:\/\/demsanahsap.com\/en\/wp-json\/wp\/v2\/types\/page"}],"author":[{"embeddable":true,"href":"https:\/\/demsanahsap.com\/en\/wp-json\/wp\/v2\/users\/1"}],"replies":[{"embeddable":true,"href":"https:\/\/demsanahsap.com\/en\/wp-json\/wp\/v2\/comments?post=3849"}],"version-history":[{"count":13,"href":"https:\/\/demsanahsap.com\/en\/wp-json\/wp\/v2\/pages\/3849\/revisions"}],"predecessor-version":[{"id":4512,"href":"https:\/\/demsanahsap.com\/en\/wp-json\/wp\/v2\/pages\/3849\/revisions\/4512"}],"wp:attachment":[{"href":"https:\/\/demsanahsap.com\/en\/wp-json\/wp\/v2\/media?parent=3849"}],"curies":[{"name":"wp","href":"https:\/\/api.w.org\/{rel}","templated":true}]}}