{"id":3199,"date":"2021-04-01T10:12:56","date_gmt":"2021-04-01T07:12:56","guid":{"rendered":"http:\/\/impreza16.us-themes.com\/?page_id=3199"},"modified":"2021-04-06T13:47:43","modified_gmt":"2021-04-06T10:47:43","slug":"portfolyo","status":"publish","type":"page","link":"https:\/\/demsanahsap.com\/en\/portfolyo\/","title":{"rendered":"Portfolio"},"content":{"rendered":"<section class=\"l-section wpb_row height_medium\"><div class=\"l-section-h i-cf\"><div class=\"g-cols vc_row type_default valign_top\"><div class=\"vc_col-sm-12 wpb_column vc_column_container animate_afb\"><div class=\"vc_column-inner\"><div class=\"wpb_wrapper\"><div class=\"wpb_text_column\" ><div class=\"wpb_wrapper\"><h1>Portfolio<\/h1>\n<\/div><\/div><div class=\"w-separator size_medium\"><\/div><div class=\"wpb_text_column\" ><div class=\"wpb_wrapper\"><p>Company that founded in Istanbul has been accomplished important projects in various places in the World and Turkey. We made a collection for the original, quality and useful furniture experiences of the company, which has been serving for more than a quarter of a century, for you.<\/p>\n<\/div><\/div><\/div><\/div><\/div><\/div><\/div><\/section><section class=\"l-section wpb_row height_auto width_full\"><div class=\"l-section-h i-cf\"><div class=\"g-cols vc_row type_default valign_top\"><div class=\"vc_col-sm-12 wpb_column vc_column_container\"><div class=\"vc_column-inner\"><div class=\"wpb_wrapper\"><div class=\"w-grid us_custom_9509976e type_grid layout_portfolio_2 cols_3 with_css_animation ratio_1x1\" id=\"us_grid_1\" data-filterable=\"true\"><style id=\"us_grid_1_css\">#us_grid_1 .w-grid-item{padding:0.75rem}#us_grid_1 .w-grid-list{margin:-0.75rem -0.75rem 0.75rem}.w-grid + #us_grid_1 .w-grid-list{margin-top:0.75rem}@media (max-width:899px){#us_grid_1 .w-grid-item{width:50.0000%}#us_grid_1 .w-grid-item.size_2x1,#us_grid_1 .w-grid-item.size_2x2{width:100.0000%}}@media (max-width:599px){#us_grid_1 .w-grid-list{margin:0}#us_grid_1 .w-grid-item{width:100.0000%;padding:0;margin-bottom:0.75rem}}@media (min-width:1024px){#us_grid_1 .w-post-elm.post_title{font-size:2rem!important}}<\/style><style>.layout_portfolio_2 .w-grid-item-h:before{padding-bottom:100.0000%}@media (min-width:600px){.layout_portfolio_2 .w-grid-item.size_1x2 .w-grid-item-h:before{padding-bottom:calc(200.0000% + 0.75rem + 0.75rem)}.layout_portfolio_2 .w-grid-item.size_2x1 .w-grid-item-h:before{padding-bottom:calc(50.0000% - 0.75rem * 1.0000)}.layout_portfolio_2 .w-grid-item.size_2x2 .w-grid-item-h:before{padding-bottom:calc(100.0000% - 0.75rem * 0)}}.layout_portfolio_2 .w-grid-item-h{background:#333}.layout_portfolio_2 .usg_post_image_1{transition-duration:0.35s;transform-origin:50% 50%;transform:scale(1) translate(0,0)}.layout_portfolio_2 .w-grid-item-h:hover .usg_post_image_1{transform:scale(1.1) translate(0,0);opacity:0.1}.layout_portfolio_2 .usg_post_image_1{position:absolute!important;top:0!important;right:0!important;bottom:0!important;left:0!important}.layout_portfolio_2 .usg_vwrapper_1{position:absolute!important;right:0!important;bottom:0!important;left:0!important;background:linear-gradient(transparent,rgba(30,30,30,0.8))!important;padding:4rem 2rem 1.5rem 2rem!important}.layout_portfolio_2 .usg_post_title_1{color:#fff!important;font-size:1.2rem!important}.layout_portfolio_2 .usg_post_taxonomy_1{color:#fff!important;font-size:0.9rem!important}<\/style><div class=\"w-grid-list\" ><article class=\"w-grid-item animate_afb size_1x1 post-3576 us_portfolio type-us_portfolio status-publish has-post-thumbnail hentry\" data-id=\"3576\" style=\"animation-delay:0s\">\n\t<div class=\"w-grid-item-h\">\n\t\t\t\t\t<a class=\"w-grid-item-anchor\" href=\"https:\/\/demsanahsap.com\/en\/portfolyo\/mutfak\/\" rel=\"bookmark\" aria-label=\"Kitchen\"><\/a>\n\t\t\t\t<div class=\"w-post-elm post_image usg_post_image_1 stretched\"><img loading=\"lazy\" decoding=\"async\" width=\"1024\" height=\"683\" src=\"https:\/\/demsanahsap.com\/wp-content\/uploads\/2021\/04\/2-5-1024x683.jpg\" class=\"attachment-large size-large wp-post-image\" alt=\"\" srcset=\"https:\/\/demsanahsap.com\/wp-content\/uploads\/2021\/04\/2-5-1024x683.jpg 1024w, https:\/\/demsanahsap.com\/wp-content\/uploads\/2021\/04\/2-5-300x200.jpg 300w, https:\/\/demsanahsap.com\/wp-content\/uploads\/2021\/04\/2-5-16x12.jpg 16w, https:\/\/demsanahsap.com\/wp-content\/uploads\/2021\/04\/2-5-1536x1025.jpg 1536w, https:\/\/demsanahsap.com\/wp-content\/uploads\/2021\/04\/2-5-75x50.jpg 75w\" sizes=\"auto, (max-width: 1024px) 100vw, 1024px\" \/><\/div><div class=\"w-vwrapper usg_vwrapper_1 align_left valign_top\"><h2 class=\"w-post-elm post_title usg_post_title_1 entry-title color_link_inherit has_text_color\">Kitchen<\/h2><\/div>\t<\/div>\n<\/article>\n<article class=\"w-grid-item animate_afb size_1x1 post-3574 us_portfolio type-us_portfolio status-publish has-post-thumbnail hentry\" data-id=\"3574\" style=\"animation-delay:0.1s\">\n\t<div class=\"w-grid-item-h\">\n\t\t\t\t\t<a class=\"w-grid-item-anchor\" href=\"https:\/\/demsanahsap.com\/en\/portfolyo\/banyo\/\" rel=\"bookmark\" aria-label=\"Bathroom\"><\/a>\n\t\t\t\t<div class=\"w-post-elm post_image usg_post_image_1 stretched\"><img loading=\"lazy\" decoding=\"async\" width=\"1024\" height=\"683\" src=\"https:\/\/demsanahsap.com\/wp-content\/uploads\/2021\/04\/6-1024x683.jpg\" class=\"attachment-large size-large wp-post-image\" alt=\"\" srcset=\"https:\/\/demsanahsap.com\/wp-content\/uploads\/2021\/04\/6-1024x683.jpg 1024w, https:\/\/demsanahsap.com\/wp-content\/uploads\/2021\/04\/6-300x200.jpg 300w, https:\/\/demsanahsap.com\/wp-content\/uploads\/2021\/04\/6-16x12.jpg 16w, https:\/\/demsanahsap.com\/wp-content\/uploads\/2021\/04\/6-1536x1025.jpg 1536w, https:\/\/demsanahsap.com\/wp-content\/uploads\/2021\/04\/6-75x50.jpg 75w\" sizes=\"auto, (max-width: 1024px) 100vw, 1024px\" \/><\/div><div class=\"w-vwrapper usg_vwrapper_1 align_left valign_top\"><h2 class=\"w-post-elm post_title usg_post_title_1 entry-title color_link_inherit has_text_color\">Bathroom<\/h2><\/div>\t<\/div>\n<\/article>\n<article class=\"w-grid-item animate_afb size_1x1 post-3572 us_portfolio type-us_portfolio status-publish has-post-thumbnail hentry\" data-id=\"3572\" style=\"animation-delay:0.2s\">\n\t<div class=\"w-grid-item-h\">\n\t\t\t\t\t<a class=\"w-grid-item-anchor\" href=\"https:\/\/demsanahsap.com\/en\/portfolyo\/mobilya\/\" rel=\"bookmark\" aria-label=\"Furniture\"><\/a>\n\t\t\t\t<div class=\"w-post-elm post_image usg_post_image_1 stretched\"><img loading=\"lazy\" decoding=\"async\" width=\"1024\" height=\"1024\" src=\"https:\/\/demsanahsap.com\/wp-content\/uploads\/2021\/04\/10-2-1024x1024.jpg\" class=\"attachment-large size-large wp-post-image\" alt=\"\" srcset=\"https:\/\/demsanahsap.com\/wp-content\/uploads\/2021\/04\/10-2-1024x1024.jpg 1024w, https:\/\/demsanahsap.com\/wp-content\/uploads\/2021\/04\/10-2-300x300.jpg 300w, https:\/\/demsanahsap.com\/wp-content\/uploads\/2021\/04\/10-2-150x150.jpg 150w, https:\/\/demsanahsap.com\/wp-content\/uploads\/2021\/04\/10-2-12x12.jpg 12w, https:\/\/demsanahsap.com\/wp-content\/uploads\/2021\/04\/10-2-1536x1536.jpg 1536w, https:\/\/demsanahsap.com\/wp-content\/uploads\/2021\/04\/10-2-50x50.jpg 50w, https:\/\/demsanahsap.com\/wp-content\/uploads\/2021\/04\/10-2.jpg 2000w\" sizes=\"auto, (max-width: 1024px) 100vw, 1024px\" \/><\/div><div class=\"w-vwrapper usg_vwrapper_1 align_left valign_top\"><h2 class=\"w-post-elm post_title usg_post_title_1 entry-title color_link_inherit has_text_color\">Furniture<\/h2><\/div>\t<\/div>\n<\/article>\n<article class=\"w-grid-item animate_afb size_1x1 post-3570 us_portfolio type-us_portfolio status-publish has-post-thumbnail hentry\" data-id=\"3570\" style=\"animation-delay:0.3s\">\n\t<div class=\"w-grid-item-h\">\n\t\t\t\t\t<a class=\"w-grid-item-anchor\" href=\"https:\/\/demsanahsap.com\/en\/portfolyo\/yatak-odasi\/\" rel=\"bookmark\" aria-label=\"Bedroom\"><\/a>\n\t\t\t\t<div class=\"w-post-elm post_image usg_post_image_1 stretched\"><img loading=\"lazy\" decoding=\"async\" width=\"1024\" height=\"683\" src=\"https:\/\/demsanahsap.com\/wp-content\/uploads\/2021\/04\/8-4-1024x683.jpg\" class=\"attachment-large size-large wp-post-image\" alt=\"\" srcset=\"https:\/\/demsanahsap.com\/wp-content\/uploads\/2021\/04\/8-4-1024x683.jpg 1024w, https:\/\/demsanahsap.com\/wp-content\/uploads\/2021\/04\/8-4-300x200.jpg 300w, https:\/\/demsanahsap.com\/wp-content\/uploads\/2021\/04\/8-4-16x12.jpg 16w, https:\/\/demsanahsap.com\/wp-content\/uploads\/2021\/04\/8-4-1536x1024.jpg 1536w, https:\/\/demsanahsap.com\/wp-content\/uploads\/2021\/04\/8-4-75x50.jpg 75w\" sizes=\"auto, (max-width: 1024px) 100vw, 1024px\" \/><\/div><div class=\"w-vwrapper usg_vwrapper_1 align_left valign_top\"><h2 class=\"w-post-elm post_title usg_post_title_1 entry-title color_link_inherit has_text_color\">Bedroom<\/h2><\/div>\t<\/div>\n<\/article>\n<article class=\"w-grid-item animate_afb size_1x1 post-3568 us_portfolio type-us_portfolio status-publish has-post-thumbnail hentry\" data-id=\"3568\" style=\"animation-delay:0.4s\">\n\t<div class=\"w-grid-item-h\">\n\t\t\t\t\t<a class=\"w-grid-item-anchor\" href=\"https:\/\/demsanahsap.com\/en\/portfolyo\/kapi-merdiven\/\" rel=\"bookmark\" aria-label=\"Kap\u0131 &#8211; Merdiven\"><\/a>\n\t\t\t\t<div class=\"w-post-elm post_image usg_post_image_1 stretched\"><img loading=\"lazy\" decoding=\"async\" width=\"1024\" height=\"1024\" src=\"https:\/\/demsanahsap.com\/wp-content\/uploads\/2021\/04\/7-2-1024x1024.jpg\" class=\"attachment-large size-large wp-post-image\" alt=\"\" srcset=\"https:\/\/demsanahsap.com\/wp-content\/uploads\/2021\/04\/7-2-1024x1024.jpg 1024w, https:\/\/demsanahsap.com\/wp-content\/uploads\/2021\/04\/7-2-300x300.jpg 300w, https:\/\/demsanahsap.com\/wp-content\/uploads\/2021\/04\/7-2-150x150.jpg 150w, https:\/\/demsanahsap.com\/wp-content\/uploads\/2021\/04\/7-2-12x12.jpg 12w, https:\/\/demsanahsap.com\/wp-content\/uploads\/2021\/04\/7-2-1536x1536.jpg 1536w, https:\/\/demsanahsap.com\/wp-content\/uploads\/2021\/04\/7-2-50x50.jpg 50w, https:\/\/demsanahsap.com\/wp-content\/uploads\/2021\/04\/7-2.jpg 1800w\" sizes=\"auto, (max-width: 1024px) 100vw, 1024px\" \/><\/div><div class=\"w-vwrapper usg_vwrapper_1 align_left valign_top\"><h2 class=\"w-post-elm post_title usg_post_title_1 entry-title color_link_inherit has_text_color\">Door - Stairs<\/h2><\/div>\t<\/div>\n<\/article>\n<article class=\"w-grid-item animate_afb size_1x1 post-3566 us_portfolio type-us_portfolio status-publish has-post-thumbnail hentry\" data-id=\"3566\" style=\"animation-delay:0.5s\">\n\t<div class=\"w-grid-item-h\">\n\t\t\t\t\t<a class=\"w-grid-item-anchor\" href=\"https:\/\/demsanahsap.com\/en\/portfolyo\/cocuk-odasi\/\" rel=\"bookmark\" aria-label=\"Children&#039;s Room\"><\/a>\n\t\t\t\t<div class=\"w-post-elm post_image usg_post_image_1 stretched\"><img loading=\"lazy\" decoding=\"async\" width=\"1024\" height=\"682\" src=\"https:\/\/demsanahsap.com\/wp-content\/uploads\/2021\/04\/5-2-1024x682.jpg\" class=\"attachment-large size-large wp-post-image\" alt=\"\" srcset=\"https:\/\/demsanahsap.com\/wp-content\/uploads\/2021\/04\/5-2-1024x682.jpg 1024w, https:\/\/demsanahsap.com\/wp-content\/uploads\/2021\/04\/5-2-300x200.jpg 300w, https:\/\/demsanahsap.com\/wp-content\/uploads\/2021\/04\/5-2-16x12.jpg 16w, https:\/\/demsanahsap.com\/wp-content\/uploads\/2021\/04\/5-2-1536x1023.jpg 1536w, https:\/\/demsanahsap.com\/wp-content\/uploads\/2021\/04\/5-2-75x50.jpg 75w, https:\/\/demsanahsap.com\/wp-content\/uploads\/2021\/04\/5-2.jpg 1750w\" sizes=\"auto, (max-width: 1024px) 100vw, 1024px\" \/><\/div><div class=\"w-vwrapper usg_vwrapper_1 align_left valign_top\"><h2 class=\"w-post-elm post_title usg_post_title_1 entry-title color_link_inherit has_text_color\">Children's Room<\/h2><\/div>\t<\/div>\n<\/article>\n<\/div><div class=\"w-grid-preloader\"><div class=\"g-preloader type_1\">\n\t<div><\/div>\n<\/div>\n<\/div>\t<div class=\"w-grid-json hidden\" onclick='return {&quot;action&quot;:&quot;us_ajax_grid&quot;,&quot;ajax_url&quot;:&quot;https:\\\/\\\/demsanahsap.com\\\/wp-admin\\\/admin-ajax.php&quot;,&quot;infinite_scroll&quot;:0,&quot;max_num_pages&quot;:1,&quot;pagination&quot;:&quot;infinite&quot;,&quot;permalink_url&quot;:&quot;https:\\\/\\\/demsanahsap.com\\\/en\\\/wp-json\\\/wp\\\/v2\\\/pages\\\/3199&quot;,&quot;template_vars&quot;:{&quot;columns&quot;:&quot;3&quot;,&quot;exclude_items&quot;:&quot;none&quot;,&quot;img_size&quot;:&quot;default&quot;,&quot;ignore_items_size&quot;:false,&quot;items_layout&quot;:&quot;portfolio_2&quot;,&quot;items_offset&quot;:&quot;1&quot;,&quot;load_animation&quot;:&quot;afb&quot;,&quot;overriding_link&quot;:&quot;post&quot;,&quot;post_id&quot;:3199,&quot;query_args&quot;:{&quot;post_type&quot;:[&quot;us_portfolio&quot;],&quot;post_status&quot;:[&quot;publish&quot;],&quot;posts_per_page&quot;:&quot;9&quot;},&quot;orderby_query_args&quot;:{&quot;orderby&quot;:{&quot;date&quot;:&quot;DESC&quot;}},&quot;type&quot;:&quot;grid&quot;,&quot;us_grid_ajax_index&quot;:1,&quot;us_grid_filter_params&quot;:null,&quot;us_grid_index&quot;:1,&quot;_us_grid_post_type&quot;:&quot;us_portfolio&quot;}}'><\/div>\n\t<\/div><\/div><\/div><\/div><\/div><\/div><\/section><section class=\"l-section wpb_row height_auto width_full\"><div class=\"l-section-h i-cf\"><div class=\"g-cols vc_row type_default valign_top\"><div class=\"vc_col-sm-12 wpb_column vc_column_container animate_afb\"><div class=\"vc_column-inner\"><div class=\"wpb_wrapper\"><section class=\"l-section wpb_row height_medium\"><div class=\"l-section-h i-cf\"><div class=\"g-cols vc_row type_default valign_top\"><div class=\"vc_col-sm-12 wpb_column vc_column_container animate_afb\"><div class=\"vc_column-inner\"><div class=\"wpb_wrapper\"><div class=\"wpb_text_column\" ><div class=\"wpb_wrapper\"><h2>Need more details?<\/h2>\n<\/div><\/div><\/div><\/div><\/div><\/div><\/div><\/section><section class=\"l-section wpb_row height_medium color_alternate\"><div class=\"l-section-h i-cf\"><div class=\"g-cols vc_row type_default valign_top\"><div class=\"vc_col-sm-6 wpb_column vc_column_container animate_fade\"><div class=\"vc_column-inner\"><div class=\"wpb_wrapper\"><div class=\"wpb_text_column\" ><div class=\"wpb_wrapper\"><h3><a href=\"mailto:info@demsanahsap.com\">info@demsanahsap.com<\/a><\/h3>\n<\/div><\/div><\/div><\/div><\/div><div class=\"vc_col-sm-4 wpb_column vc_column_container animate_afb\" style=\"animation-delay:0.25s\"><div class=\"vc_column-inner\"><div class=\"wpb_wrapper\"><div class=\"wpb_text_column\" ><div class=\"wpb_wrapper\"><h6>Make your dream projects come true with expert team support.<\/h6>\n<\/div><\/div><\/div><\/div><\/div><\/div><\/div><\/section>\n<\/div><\/div><\/div><\/div><\/div><\/section>","protected":false},"excerpt":{"rendered":"Mutlu \u00c7ocuk Mutlu Ebeveyn \u00c7ocuk, anne ve baban\u0131n en de\u011ferlisidir. \u00c7ocuklar i\u00e7in tasarlanan mekan kanserojen madde i\u00e7ermeyen malzemeler ile \u00fcretilmelidir. Demsan \u00e7ocuklar\u0131n\u0131z i\u00e7in uluslararas\u0131 ge\u00e7erli sertifika sahibi firmalardan malzeme tedarik ederek \u00fcretim yapmaktad\u0131r.","protected":false},"author":1,"featured_media":0,"parent":0,"menu_order":0,"comment_status":"closed","ping_status":"closed","template":"","meta":{"footnotes":""},"class_list":["post-3199","page","type-page","status-publish","hentry"],"yoast_head":"<!-- This site is optimized with the Yoast SEO plugin v21.1 - https:\/\/yoast.com\/wordpress\/plugins\/seo\/ -->\n<title>Portfolyo | Demsan Ah\u015fap Mimarl\u0131k<\/title>\n<meta name=\"description\" content=\"\u0130stanbul`da kurulan firma T\u00fcrkiye\u2019de ve D\u00fcnya`da \u00f6nemli projelere imza atm\u0131\u015ft\u0131r. \u00c7eyrek asr\u0131 a\u015fk\u0131n s\u00fcredir hizmet veren firman\u0131n \u00f6zg\u00fcn, kaliteli ve kullan\u0131\u015fl\u0131 mobilya deneyimlerini sizler i\u00e7in derledik.\" \/>\n<meta name=\"robots\" content=\"index, follow, max-snippet:-1, max-image-preview:large, max-video-preview:-1\" \/>\n<link rel=\"canonical\" href=\"https:\/\/demsanahsap.com\/en\/portfolyo\/\" \/>\n<meta property=\"og:locale\" content=\"en_US\" \/>\n<meta property=\"og:type\" content=\"article\" \/>\n<meta property=\"og:title\" content=\"Portfolyo | Demsan Ah\u015fap Mimarl\u0131k\" \/>\n<meta property=\"og:description\" content=\"\u0130stanbul`da kurulan firma T\u00fcrkiye\u2019de ve D\u00fcnya`da \u00f6nemli projelere imza atm\u0131\u015ft\u0131r. \u00c7eyrek asr\u0131 a\u015fk\u0131n s\u00fcredir hizmet veren firman\u0131n \u00f6zg\u00fcn, kaliteli ve kullan\u0131\u015fl\u0131 mobilya deneyimlerini sizler i\u00e7in derledik.\" \/>\n<meta property=\"og:url\" content=\"https:\/\/demsanahsap.com\/en\/portfolyo\/\" \/>\n<meta property=\"og:site_name\" content=\"Demsan Ah\u015fap Mimarl\u0131k\" \/>\n<meta property=\"article:modified_time\" content=\"2021-04-06T10:47:43+00:00\" \/>\n<meta name=\"twitter:card\" content=\"summary_large_image\" \/>\n<meta name=\"twitter:label1\" content=\"Est. reading time\" \/>\n\t<meta name=\"twitter:data1\" content=\"1 minute\" \/>\n<script type=\"application\/ld+json\" class=\"yoast-schema-graph\">{\"@context\":\"https:\/\/schema.org\",\"@graph\":[{\"@type\":\"WebPage\",\"@id\":\"https:\/\/demsanahsap.com\/portfolyo\/\",\"url\":\"https:\/\/demsanahsap.com\/portfolyo\/\",\"name\":\"Portfolyo | Demsan Ah\u015fap Mimarl\u0131k\",\"isPartOf\":{\"@id\":\"https:\/\/demsanahsap.com\/#website\"},\"datePublished\":\"2021-04-01T07:12:56+00:00\",\"dateModified\":\"2021-04-06T10:47:43+00:00\",\"description\":\"\u0130stanbul`da kurulan firma T\u00fcrkiye\u2019de ve D\u00fcnya`da \u00f6nemli projelere imza atm\u0131\u015ft\u0131r. \u00c7eyrek asr\u0131 a\u015fk\u0131n s\u00fcredir hizmet veren firman\u0131n \u00f6zg\u00fcn, kaliteli ve kullan\u0131\u015fl\u0131 mobilya deneyimlerini sizler i\u00e7in derledik.\",\"breadcrumb\":{\"@id\":\"https:\/\/demsanahsap.com\/portfolyo\/#breadcrumb\"},\"inLanguage\":\"en-US\",\"potentialAction\":[{\"@type\":\"ReadAction\",\"target\":[\"https:\/\/demsanahsap.com\/portfolyo\/\"]}]},{\"@type\":\"BreadcrumbList\",\"@id\":\"https:\/\/demsanahsap.com\/portfolyo\/#breadcrumb\",\"itemListElement\":[{\"@type\":\"ListItem\",\"position\":1,\"name\":\"Anasayfa\",\"item\":\"https:\/\/demsanahsap.com\/\"},{\"@type\":\"ListItem\",\"position\":2,\"name\":\"Portfolyo\"}]},{\"@type\":\"WebSite\",\"@id\":\"https:\/\/demsanahsap.com\/#website\",\"url\":\"https:\/\/demsanahsap.com\/\",\"name\":\"Demsan Ah\u015fap Mimarl\u0131k\",\"description\":\"En iyi tav\u0131rla, en iyi sanat\",\"publisher\":{\"@id\":\"https:\/\/demsanahsap.com\/#organization\"},\"potentialAction\":[{\"@type\":\"SearchAction\",\"target\":{\"@type\":\"EntryPoint\",\"urlTemplate\":\"https:\/\/demsanahsap.com\/?s={search_term_string}\"},\"query-input\":\"required name=search_term_string\"}],\"inLanguage\":\"en-US\"},{\"@type\":\"Organization\",\"@id\":\"https:\/\/demsanahsap.com\/#organization\",\"name\":\"Demsan Ah\u015fap Mimarl\u0131k\",\"url\":\"https:\/\/demsanahsap.com\/\",\"logo\":{\"@type\":\"ImageObject\",\"inLanguage\":\"en-US\",\"@id\":\"https:\/\/demsanahsap.com\/#\/schema\/logo\/image\/\",\"url\":\"https:\/\/demsanahsap.com\/wp-content\/uploads\/2021\/02\/demsanlogo.png\",\"contentUrl\":\"https:\/\/demsanahsap.com\/wp-content\/uploads\/2021\/02\/demsanlogo.png\",\"width\":800,\"height\":128,\"caption\":\"Demsan Ah\u015fap Mimarl\u0131k\"},\"image\":{\"@id\":\"https:\/\/demsanahsap.com\/#\/schema\/logo\/image\/\"},\"sameAs\":[\"https:\/\/www.instagram.com\/demsanahsap\/\",\"https:\/\/tr.pinterest.com\/demsanahsap\"]}]}<\/script>\n<!-- \/ Yoast SEO plugin. -->","yoast_head_json":{"title":"Portfolyo | Demsan Ah\u015fap Mimarl\u0131k","description":"\u0130stanbul`da kurulan firma T\u00fcrkiye\u2019de ve D\u00fcnya`da \u00f6nemli projelere imza atm\u0131\u015ft\u0131r. \u00c7eyrek asr\u0131 a\u015fk\u0131n s\u00fcredir hizmet veren firman\u0131n \u00f6zg\u00fcn, kaliteli ve kullan\u0131\u015fl\u0131 mobilya deneyimlerini sizler i\u00e7in derledik.","robots":{"index":"index","follow":"follow","max-snippet":"max-snippet:-1","max-image-preview":"max-image-preview:large","max-video-preview":"max-video-preview:-1"},"canonical":"https:\/\/demsanahsap.com\/en\/portfolyo\/","og_locale":"en_US","og_type":"article","og_title":"Portfolyo | Demsan Ah\u015fap Mimarl\u0131k","og_description":"\u0130stanbul`da kurulan firma T\u00fcrkiye\u2019de ve D\u00fcnya`da \u00f6nemli projelere imza atm\u0131\u015ft\u0131r. \u00c7eyrek asr\u0131 a\u015fk\u0131n s\u00fcredir hizmet veren firman\u0131n \u00f6zg\u00fcn, kaliteli ve kullan\u0131\u015fl\u0131 mobilya deneyimlerini sizler i\u00e7in derledik.","og_url":"https:\/\/demsanahsap.com\/en\/portfolyo\/","og_site_name":"Demsan Ah\u015fap Mimarl\u0131k","article_modified_time":"2021-04-06T10:47:43+00:00","twitter_card":"summary_large_image","twitter_misc":{"Est. reading time":"1 minute"},"schema":{"@context":"https:\/\/schema.org","@graph":[{"@type":"WebPage","@id":"https:\/\/demsanahsap.com\/portfolyo\/","url":"https:\/\/demsanahsap.com\/portfolyo\/","name":"Portfolyo | Demsan Ah\u015fap Mimarl\u0131k","isPartOf":{"@id":"https:\/\/demsanahsap.com\/#website"},"datePublished":"2021-04-01T07:12:56+00:00","dateModified":"2021-04-06T10:47:43+00:00","description":"\u0130stanbul`da kurulan firma T\u00fcrkiye\u2019de ve D\u00fcnya`da \u00f6nemli projelere imza atm\u0131\u015ft\u0131r. \u00c7eyrek asr\u0131 a\u015fk\u0131n s\u00fcredir hizmet veren firman\u0131n \u00f6zg\u00fcn, kaliteli ve kullan\u0131\u015fl\u0131 mobilya deneyimlerini sizler i\u00e7in derledik.","breadcrumb":{"@id":"https:\/\/demsanahsap.com\/portfolyo\/#breadcrumb"},"inLanguage":"en-US","potentialAction":[{"@type":"ReadAction","target":["https:\/\/demsanahsap.com\/portfolyo\/"]}]},{"@type":"BreadcrumbList","@id":"https:\/\/demsanahsap.com\/portfolyo\/#breadcrumb","itemListElement":[{"@type":"ListItem","position":1,"name":"Anasayfa","item":"https:\/\/demsanahsap.com\/"},{"@type":"ListItem","position":2,"name":"Portfolyo"}]},{"@type":"WebSite","@id":"https:\/\/demsanahsap.com\/#website","url":"https:\/\/demsanahsap.com\/","name":"Demsan Ah\u015fap Mimarl\u0131k","description":"En iyi tav\u0131rla, en iyi sanat","publisher":{"@id":"https:\/\/demsanahsap.com\/#organization"},"potentialAction":[{"@type":"SearchAction","target":{"@type":"EntryPoint","urlTemplate":"https:\/\/demsanahsap.com\/?s={search_term_string}"},"query-input":"required name=search_term_string"}],"inLanguage":"en-US"},{"@type":"Organization","@id":"https:\/\/demsanahsap.com\/#organization","name":"Demsan Ah\u015fap Mimarl\u0131k","url":"https:\/\/demsanahsap.com\/","logo":{"@type":"ImageObject","inLanguage":"en-US","@id":"https:\/\/demsanahsap.com\/#\/schema\/logo\/image\/","url":"https:\/\/demsanahsap.com\/wp-content\/uploads\/2021\/02\/demsanlogo.png","contentUrl":"https:\/\/demsanahsap.com\/wp-content\/uploads\/2021\/02\/demsanlogo.png","width":800,"height":128,"caption":"Demsan Ah\u015fap Mimarl\u0131k"},"image":{"@id":"https:\/\/demsanahsap.com\/#\/schema\/logo\/image\/"},"sameAs":["https:\/\/www.instagram.com\/demsanahsap\/","https:\/\/tr.pinterest.com\/demsanahsap"]}]}},"_links":{"self":[{"href":"https:\/\/demsanahsap.com\/en\/wp-json\/wp\/v2\/pages\/3199","targetHints":{"allow":["GET"]}}],"collection":[{"href":"https:\/\/demsanahsap.com\/en\/wp-json\/wp\/v2\/pages"}],"about":[{"href":"https:\/\/demsanahsap.com\/en\/wp-json\/wp\/v2\/types\/page"}],"author":[{"embeddable":true,"href":"https:\/\/demsanahsap.com\/en\/wp-json\/wp\/v2\/users\/1"}],"replies":[{"embeddable":true,"href":"https:\/\/demsanahsap.com\/en\/wp-json\/wp\/v2\/comments?post=3199"}],"version-history":[{"count":6,"href":"https:\/\/demsanahsap.com\/en\/wp-json\/wp\/v2\/pages\/3199\/revisions"}],"predecessor-version":[{"id":4509,"href":"https:\/\/demsanahsap.com\/en\/wp-json\/wp\/v2\/pages\/3199\/revisions\/4509"}],"wp:attachment":[{"href":"https:\/\/demsanahsap.com\/en\/wp-json\/wp\/v2\/media?parent=3199"}],"curies":[{"name":"wp","href":"https:\/\/api.w.org\/{rel}","templated":true}]}}