{"id":3,"date":"2021-04-01T13:01:31","date_gmt":"2021-04-01T10:01:31","guid":{"rendered":"https:\/\/demsanmobilya.com.tr\/?page_id=3"},"modified":"2021-04-10T01:10:36","modified_gmt":"2021-04-09T22:10:36","slug":"cerez-politikasi","status":"publish","type":"page","link":"https:\/\/demsanahsap.com\/en\/cerez-politikasi\/","title":{"rendered":"Cookies Policy"},"content":{"rendered":"<p>&nbsp;<\/p>\r\n\r\n<h5 align=\"center\">DEMSAN DEKORASYON MOB\u0130LYA \u0130TH.\u0130HR. SAN. T\u0130C. LTD. \u015eT\u0130<\/h5>\r\n<h5 align=\"center\">K\u0130\u015e\u0130SEL VER\u0130LER\u0130N \u0130\u015eLENMES\u0130 ve KORUNMASI KAPSAMINDA<\/h5>\r\n<h5 align=\"center\">COOKIE POLICY<\/h5>\r\n<h5 align=\"center\">AYDINLATMA METN\u0130<\/h5>\r\n<p>We have written this information sheet to inform our international visitors on how we protect their personal data obtained through cookies (small text files placed on your computer or mobile device when you access websites). Please note that terms and\/or definitions used or herein are taken directly from local (Turkish) laws (Law No 6698 on Protection of Personal Data) and regulations and might not always be coherent with other countries policies and terms on protection of personal data. You can obtain more information on Law from the webpages of Turkish Agency for Protection of Personal Data (https:\/\/kvkk.gov.tr).<\/p>\r\n<p><strong>1.What types of cookies we use?<\/strong><\/p>\r\n<p>We use cookies on our site and some third-party cookies (coming from third parties which place cookies on our site such as Google Analytics). We only use cookies to make your browsing experience better and to make you experience better functionality while you are on our site.<\/p>\r\n<p><strong>2.Who is the controller of your data?<\/strong><\/p>\r\n<p>By means of these cookies, your personal data DEMSAN DEKORASYON MOB\u0130LYA \u0130TH.\u0130HR. SINGING. T\u0130C. LTD. \u015eT\u0130, as the data controller, with the Protection of Personal Data No.6698 and the transmitted ones are processed and protected in accordance with the following conditions.<\/p>\r\n<p><strong>3.What is the purpose of processing of your personal data collected through cookies?<\/strong><\/p>\r\n<p>We only process your personal data only for the purposes of ensuring customer satisfaction, improving our quality and service standards and notifying you about our bespoke promotion and sales campaigns sand within the limits prescribed by Law<\/p>\r\n<p><strong>4.To whom we disclose your personal data collected through cookies?<\/strong><\/p>\r\n<p>We only disclose your personal data to our business partners only with the purposes described above and to public institutions and organizations who re authorized by the law, in accordance with the terms and conditions specified in the Articles 8 and 9 of the Law.<\/p>\r\n<p><strong>5.What do we collect and how it is collected?<\/strong><\/p>\r\n<p>We only collect your name, surname and communication data and only through our authorized resellers and if you only sign \u201cDEMSAN kitchen cabinet sale and installment contracts\u201d with them. As described above we use your personal data only for the purposes of ensuring customer satisfaction, improving our quality and service standards and notifying you about our bespoke promotion and sales campaigns and if necessary, to fulfil our legal responsibilities as dictated by law.<\/p>\r\n<p><strong>6.What are your rights?<\/strong><\/p>\r\n<p>According to Sec 11 of the Law you may lawfully ask\/request from us:<\/p>\r\n<ul>\r\n<li>if we hold your personal data,<\/li>\r\n<li>what we are holding about you,<\/li>\r\n<li>why we are holding your personal data<\/li>\r\n<li>to whom we disclose and transfer your personal data,<\/li>\r\n<li>rectification of any incomplete and wrong data,<\/li>\r\n<li>erasure of personal data,<\/li>\r\n<li>to notify third persons to rectify and erase personal data<\/li>\r\n<li>\u0130\u015flenen verilerin m\u00fcnhas\u0131ran otomatik sistemler vas\u0131tas\u0131yla analiz edilmesi suretiyle ki\u015finin kendisi aleyhine bir sonucun ortaya \u00e7\u0131kmas\u0131na itiraz etme,<\/li>\r\n<li>Ki\u015fisel verilerin kanuna ayk\u0131r\u0131 olarak i\u015flenmesi sebebiyle zarara u\u011framas\u0131 halinde zarar\u0131n giderilmesini talep etme,<\/li>\r\n<\/ul>\r\n<p>Yukar\u0131da belirtilen haklar\u0131n\u0131z\u0131 kullanmak ile ilgili talebinizi, yaz\u0131l\u0131 olarak \u015firketimiz veya Ki\u015fisel Verileri Koruma Kurulu\u2019nun belirledi\u011fi di\u011fer y\u00f6ntemlerle \u015eirketimize iletebilirsiniz.<\/p>\r\n<p><strong>You can always change your browsers settings to block cookies and delete cookies stored on your computer.<\/strong><\/p>\r\n<p>You may further direct us your objection to negative consequences which may arise from analysis of your personal data by automated systems and request compensation for the damages you may have suffered as a result of an unlawful personal data processing.<\/p>\r\n<p class=\" translation-block\">You can direct your queries and requests to us basically by filing out and submitting the form (Application Form for Personal Data Protection) electronically or via registered mail or public notary to our address at \u2018Bah\u00e7elievler Mahallesi, \u0130zzettin \u00c7al\u0131\u015flar Caddesi No:64\/a 34180 Bah\u00e7elievler, \u0130stanbul, Turkey or via mail to our email address <a href=\"mailto:info@demsanahsap.com\" target=\"_self\">info@demsanahsap.com<\/a>.<\/p>\r\n<p><\/p>","protected":false},"excerpt":{"rendered":"<p>&nbsp; DEMSAN DEKORASYON MOB\u0130LYA \u0130TH.\u0130HR. SAN. T\u0130C. LTD. \u015eT\u0130 K\u0130\u015e\u0130SEL VER\u0130LER\u0130N \u0130\u015eLENMES\u0130 ve KORUNMASI KAPSAMINDA WEB S\u0130TES\u0130 \u00c7EREZLER\u0130 VASITASIYLA \u0130\u015eLENEN K\u0130\u015e\u0130SEL VER\u0130LER \u0130LE \u0130LG\u0130L\u0130 AYDINLATMA METN\u0130 Bu bilgilendirme metni 6698 Say\u0131l\u0131 Ki\u015fisel Verilerin Korunmas\u0131 Kanunu 10.Maddesi ve 10.3.2018 tarihli 30356 say\u0131l\u0131 Resm\u00ee Gazetede yay\u0131mlanan Ayd\u0131nlatma Y\u00fck\u00fcml\u00fcl\u00fc\u011f\u00fcn\u00fcn Yerine Getirilmesinde Uyulacak Usul ve Esaslar Hakk\u0131nda Tebli\u011f h\u00fck\u00fcmleri&#8230;<\/p>","protected":false},"author":1,"featured_media":0,"parent":0,"menu_order":0,"comment_status":"closed","ping_status":"open","template":"","meta":{"footnotes":""},"class_list":["post-3","page","type-page","status-publish","hentry"],"yoast_head":"<!-- This site is optimized with the Yoast SEO plugin v21.1 - https:\/\/yoast.com\/wordpress\/plugins\/seo\/ -->\n<title>\u00c7erez Politikas\u0131 | Demsan Ah\u015fap Mimarl\u0131k<\/title>\n<meta name=\"robots\" content=\"noindex, nofollow\" \/>\n<meta property=\"og:locale\" content=\"en_US\" \/>\n<meta property=\"og:type\" content=\"article\" \/>\n<meta property=\"og:title\" content=\"\u00c7erez Politikas\u0131 | Demsan Ah\u015fap Mimarl\u0131k\" \/>\n<meta property=\"og:description\" content=\"&nbsp; DEMSAN DEKORASYON MOB\u0130LYA \u0130TH.\u0130HR. SAN. T\u0130C. LTD. \u015eT\u0130 K\u0130\u015e\u0130SEL VER\u0130LER\u0130N \u0130\u015eLENMES\u0130 ve KORUNMASI KAPSAMINDA WEB S\u0130TES\u0130 \u00c7EREZLER\u0130 VASITASIYLA \u0130\u015eLENEN K\u0130\u015e\u0130SEL VER\u0130LER \u0130LE \u0130LG\u0130L\u0130 AYDINLATMA METN\u0130 Bu bilgilendirme metni 6698 Say\u0131l\u0131 Ki\u015fisel Verilerin Korunmas\u0131 Kanunu 10.Maddesi ve 10.3.2018 tarihli 30356 say\u0131l\u0131 Resm\u00ee Gazetede yay\u0131mlanan Ayd\u0131nlatma Y\u00fck\u00fcml\u00fcl\u00fc\u011f\u00fcn\u00fcn Yerine Getirilmesinde Uyulacak Usul ve Esaslar Hakk\u0131nda Tebli\u011f h\u00fck\u00fcmleri...\" \/>\n<meta property=\"og:url\" content=\"https:\/\/demsanahsap.com\/en\/cerez-politikasi\/\" \/>\n<meta property=\"og:site_name\" content=\"Demsan Ah\u015fap Mimarl\u0131k\" \/>\n<meta property=\"article:modified_time\" content=\"2021-04-09T22:10:36+00:00\" \/>\n<meta name=\"twitter:card\" content=\"summary_large_image\" \/>\n<meta name=\"twitter:label1\" content=\"Est. reading time\" \/>\n\t<meta name=\"twitter:data1\" content=\"3 minutes\" \/>\n<script type=\"application\/ld+json\" class=\"yoast-schema-graph\">{\"@context\":\"https:\/\/schema.org\",\"@graph\":[{\"@type\":\"WebPage\",\"@id\":\"https:\/\/demsanahsap.com\/cerez-politikasi\/\",\"url\":\"https:\/\/demsanahsap.com\/cerez-politikasi\/\",\"name\":\"\u00c7erez Politikas\u0131 | Demsan Ah\u015fap Mimarl\u0131k\",\"isPartOf\":{\"@id\":\"https:\/\/demsanahsap.com\/#website\"},\"datePublished\":\"2021-04-01T10:01:31+00:00\",\"dateModified\":\"2021-04-09T22:10:36+00:00\",\"breadcrumb\":{\"@id\":\"https:\/\/demsanahsap.com\/cerez-politikasi\/#breadcrumb\"},\"inLanguage\":\"en-US\",\"potentialAction\":[{\"@type\":\"ReadAction\",\"target\":[\"https:\/\/demsanahsap.com\/cerez-politikasi\/\"]}]},{\"@type\":\"BreadcrumbList\",\"@id\":\"https:\/\/demsanahsap.com\/cerez-politikasi\/#breadcrumb\",\"itemListElement\":[{\"@type\":\"ListItem\",\"position\":1,\"name\":\"Anasayfa\",\"item\":\"https:\/\/demsanahsap.com\/\"},{\"@type\":\"ListItem\",\"position\":2,\"name\":\"\u00c7erez Politikas\u0131\"}]},{\"@type\":\"WebSite\",\"@id\":\"https:\/\/demsanahsap.com\/#website\",\"url\":\"https:\/\/demsanahsap.com\/\",\"name\":\"Demsan Ah\u015fap Mimarl\u0131k\",\"description\":\"En iyi tav\u0131rla, en iyi sanat\",\"publisher\":{\"@id\":\"https:\/\/demsanahsap.com\/#organization\"},\"potentialAction\":[{\"@type\":\"SearchAction\",\"target\":{\"@type\":\"EntryPoint\",\"urlTemplate\":\"https:\/\/demsanahsap.com\/?s={search_term_string}\"},\"query-input\":\"required name=search_term_string\"}],\"inLanguage\":\"en-US\"},{\"@type\":\"Organization\",\"@id\":\"https:\/\/demsanahsap.com\/#organization\",\"name\":\"Demsan Ah\u015fap Mimarl\u0131k\",\"url\":\"https:\/\/demsanahsap.com\/\",\"logo\":{\"@type\":\"ImageObject\",\"inLanguage\":\"en-US\",\"@id\":\"https:\/\/demsanahsap.com\/#\/schema\/logo\/image\/\",\"url\":\"https:\/\/demsanahsap.com\/wp-content\/uploads\/2021\/02\/demsanlogo.png\",\"contentUrl\":\"https:\/\/demsanahsap.com\/wp-content\/uploads\/2021\/02\/demsanlogo.png\",\"width\":800,\"height\":128,\"caption\":\"Demsan Ah\u015fap Mimarl\u0131k\"},\"image\":{\"@id\":\"https:\/\/demsanahsap.com\/#\/schema\/logo\/image\/\"},\"sameAs\":[\"https:\/\/www.instagram.com\/demsanahsap\/\",\"https:\/\/tr.pinterest.com\/demsanahsap\"]}]}<\/script>\n<!-- \/ Yoast SEO plugin. -->","yoast_head_json":{"title":"\u00c7erez Politikas\u0131 | Demsan Ah\u015fap Mimarl\u0131k","robots":{"index":"noindex","follow":"nofollow"},"og_locale":"en_US","og_type":"article","og_title":"\u00c7erez Politikas\u0131 | Demsan Ah\u015fap Mimarl\u0131k","og_description":"&nbsp; DEMSAN DEKORASYON MOB\u0130LYA \u0130TH.\u0130HR. SAN. T\u0130C. LTD. \u015eT\u0130 K\u0130\u015e\u0130SEL VER\u0130LER\u0130N \u0130\u015eLENMES\u0130 ve KORUNMASI KAPSAMINDA WEB S\u0130TES\u0130 \u00c7EREZLER\u0130 VASITASIYLA \u0130\u015eLENEN K\u0130\u015e\u0130SEL VER\u0130LER \u0130LE \u0130LG\u0130L\u0130 AYDINLATMA METN\u0130 Bu bilgilendirme metni 6698 Say\u0131l\u0131 Ki\u015fisel Verilerin Korunmas\u0131 Kanunu 10.Maddesi ve 10.3.2018 tarihli 30356 say\u0131l\u0131 Resm\u00ee Gazetede yay\u0131mlanan Ayd\u0131nlatma Y\u00fck\u00fcml\u00fcl\u00fc\u011f\u00fcn\u00fcn Yerine Getirilmesinde Uyulacak Usul ve Esaslar Hakk\u0131nda Tebli\u011f h\u00fck\u00fcmleri...","og_url":"https:\/\/demsanahsap.com\/en\/cerez-politikasi\/","og_site_name":"Demsan Ah\u015fap Mimarl\u0131k","article_modified_time":"2021-04-09T22:10:36+00:00","twitter_card":"summary_large_image","twitter_misc":{"Est. reading time":"3 minutes"},"schema":{"@context":"https:\/\/schema.org","@graph":[{"@type":"WebPage","@id":"https:\/\/demsanahsap.com\/cerez-politikasi\/","url":"https:\/\/demsanahsap.com\/cerez-politikasi\/","name":"\u00c7erez Politikas\u0131 | Demsan Ah\u015fap Mimarl\u0131k","isPartOf":{"@id":"https:\/\/demsanahsap.com\/#website"},"datePublished":"2021-04-01T10:01:31+00:00","dateModified":"2021-04-09T22:10:36+00:00","breadcrumb":{"@id":"https:\/\/demsanahsap.com\/cerez-politikasi\/#breadcrumb"},"inLanguage":"en-US","potentialAction":[{"@type":"ReadAction","target":["https:\/\/demsanahsap.com\/cerez-politikasi\/"]}]},{"@type":"BreadcrumbList","@id":"https:\/\/demsanahsap.com\/cerez-politikasi\/#breadcrumb","itemListElement":[{"@type":"ListItem","position":1,"name":"Anasayfa","item":"https:\/\/demsanahsap.com\/"},{"@type":"ListItem","position":2,"name":"\u00c7erez Politikas\u0131"}]},{"@type":"WebSite","@id":"https:\/\/demsanahsap.com\/#website","url":"https:\/\/demsanahsap.com\/","name":"Demsan Ah\u015fap Mimarl\u0131k","description":"En iyi tav\u0131rla, en iyi sanat","publisher":{"@id":"https:\/\/demsanahsap.com\/#organization"},"potentialAction":[{"@type":"SearchAction","target":{"@type":"EntryPoint","urlTemplate":"https:\/\/demsanahsap.com\/?s={search_term_string}"},"query-input":"required name=search_term_string"}],"inLanguage":"en-US"},{"@type":"Organization","@id":"https:\/\/demsanahsap.com\/#organization","name":"Demsan Ah\u015fap Mimarl\u0131k","url":"https:\/\/demsanahsap.com\/","logo":{"@type":"ImageObject","inLanguage":"en-US","@id":"https:\/\/demsanahsap.com\/#\/schema\/logo\/image\/","url":"https:\/\/demsanahsap.com\/wp-content\/uploads\/2021\/02\/demsanlogo.png","contentUrl":"https:\/\/demsanahsap.com\/wp-content\/uploads\/2021\/02\/demsanlogo.png","width":800,"height":128,"caption":"Demsan Ah\u015fap Mimarl\u0131k"},"image":{"@id":"https:\/\/demsanahsap.com\/#\/schema\/logo\/image\/"},"sameAs":["https:\/\/www.instagram.com\/demsanahsap\/","https:\/\/tr.pinterest.com\/demsanahsap"]}]}},"_links":{"self":[{"href":"https:\/\/demsanahsap.com\/en\/wp-json\/wp\/v2\/pages\/3","targetHints":{"allow":["GET"]}}],"collection":[{"href":"https:\/\/demsanahsap.com\/en\/wp-json\/wp\/v2\/pages"}],"about":[{"href":"https:\/\/demsanahsap.com\/en\/wp-json\/wp\/v2\/types\/page"}],"author":[{"embeddable":true,"href":"https:\/\/demsanahsap.com\/en\/wp-json\/wp\/v2\/users\/1"}],"replies":[{"embeddable":true,"href":"https:\/\/demsanahsap.com\/en\/wp-json\/wp\/v2\/comments?post=3"}],"version-history":[{"count":8,"href":"https:\/\/demsanahsap.com\/en\/wp-json\/wp\/v2\/pages\/3\/revisions"}],"predecessor-version":[{"id":4609,"href":"https:\/\/demsanahsap.com\/en\/wp-json\/wp\/v2\/pages\/3\/revisions\/4609"}],"wp:attachment":[{"href":"https:\/\/demsanahsap.com\/en\/wp-json\/wp\/v2\/media?parent=3"}],"curies":[{"name":"wp","href":"https:\/\/api.w.org\/{rel}","templated":true}]}}