{"id":1541,"date":"2021-04-01T13:32:08","date_gmt":"2021-04-01T10:32:08","guid":{"rendered":"http:\/\/impreza7.us-themes.com\/?page_id=1541"},"modified":"2021-04-06T17:09:33","modified_gmt":"2021-04-06T14:09:33","slug":"iletisim","status":"publish","type":"page","link":"https:\/\/demsanahsap.com\/en\/iletisim\/","title":{"rendered":"Contact"},"content":{"rendered":"<section class=\"l-section wpb_row height_medium\"><div class=\"l-section-h i-cf\"><div class=\"g-cols vc_row type_default valign_top\"><div class=\"vc_col-sm-12 wpb_column vc_column_container animate_afb\"><div class=\"vc_column-inner\"><div class=\"wpb_wrapper\"><div class=\"wpb_text_column\" ><div class=\"wpb_wrapper\"><h1>Contact<\/h1>\n<\/div><\/div><\/div><\/div><\/div><\/div><\/div><\/section><section class=\"l-section wpb_row height_auto width_full\"><div class=\"l-section-h i-cf\"><div class=\"g-cols vc_row type_default valign_top\"><div class=\"vc_col-sm-12 wpb_column vc_column_container animate_afb\"><div class=\"vc_column-inner\"><div class=\"wpb_wrapper\">\n\t<div class=\"wpb_raw_code wpb_content_element wpb_raw_html\" >\n\t\t<div class=\"wpb_wrapper\">\n\t\t\t<iframe src=\"https:\/\/www.google.com\/maps\/embed?pb=!1m14!1m8!1m3!1d12044.868579874155!2d28.8698618!3d40.9986202!3m2!1i1024!2i768!4f13.1!3m3!1m2!1s0x0%3A0xf07e13f9e5363ac1!2zRGVtc2FuIEFoxZ9hcCAmIE1pbWFybMSxaw!5e0!3m2!1str!2str!4v1617106617094!5m2!1str!2str\" width=\"2000\" height=\"350\" style=\"border:0;\" allowfullscreen=\"\" loading=\"lazy\"><\/iframe>\n\t\t<\/div>\n\t<\/div>\n<\/div><\/div><\/div><\/div><\/div><\/section><section class=\"l-section wpb_row height_medium\"><div class=\"l-section-h i-cf\"><div class=\"g-cols vc_row type_default valign_top\"><div class=\"vc_col-sm-3 wpb_column vc_column_container animate_afb\"><div class=\"vc_column-inner\"><div class=\"wpb_wrapper\"><div class=\"w-contacts\"><div class=\"w-contacts-list\"><div class=\"w-contacts-item for_address\"><span class=\"w-contacts-item-value\">Izzettin Calislar Street No:64 \/ A Bahcelievler - ISTANBUL<\/span><\/div><\/div><\/div><\/div><\/div><\/div><div class=\"vc_col-sm-3 wpb_column vc_column_container\"><div class=\"vc_column-inner\"><div class=\"wpb_wrapper\"><div class=\"w-contacts\"><div class=\"w-contacts-list\"><div class=\"w-contacts-item for_phone\"><span class=\"w-contacts-item-value\"><b>Phone:<\/b> <a href=\"tel: 902125058925\">+90 212 505 8925<\/a><br \/><b>Mobile Phone:<\/b> <a href=\"tel: 905336993185\">+90 533 699 31 85<\/a><\/span><\/div><\/div><\/div><\/div><\/div><\/div><div class=\"vc_col-sm-3 wpb_column vc_column_container\"><div class=\"vc_column-inner\"><div class=\"wpb_wrapper\"><div class=\"wpb_text_column\" ><div class=\"wpb_wrapper\"><h3 style=\"text-align: left;\"><a href=\"mailto:info@example.com\">info@demsanahsap.com<\/a><\/h3>\n<\/div><\/div><\/div><\/div><\/div><div class=\"vc_col-sm-3 wpb_column vc_column_container\"><div class=\"vc_column-inner\"><div class=\"wpb_wrapper\"><\/div><\/div><\/div><\/div><\/div><\/section><section class=\"l-section wpb_row height_medium color_alternate\"><div class=\"l-section-h i-cf\"><div class=\"g-cols vc_row type_default valign_middle\"><div class=\"vc_col-sm-3 wpb_column vc_column_container animate_afb\"><div class=\"vc_column-inner\"><div class=\"wpb_wrapper\"><div class=\"wpb_text_column\" ><div class=\"wpb_wrapper\"><h4>Social Media:<\/h4>\n<\/div><\/div><\/div><\/div><\/div><div class=\"vc_col-sm-3 wpb_column vc_column_container animate_afb\"><div class=\"vc_column-inner\"><div class=\"wpb_wrapper\"><\/div><\/div><\/div><div class=\"vc_col-sm-3 wpb_column vc_column_container animate_afb\" style=\"animation-delay:0.2s\"><div class=\"vc_column-inner\"><div class=\"wpb_wrapper\"><div class=\"wpb_text_column\" ><div class=\"wpb_wrapper\"><h3><a href=\"https:\/\/www.instagram.com\/demsanahsap\/\">instagram<\/a><\/h3>\n<\/div><\/div><\/div><\/div><\/div><div class=\"vc_col-sm-3 wpb_column vc_column_container animate_afb\" style=\"animation-delay:0.4s\"><div class=\"vc_column-inner\"><div class=\"wpb_wrapper\"><div class=\"wpb_text_column\" ><div class=\"wpb_wrapper\"><h3><a href=\"#\">pinterest<\/a><\/h3>\n<\/div><\/div><\/div><\/div><\/div><\/div><\/div><\/section><section class=\"l-section wpb_row height_medium\"><div class=\"l-section-h i-cf\"><div class=\"g-cols vc_row type_default valign_top\"><div class=\"vc_col-sm-6 wpb_column vc_column_container animate_afb\"><div class=\"vc_column-inner\"><div class=\"wpb_wrapper\"><div class=\"wpb_text_column\" ><div class=\"wpb_wrapper\"><h6 class=\"l-canvas type_wide\" style=\"text-align: left;\">Make your dream projects come true with expert team support.<\/h6>\n<\/div><\/div><div class=\"w-separator size_small\"><\/div>\n<div class=\"wpcf7 no-js\" id=\"wpcf7-f4037-o1\" lang=\"tr-TR\" dir=\"ltr\">\n<div class=\"screen-reader-response\"><p role=\"status\" aria-live=\"polite\" aria-atomic=\"true\"><\/p> <ul><\/ul><\/div>\n<form action=\"\/en\/wp-json\/wp\/v2\/pages\/1541#wpcf7-f4037-o1\" method=\"post\" class=\"wpcf7-form init\" aria-label=\"Contact form\" novalidate=\"novalidate\" data-status=\"init\" data-trp-original-action=\"\/en\/wp-json\/wp\/v2\/pages\/1541#wpcf7-f4037-o1\">\n<div style=\"display: none;\">\n<input type=\"hidden\" name=\"_wpcf7\" value=\"4037\" \/>\n<input type=\"hidden\" name=\"_wpcf7_version\" value=\"5.8\" \/>\n<input type=\"hidden\" name=\"_wpcf7_locale\" value=\"tr_TR\" \/>\n<input type=\"hidden\" name=\"_wpcf7_unit_tag\" value=\"wpcf7-f4037-o1\" \/>\n<input type=\"hidden\" name=\"_wpcf7_container_post\" value=\"0\" \/>\n<input type=\"hidden\" name=\"_wpcf7_posted_data_hash\" value=\"\" \/>\n<\/div>\n<p><label> E-mail Address<br \/>\n<span class=\"wpcf7-form-control-wrap\" data-name=\"your-email\"><input size=\"40\" class=\"wpcf7-form-control wpcf7-email wpcf7-validates-as-required wpcf7-text wpcf7-validates-as-email\" aria-required=\"true\" aria-invalid=\"false\" value=\"\" type=\"email\" name=\"your-email\" \/><\/span> <\/label>\n<\/p>\n<p><label> Message<br \/>\n<span class=\"wpcf7-form-control-wrap\" data-name=\"your-message\"><textarea cols=\"40\" rows=\"10\" class=\"wpcf7-form-control wpcf7-textarea\" aria-invalid=\"false\" name=\"your-message\"><\/textarea><\/span> <\/label><br \/>\n<label> <span class=\"wpcf7-form-control-wrap\" data-name=\"acceptance-202\"><span class=\"wpcf7-form-control wpcf7-acceptance\"><span class=\"wpcf7-list-item\"><label><input type=\"checkbox\" name=\"acceptance-202\" value=\"1\" aria-invalid=\"false\" \/><span class=\"wpcf7-list-item-label\">*KVKK ve ayd\u0131nlatma metnini okudum ve kabul ediyorum.<\/span><\/label><\/span><\/span><\/span><\/label>\n<\/p>\n<p><input class=\"wpcf7-form-control wpcf7-submit has-spinner\" type=\"submit\" value=\"Send Message\" \/>\n<\/p><div class=\"wpcf7-response-output\" aria-hidden=\"true\"><\/div>\n<input type=\"hidden\" name=\"trp-form-language\" value=\"en\"\/><\/form>\n<\/div>\n<\/div><\/div><\/div><div class=\"vc_col-sm-6 wpb_column vc_column_container animate_afb\"><div class=\"vc_column-inner\"><div class=\"wpb_wrapper\"><\/div><\/div><\/div><\/div><\/div><\/section>","protected":false},"excerpt":{"rendered":"\u0130leti\u015fim \u0130zzettin \u00c7al\u0131\u015flar Cad. No:64 \/ A Bah\u00e7elievler \u2013 \u0130STANBULTelefon: +90 212 505 8925Cep Telefonu: +90 533 699 31 85 info@demsanahsap.com Sosyal Medya: instagram pinterest Uzman ekip deste\u011fiyle hayalinizdeki tasar\u0131mlar\u0131 hayata ge\u00e7irin. E-posta adresiniz \u0130letiniz *KVKK ve ayd\u0131nlatma metnini okudum ve kabul ediyorum.","protected":false},"author":1,"featured_media":0,"parent":0,"menu_order":0,"comment_status":"closed","ping_status":"closed","template":"","meta":{"footnotes":""},"class_list":["post-1541","page","type-page","status-publish","hentry"],"yoast_head":"<!-- This site is optimized with the Yoast SEO plugin v21.1 - https:\/\/yoast.com\/wordpress\/plugins\/seo\/ -->\n<title>\u0130leti\u015fim | Demsan Ah\u015fap Mimarl\u0131k<\/title>\n<meta name=\"description\" content=\"\u00dccretsiz ke\u015fif, proje, tasar\u0131m ve uygulama, \u0130zzettin \u00c7al\u0131\u015flar Cad. No:64 \/ A Bah\u00e7elievler \u2013 \u0130STANBUL, +90 212 505 8925, +90 533 699 31 85\" \/>\n<meta name=\"robots\" content=\"index, follow, max-snippet:-1, max-image-preview:large, max-video-preview:-1\" \/>\n<link rel=\"canonical\" href=\"https:\/\/demsanahsap.com\/en\/iletisim\/\" \/>\n<meta property=\"og:locale\" content=\"en_US\" \/>\n<meta property=\"og:type\" content=\"article\" \/>\n<meta property=\"og:title\" content=\"\u0130leti\u015fim | Demsan Ah\u015fap Mimarl\u0131k\" \/>\n<meta property=\"og:description\" content=\"\u00dccretsiz ke\u015fif, proje, tasar\u0131m ve uygulama, \u0130zzettin \u00c7al\u0131\u015flar Cad. No:64 \/ A Bah\u00e7elievler \u2013 \u0130STANBUL, +90 212 505 8925, +90 533 699 31 85\" \/>\n<meta property=\"og:url\" content=\"https:\/\/demsanahsap.com\/en\/iletisim\/\" \/>\n<meta property=\"og:site_name\" content=\"Demsan Ah\u015fap Mimarl\u0131k\" \/>\n<meta property=\"article:modified_time\" content=\"2021-04-06T14:09:33+00:00\" \/>\n<meta name=\"twitter:card\" content=\"summary_large_image\" \/>\n<meta name=\"twitter:label1\" content=\"Est. reading time\" \/>\n\t<meta name=\"twitter:data1\" content=\"1 minute\" \/>\n<script type=\"application\/ld+json\" class=\"yoast-schema-graph\">{\"@context\":\"https:\/\/schema.org\",\"@graph\":[{\"@type\":[\"WebPage\",\"ContactPage\"],\"@id\":\"https:\/\/demsanahsap.com\/iletisim\/\",\"url\":\"https:\/\/demsanahsap.com\/iletisim\/\",\"name\":\"\u0130leti\u015fim | Demsan Ah\u015fap Mimarl\u0131k\",\"isPartOf\":{\"@id\":\"https:\/\/demsanahsap.com\/#website\"},\"datePublished\":\"2021-04-01T10:32:08+00:00\",\"dateModified\":\"2021-04-06T14:09:33+00:00\",\"description\":\"\u00dccretsiz ke\u015fif, proje, tasar\u0131m ve uygulama, \u0130zzettin \u00c7al\u0131\u015flar Cad. No:64 \/ A Bah\u00e7elievler \u2013 \u0130STANBUL, +90 212 505 8925, +90 533 699 31 85\",\"breadcrumb\":{\"@id\":\"https:\/\/demsanahsap.com\/iletisim\/#breadcrumb\"},\"inLanguage\":\"en-US\",\"potentialAction\":[{\"@type\":\"ReadAction\",\"target\":[\"https:\/\/demsanahsap.com\/iletisim\/\"]}]},{\"@type\":\"BreadcrumbList\",\"@id\":\"https:\/\/demsanahsap.com\/iletisim\/#breadcrumb\",\"itemListElement\":[{\"@type\":\"ListItem\",\"position\":1,\"name\":\"Anasayfa\",\"item\":\"https:\/\/demsanahsap.com\/\"},{\"@type\":\"ListItem\",\"position\":2,\"name\":\"\u0130leti\u015fim\"}]},{\"@type\":\"WebSite\",\"@id\":\"https:\/\/demsanahsap.com\/#website\",\"url\":\"https:\/\/demsanahsap.com\/\",\"name\":\"Demsan Ah\u015fap Mimarl\u0131k\",\"description\":\"En iyi tav\u0131rla, en iyi sanat\",\"publisher\":{\"@id\":\"https:\/\/demsanahsap.com\/#organization\"},\"potentialAction\":[{\"@type\":\"SearchAction\",\"target\":{\"@type\":\"EntryPoint\",\"urlTemplate\":\"https:\/\/demsanahsap.com\/?s={search_term_string}\"},\"query-input\":\"required name=search_term_string\"}],\"inLanguage\":\"en-US\"},{\"@type\":\"Organization\",\"@id\":\"https:\/\/demsanahsap.com\/#organization\",\"name\":\"Demsan Ah\u015fap Mimarl\u0131k\",\"url\":\"https:\/\/demsanahsap.com\/\",\"logo\":{\"@type\":\"ImageObject\",\"inLanguage\":\"en-US\",\"@id\":\"https:\/\/demsanahsap.com\/#\/schema\/logo\/image\/\",\"url\":\"https:\/\/demsanahsap.com\/wp-content\/uploads\/2021\/02\/demsanlogo.png\",\"contentUrl\":\"https:\/\/demsanahsap.com\/wp-content\/uploads\/2021\/02\/demsanlogo.png\",\"width\":800,\"height\":128,\"caption\":\"Demsan Ah\u015fap Mimarl\u0131k\"},\"image\":{\"@id\":\"https:\/\/demsanahsap.com\/#\/schema\/logo\/image\/\"},\"sameAs\":[\"https:\/\/www.instagram.com\/demsanahsap\/\",\"https:\/\/tr.pinterest.com\/demsanahsap\"]}]}<\/script>\n<!-- \/ Yoast SEO plugin. -->","yoast_head_json":{"title":"\u0130leti\u015fim | Demsan Ah\u015fap Mimarl\u0131k","description":"\u00dccretsiz ke\u015fif, proje, tasar\u0131m ve uygulama, \u0130zzettin \u00c7al\u0131\u015flar Cad. No:64 \/ A Bah\u00e7elievler \u2013 \u0130STANBUL, +90 212 505 8925, +90 533 699 31 85","robots":{"index":"index","follow":"follow","max-snippet":"max-snippet:-1","max-image-preview":"max-image-preview:large","max-video-preview":"max-video-preview:-1"},"canonical":"https:\/\/demsanahsap.com\/en\/iletisim\/","og_locale":"en_US","og_type":"article","og_title":"\u0130leti\u015fim | Demsan Ah\u015fap Mimarl\u0131k","og_description":"\u00dccretsiz ke\u015fif, proje, tasar\u0131m ve uygulama, \u0130zzettin \u00c7al\u0131\u015flar Cad. No:64 \/ A Bah\u00e7elievler \u2013 \u0130STANBUL, +90 212 505 8925, +90 533 699 31 85","og_url":"https:\/\/demsanahsap.com\/en\/iletisim\/","og_site_name":"Demsan Ah\u015fap Mimarl\u0131k","article_modified_time":"2021-04-06T14:09:33+00:00","twitter_card":"summary_large_image","twitter_misc":{"Est. reading time":"1 minute"},"schema":{"@context":"https:\/\/schema.org","@graph":[{"@type":["WebPage","ContactPage"],"@id":"https:\/\/demsanahsap.com\/iletisim\/","url":"https:\/\/demsanahsap.com\/iletisim\/","name":"\u0130leti\u015fim | Demsan Ah\u015fap Mimarl\u0131k","isPartOf":{"@id":"https:\/\/demsanahsap.com\/#website"},"datePublished":"2021-04-01T10:32:08+00:00","dateModified":"2021-04-06T14:09:33+00:00","description":"\u00dccretsiz ke\u015fif, proje, tasar\u0131m ve uygulama, \u0130zzettin \u00c7al\u0131\u015flar Cad. No:64 \/ A Bah\u00e7elievler \u2013 \u0130STANBUL, +90 212 505 8925, +90 533 699 31 85","breadcrumb":{"@id":"https:\/\/demsanahsap.com\/iletisim\/#breadcrumb"},"inLanguage":"en-US","potentialAction":[{"@type":"ReadAction","target":["https:\/\/demsanahsap.com\/iletisim\/"]}]},{"@type":"BreadcrumbList","@id":"https:\/\/demsanahsap.com\/iletisim\/#breadcrumb","itemListElement":[{"@type":"ListItem","position":1,"name":"Anasayfa","item":"https:\/\/demsanahsap.com\/"},{"@type":"ListItem","position":2,"name":"\u0130leti\u015fim"}]},{"@type":"WebSite","@id":"https:\/\/demsanahsap.com\/#website","url":"https:\/\/demsanahsap.com\/","name":"Demsan Ah\u015fap Mimarl\u0131k","description":"En iyi tav\u0131rla, en iyi sanat","publisher":{"@id":"https:\/\/demsanahsap.com\/#organization"},"potentialAction":[{"@type":"SearchAction","target":{"@type":"EntryPoint","urlTemplate":"https:\/\/demsanahsap.com\/?s={search_term_string}"},"query-input":"required name=search_term_string"}],"inLanguage":"en-US"},{"@type":"Organization","@id":"https:\/\/demsanahsap.com\/#organization","name":"Demsan Ah\u015fap Mimarl\u0131k","url":"https:\/\/demsanahsap.com\/","logo":{"@type":"ImageObject","inLanguage":"en-US","@id":"https:\/\/demsanahsap.com\/#\/schema\/logo\/image\/","url":"https:\/\/demsanahsap.com\/wp-content\/uploads\/2021\/02\/demsanlogo.png","contentUrl":"https:\/\/demsanahsap.com\/wp-content\/uploads\/2021\/02\/demsanlogo.png","width":800,"height":128,"caption":"Demsan Ah\u015fap Mimarl\u0131k"},"image":{"@id":"https:\/\/demsanahsap.com\/#\/schema\/logo\/image\/"},"sameAs":["https:\/\/www.instagram.com\/demsanahsap\/","https:\/\/tr.pinterest.com\/demsanahsap"]}]}},"_links":{"self":[{"href":"https:\/\/demsanahsap.com\/en\/wp-json\/wp\/v2\/pages\/1541","targetHints":{"allow":["GET"]}}],"collection":[{"href":"https:\/\/demsanahsap.com\/en\/wp-json\/wp\/v2\/pages"}],"about":[{"href":"https:\/\/demsanahsap.com\/en\/wp-json\/wp\/v2\/types\/page"}],"author":[{"embeddable":true,"href":"https:\/\/demsanahsap.com\/en\/wp-json\/wp\/v2\/users\/1"}],"replies":[{"embeddable":true,"href":"https:\/\/demsanahsap.com\/en\/wp-json\/wp\/v2\/comments?post=1541"}],"version-history":[{"count":127,"href":"https:\/\/demsanahsap.com\/en\/wp-json\/wp\/v2\/pages\/1541\/revisions"}],"predecessor-version":[{"id":4605,"href":"https:\/\/demsanahsap.com\/en\/wp-json\/wp\/v2\/pages\/1541\/revisions\/4605"}],"wp:attachment":[{"href":"https:\/\/demsanahsap.com\/en\/wp-json\/wp\/v2\/media?parent=1541"}],"curies":[{"name":"wp","href":"https:\/\/api.w.org\/{rel}","templated":true}]}}