{"id":1301,"date":"2021-04-01T09:57:17","date_gmt":"2021-04-01T06:57:17","guid":{"rendered":"http:\/\/impreza7.us-themes.com\/?page_id=1301"},"modified":"2021-04-06T13:49:08","modified_gmt":"2021-04-06T10:49:08","slug":"hizmetler","status":"publish","type":"page","link":"https:\/\/demsanahsap.com\/en\/hizmetler\/","title":{"rendered":"Services"},"content":{"rendered":"<section class=\"l-section wpb_row height_medium\"><div class=\"l-section-h i-cf\"><div class=\"g-cols vc_row type_default valign_top\"><div class=\"vc_col-sm-12 wpb_column vc_column_container animate_afb\"><div class=\"vc_column-inner\"><div class=\"wpb_wrapper\"><div class=\"wpb_text_column\" ><div class=\"wpb_wrapper\"><h1>Services<\/h1>\n<\/div><\/div><div class=\"w-separator size_medium\"><\/div><div class=\"wpb_text_column\" ><div class=\"wpb_wrapper\"><p>Demsan has architectural knowledge and experience to provide all services from foundation to roof, from rough to fine work. It designs and manufactures from the kitchen cutting board to the boat.<\/p>\n<\/div><\/div><\/div><\/div><\/div><\/div><\/div><\/section><section class=\"l-section wpb_row height_auto\"><div class=\"l-section-h i-cf\"><div class=\"g-cols vc_row type_default valign_top reversed\"><div class=\"vc_col-sm-6 vc_hidden-sm vc_hidden-xs wpb_column vc_column_container animate_afb\" style=\"animation-delay:0.5s\"><div class=\"vc_column-inner\"><div class=\"wpb_wrapper\"><div class=\"w-image style_circle align_none\"><div class=\"w-image-h\"><img loading=\"lazy\" decoding=\"async\" width=\"600\" height=\"600\" src=\"https:\/\/demsanahsap.com\/wp-content\/uploads\/2021\/04\/Konut-Projesi-1-e1617666532165.jpg\" class=\"attachment-us_600_600_crop size-us_600_600_crop\" alt=\"\" \/><\/div><\/div><\/div><\/div><\/div><div class=\"vc_col-sm-6 wpb_column vc_column_container animate_afb\" style=\"animation-delay:0.5s\"><div class=\"vc_column-inner\"><div class=\"wpb_wrapper\"><div class=\"w-separator size_huge\"><\/div><div class=\"w-separator size_medium\"><\/div><div class=\"wpb_text_column\" ><div class=\"wpb_wrapper\"><h2>Housing<\/h2>\n<p class=\" translation-block\">The areas requested by the customer are designed by the architect in the most appropriate way and presented to the customer. <strong> Demsan <\/strong> has the team and experience to work <em> \"turnkey\" <\/em> if the customer wishes. It is the mission of the company to provide the satisfaction that will gain reference after the work it has done.<\/p>\n<\/div><\/div><div class=\"w-separator size_medium\"><\/div><\/div><\/div><\/div><\/div><\/div><\/section><section class=\"l-section wpb_row height_auto\"><div class=\"l-section-h i-cf\"><div class=\"g-cols vc_row type_default valign_top\"><div class=\"vc_col-sm-6 wpb_column vc_column_container animate_afb\" style=\"animation-delay:0.5s\"><div class=\"vc_column-inner\"><div class=\"wpb_wrapper\"><div class=\"w-separator size_huge\"><\/div><div class=\"w-separator size_medium\"><\/div><div class=\"wpb_text_column\" ><div class=\"wpb_wrapper\"><h2>Corporate Project<\/h2>\n<p class=\" translation-block\"><strong> Demsan <\/strong> has taken places in many large projects such as hospitals, schools, hotels, restaurant chains and residences both at home and abroad. It does not compromise from on timely delivery by positioning the field team correctly.<\/p>\n<\/div><\/div><div class=\"w-separator size_medium\"><\/div><\/div><\/div><\/div><div class=\"vc_col-sm-6 vc_hidden-sm vc_hidden-xs wpb_column vc_column_container animate_afb\"><div class=\"vc_column-inner\"><div class=\"wpb_wrapper\"><div class=\"w-image style_circle align_right\"><div class=\"w-image-h\"><img loading=\"lazy\" decoding=\"async\" width=\"600\" height=\"600\" src=\"https:\/\/demsanahsap.com\/wp-content\/uploads\/2021\/04\/Toplu-Is-1.jpg\" class=\"attachment-us_600_600_crop size-us_600_600_crop\" alt=\"\" srcset=\"https:\/\/demsanahsap.com\/wp-content\/uploads\/2021\/04\/Toplu-Is-1.jpg 1024w, https:\/\/demsanahsap.com\/wp-content\/uploads\/2021\/04\/Toplu-Is-1-300x300.jpg 300w, https:\/\/demsanahsap.com\/wp-content\/uploads\/2021\/04\/Toplu-Is-1-150x150.jpg 150w, https:\/\/demsanahsap.com\/wp-content\/uploads\/2021\/04\/Toplu-Is-1-12x12.jpg 12w, https:\/\/demsanahsap.com\/wp-content\/uploads\/2021\/04\/Toplu-Is-1-50x50.jpg 50w\" sizes=\"auto, (max-width: 600px) 100vw, 600px\" \/><\/div><\/div><\/div><\/div><\/div><\/div><\/div><\/section><section class=\"l-section wpb_row height_auto\"><div class=\"l-section-h i-cf\"><div class=\"g-cols vc_row type_default valign_top reversed\"><div class=\"vc_col-sm-6 vc_hidden-sm vc_hidden-xs wpb_column vc_column_container animate_afb\" style=\"animation-delay:0.5s\"><div class=\"vc_column-inner\"><div class=\"wpb_wrapper\"><div class=\"w-image style_circle align_none\"><div class=\"w-image-h\"><img loading=\"lazy\" decoding=\"async\" width=\"600\" height=\"600\" src=\"https:\/\/demsanahsap.com\/wp-content\/uploads\/2021\/04\/Butik-Is-1.jpg\" class=\"attachment-us_600_600_crop size-us_600_600_crop\" alt=\"\" srcset=\"https:\/\/demsanahsap.com\/wp-content\/uploads\/2021\/04\/Butik-Is-1.jpg 1024w, https:\/\/demsanahsap.com\/wp-content\/uploads\/2021\/04\/Butik-Is-1-300x300.jpg 300w, https:\/\/demsanahsap.com\/wp-content\/uploads\/2021\/04\/Butik-Is-1-150x150.jpg 150w, https:\/\/demsanahsap.com\/wp-content\/uploads\/2021\/04\/Butik-Is-1-12x12.jpg 12w, https:\/\/demsanahsap.com\/wp-content\/uploads\/2021\/04\/Butik-Is-1-50x50.jpg 50w\" sizes=\"auto, (max-width: 600px) 100vw, 600px\" \/><\/div><\/div><\/div><\/div><\/div><div class=\"vc_col-sm-6 wpb_column vc_column_container animate_afb\" style=\"animation-delay:0.5s\"><div class=\"vc_column-inner\"><div class=\"wpb_wrapper\"><div class=\"w-separator size_huge\"><\/div><div class=\"w-separator size_medium\"><\/div><div class=\"wpb_text_column\" ><div class=\"wpb_wrapper\"><h2>Custom Furniture<\/h2>\n<p class=\" translation-block\"><strong> Demsan <\/strong> offers special design products such as coffee tables, tables, shelves, consoles, buffets, make-up tables, bookcases and fireplaces for the customer's taste. The products are designed and produced individually and suitable for the place.<\/p>\n<\/div><\/div><div class=\"w-separator size_medium\"><\/div><\/div><\/div><\/div><\/div><\/div><\/section><section class=\"l-section wpb_row height_auto\"><div class=\"l-section-h i-cf\"><div class=\"g-cols vc_row type_default valign_top\"><div class=\"vc_col-sm-6 wpb_column vc_column_container animate_afb\" style=\"animation-delay:0.5s\"><div class=\"vc_column-inner\"><div class=\"wpb_wrapper\"><div class=\"w-separator size_huge\"><\/div><div class=\"w-separator size_medium\"><\/div><div class=\"wpb_text_column\" ><div class=\"wpb_wrapper\"><h2>3D Architectural Visualization<\/h2>\n<p>The projects designed by architects using 3D visualization programs aim to display the spaces with more accurate colors and products by staging them closer to reality. Demsan architects do not ignore the reality factor in 3D visualization and always make the projects that can be applied in the most accurate way, considering the user requests.<\/p>\n<\/div><\/div><div class=\"w-separator size_medium\"><\/div><\/div><\/div><\/div><div class=\"vc_col-sm-6 vc_hidden-sm vc_hidden-xs wpb_column vc_column_container animate_afb\"><div class=\"vc_column-inner\"><div class=\"wpb_wrapper\"><div class=\"w-image style_circle align_right\"><div class=\"w-image-h\"><img loading=\"lazy\" decoding=\"async\" width=\"600\" height=\"600\" src=\"https:\/\/demsanahsap.com\/wp-content\/uploads\/2021\/04\/3D-Mimari-Gorsellestirme-1.jpg\" class=\"attachment-us_600_600_crop size-us_600_600_crop\" alt=\"\" srcset=\"https:\/\/demsanahsap.com\/wp-content\/uploads\/2021\/04\/3D-Mimari-Gorsellestirme-1.jpg 1024w, https:\/\/demsanahsap.com\/wp-content\/uploads\/2021\/04\/3D-Mimari-Gorsellestirme-1-300x300.jpg 300w, https:\/\/demsanahsap.com\/wp-content\/uploads\/2021\/04\/3D-Mimari-Gorsellestirme-1-150x150.jpg 150w, https:\/\/demsanahsap.com\/wp-content\/uploads\/2021\/04\/3D-Mimari-Gorsellestirme-1-12x12.jpg 12w, https:\/\/demsanahsap.com\/wp-content\/uploads\/2021\/04\/3D-Mimari-Gorsellestirme-1-50x50.jpg 50w\" sizes=\"auto, (max-width: 600px) 100vw, 600px\" \/><\/div><\/div><\/div><\/div><\/div><\/div><\/div><\/section><section class=\"l-section wpb_row height_auto width_full\"><div class=\"l-section-h i-cf\"><div class=\"g-cols vc_row type_default valign_top\"><div class=\"vc_col-sm-12 wpb_column vc_column_container\"><div class=\"vc_column-inner\"><div class=\"wpb_wrapper\"><section class=\"l-section wpb_row height_medium\"><div class=\"l-section-h i-cf\"><div class=\"g-cols vc_row type_default valign_top\"><div class=\"vc_col-sm-12 wpb_column vc_column_container animate_afb\"><div class=\"vc_column-inner\"><div class=\"wpb_wrapper\"><div class=\"wpb_text_column\" ><div class=\"wpb_wrapper\"><h2>Need more details?<\/h2>\n<\/div><\/div><\/div><\/div><\/div><\/div><\/div><\/section><section class=\"l-section wpb_row height_medium color_alternate\"><div class=\"l-section-h i-cf\"><div class=\"g-cols vc_row type_default valign_top\"><div class=\"vc_col-sm-6 wpb_column vc_column_container animate_fade\"><div class=\"vc_column-inner\"><div class=\"wpb_wrapper\"><div class=\"wpb_text_column\" ><div class=\"wpb_wrapper\"><h3><a href=\"mailto:info@demsanahsap.com\">info@demsanahsap.com<\/a><\/h3>\n<\/div><\/div><\/div><\/div><\/div><div class=\"vc_col-sm-4 wpb_column vc_column_container animate_afb\" style=\"animation-delay:0.25s\"><div class=\"vc_column-inner\"><div class=\"wpb_wrapper\"><div class=\"wpb_text_column\" ><div class=\"wpb_wrapper\"><h6>Make your dream projects come true with expert team support.<\/h6>\n<\/div><\/div><\/div><\/div><\/div><\/div><\/div><\/section>\n<\/div><\/div><\/div><\/div><\/div><\/section>","protected":false},"excerpt":{"rendered":"Hizmetler Demsan temelden \u00e7at\u0131ya, kaba in\u015faattan ince i\u015fe t\u00fcm hizmetleri sa\u011flayabilecek mimari bilgi ve deneyime sahiptir. Mutfak kesme tahtas\u0131ndan tekneye kadar tasar\u0131m ve \u00fcretim yapmaktad\u0131r. Konut M\u00fc\u015fterinin istedi\u011fi alanlar mimar taraf\u0131ndan en uygun \u015fekilde tasarlan\u0131p m\u00fc\u015fteriye sunulmaktad\u0131r. Demsan, m\u00fc\u015fterisi isterse \u201canahtar teslim\u201d \u00e7al\u0131\u015fabilecek ekibe ve tecr\u00fcbeye sahiptir. Yapt\u0131\u011f\u0131 i\u015ften sonra referans kazanacak memnuniyeti sa\u011flamak firman\u0131n...","protected":false},"author":1,"featured_media":0,"parent":0,"menu_order":0,"comment_status":"closed","ping_status":"closed","template":"","meta":{"footnotes":""},"class_list":["post-1301","page","type-page","status-publish","hentry"],"yoast_head":"<!-- This site is optimized with the Yoast SEO plugin v21.1 - https:\/\/yoast.com\/wordpress\/plugins\/seo\/ -->\n<title>Hizmetler | Demsan Ah\u015fap Mimarl\u0131k<\/title>\n<meta name=\"description\" content=\"Demsan temelden \u00e7at\u0131ya, kaba in\u015faattan ince i\u015fe t\u00fcm hizmetleri sa\u011flayabilecek mimari bilgi ve deneyime sahiptir. Mutfak kesme tahtas\u0131ndan tekneye kadar tasar\u0131m ve \u00fcretim yapmaktad\u0131r.\" \/>\n<meta name=\"robots\" content=\"index, follow, max-snippet:-1, max-image-preview:large, max-video-preview:-1\" \/>\n<link rel=\"canonical\" href=\"https:\/\/demsanahsap.com\/en\/hizmetler\/\" \/>\n<meta property=\"og:locale\" content=\"en_US\" \/>\n<meta property=\"og:type\" content=\"article\" \/>\n<meta property=\"og:title\" content=\"Hizmetler | Demsan Ah\u015fap Mimarl\u0131k\" \/>\n<meta property=\"og:description\" content=\"Demsan temelden \u00e7at\u0131ya, kaba in\u015faattan ince i\u015fe t\u00fcm hizmetleri sa\u011flayabilecek mimari bilgi ve deneyime sahiptir. Mutfak kesme tahtas\u0131ndan tekneye kadar tasar\u0131m ve \u00fcretim yapmaktad\u0131r.\" \/>\n<meta property=\"og:url\" content=\"https:\/\/demsanahsap.com\/en\/hizmetler\/\" \/>\n<meta property=\"og:site_name\" content=\"Demsan Ah\u015fap Mimarl\u0131k\" \/>\n<meta property=\"article:modified_time\" content=\"2021-04-06T10:49:08+00:00\" \/>\n<meta name=\"twitter:card\" content=\"summary_large_image\" \/>\n<meta name=\"twitter:label1\" content=\"Est. reading time\" \/>\n\t<meta name=\"twitter:data1\" content=\"2 minutes\" \/>\n<script type=\"application\/ld+json\" class=\"yoast-schema-graph\">{\"@context\":\"https:\/\/schema.org\",\"@graph\":[{\"@type\":\"WebPage\",\"@id\":\"https:\/\/demsanahsap.com\/hizmetler\/\",\"url\":\"https:\/\/demsanahsap.com\/hizmetler\/\",\"name\":\"Hizmetler | Demsan Ah\u015fap Mimarl\u0131k\",\"isPartOf\":{\"@id\":\"https:\/\/demsanahsap.com\/#website\"},\"datePublished\":\"2021-04-01T06:57:17+00:00\",\"dateModified\":\"2021-04-06T10:49:08+00:00\",\"description\":\"Demsan temelden \u00e7at\u0131ya, kaba in\u015faattan ince i\u015fe t\u00fcm hizmetleri sa\u011flayabilecek mimari bilgi ve deneyime sahiptir. Mutfak kesme tahtas\u0131ndan tekneye kadar tasar\u0131m ve \u00fcretim yapmaktad\u0131r.\",\"breadcrumb\":{\"@id\":\"https:\/\/demsanahsap.com\/hizmetler\/#breadcrumb\"},\"inLanguage\":\"en-US\",\"potentialAction\":[{\"@type\":\"ReadAction\",\"target\":[\"https:\/\/demsanahsap.com\/hizmetler\/\"]}]},{\"@type\":\"BreadcrumbList\",\"@id\":\"https:\/\/demsanahsap.com\/hizmetler\/#breadcrumb\",\"itemListElement\":[{\"@type\":\"ListItem\",\"position\":1,\"name\":\"Anasayfa\",\"item\":\"https:\/\/demsanahsap.com\/\"},{\"@type\":\"ListItem\",\"position\":2,\"name\":\"Hizmetler\"}]},{\"@type\":\"WebSite\",\"@id\":\"https:\/\/demsanahsap.com\/#website\",\"url\":\"https:\/\/demsanahsap.com\/\",\"name\":\"Demsan Ah\u015fap Mimarl\u0131k\",\"description\":\"En iyi tav\u0131rla, en iyi sanat\",\"publisher\":{\"@id\":\"https:\/\/demsanahsap.com\/#organization\"},\"potentialAction\":[{\"@type\":\"SearchAction\",\"target\":{\"@type\":\"EntryPoint\",\"urlTemplate\":\"https:\/\/demsanahsap.com\/?s={search_term_string}\"},\"query-input\":\"required name=search_term_string\"}],\"inLanguage\":\"en-US\"},{\"@type\":\"Organization\",\"@id\":\"https:\/\/demsanahsap.com\/#organization\",\"name\":\"Demsan Ah\u015fap Mimarl\u0131k\",\"url\":\"https:\/\/demsanahsap.com\/\",\"logo\":{\"@type\":\"ImageObject\",\"inLanguage\":\"en-US\",\"@id\":\"https:\/\/demsanahsap.com\/#\/schema\/logo\/image\/\",\"url\":\"https:\/\/demsanahsap.com\/wp-content\/uploads\/2021\/02\/demsanlogo.png\",\"contentUrl\":\"https:\/\/demsanahsap.com\/wp-content\/uploads\/2021\/02\/demsanlogo.png\",\"width\":800,\"height\":128,\"caption\":\"Demsan Ah\u015fap Mimarl\u0131k\"},\"image\":{\"@id\":\"https:\/\/demsanahsap.com\/#\/schema\/logo\/image\/\"},\"sameAs\":[\"https:\/\/www.instagram.com\/demsanahsap\/\",\"https:\/\/tr.pinterest.com\/demsanahsap\"]}]}<\/script>\n<!-- \/ Yoast SEO plugin. -->","yoast_head_json":{"title":"Hizmetler | Demsan Ah\u015fap Mimarl\u0131k","description":"Demsan temelden \u00e7at\u0131ya, kaba in\u015faattan ince i\u015fe t\u00fcm hizmetleri sa\u011flayabilecek mimari bilgi ve deneyime sahiptir. Mutfak kesme tahtas\u0131ndan tekneye kadar tasar\u0131m ve \u00fcretim yapmaktad\u0131r.","robots":{"index":"index","follow":"follow","max-snippet":"max-snippet:-1","max-image-preview":"max-image-preview:large","max-video-preview":"max-video-preview:-1"},"canonical":"https:\/\/demsanahsap.com\/en\/hizmetler\/","og_locale":"en_US","og_type":"article","og_title":"Hizmetler | Demsan Ah\u015fap Mimarl\u0131k","og_description":"Demsan temelden \u00e7at\u0131ya, kaba in\u015faattan ince i\u015fe t\u00fcm hizmetleri sa\u011flayabilecek mimari bilgi ve deneyime sahiptir. Mutfak kesme tahtas\u0131ndan tekneye kadar tasar\u0131m ve \u00fcretim yapmaktad\u0131r.","og_url":"https:\/\/demsanahsap.com\/en\/hizmetler\/","og_site_name":"Demsan Ah\u015fap Mimarl\u0131k","article_modified_time":"2021-04-06T10:49:08+00:00","twitter_card":"summary_large_image","twitter_misc":{"Est. reading time":"2 minutes"},"schema":{"@context":"https:\/\/schema.org","@graph":[{"@type":"WebPage","@id":"https:\/\/demsanahsap.com\/hizmetler\/","url":"https:\/\/demsanahsap.com\/hizmetler\/","name":"Hizmetler | Demsan Ah\u015fap Mimarl\u0131k","isPartOf":{"@id":"https:\/\/demsanahsap.com\/#website"},"datePublished":"2021-04-01T06:57:17+00:00","dateModified":"2021-04-06T10:49:08+00:00","description":"Demsan temelden \u00e7at\u0131ya, kaba in\u015faattan ince i\u015fe t\u00fcm hizmetleri sa\u011flayabilecek mimari bilgi ve deneyime sahiptir. Mutfak kesme tahtas\u0131ndan tekneye kadar tasar\u0131m ve \u00fcretim yapmaktad\u0131r.","breadcrumb":{"@id":"https:\/\/demsanahsap.com\/hizmetler\/#breadcrumb"},"inLanguage":"en-US","potentialAction":[{"@type":"ReadAction","target":["https:\/\/demsanahsap.com\/hizmetler\/"]}]},{"@type":"BreadcrumbList","@id":"https:\/\/demsanahsap.com\/hizmetler\/#breadcrumb","itemListElement":[{"@type":"ListItem","position":1,"name":"Anasayfa","item":"https:\/\/demsanahsap.com\/"},{"@type":"ListItem","position":2,"name":"Hizmetler"}]},{"@type":"WebSite","@id":"https:\/\/demsanahsap.com\/#website","url":"https:\/\/demsanahsap.com\/","name":"Demsan Ah\u015fap Mimarl\u0131k","description":"En iyi tav\u0131rla, en iyi sanat","publisher":{"@id":"https:\/\/demsanahsap.com\/#organization"},"potentialAction":[{"@type":"SearchAction","target":{"@type":"EntryPoint","urlTemplate":"https:\/\/demsanahsap.com\/?s={search_term_string}"},"query-input":"required name=search_term_string"}],"inLanguage":"en-US"},{"@type":"Organization","@id":"https:\/\/demsanahsap.com\/#organization","name":"Demsan Ah\u015fap Mimarl\u0131k","url":"https:\/\/demsanahsap.com\/","logo":{"@type":"ImageObject","inLanguage":"en-US","@id":"https:\/\/demsanahsap.com\/#\/schema\/logo\/image\/","url":"https:\/\/demsanahsap.com\/wp-content\/uploads\/2021\/02\/demsanlogo.png","contentUrl":"https:\/\/demsanahsap.com\/wp-content\/uploads\/2021\/02\/demsanlogo.png","width":800,"height":128,"caption":"Demsan Ah\u015fap Mimarl\u0131k"},"image":{"@id":"https:\/\/demsanahsap.com\/#\/schema\/logo\/image\/"},"sameAs":["https:\/\/www.instagram.com\/demsanahsap\/","https:\/\/tr.pinterest.com\/demsanahsap"]}]}},"_links":{"self":[{"href":"https:\/\/demsanahsap.com\/en\/wp-json\/wp\/v2\/pages\/1301","targetHints":{"allow":["GET"]}}],"collection":[{"href":"https:\/\/demsanahsap.com\/en\/wp-json\/wp\/v2\/pages"}],"about":[{"href":"https:\/\/demsanahsap.com\/en\/wp-json\/wp\/v2\/types\/page"}],"author":[{"embeddable":true,"href":"https:\/\/demsanahsap.com\/en\/wp-json\/wp\/v2\/users\/1"}],"replies":[{"embeddable":true,"href":"https:\/\/demsanahsap.com\/en\/wp-json\/wp\/v2\/comments?post=1301"}],"version-history":[{"count":32,"href":"https:\/\/demsanahsap.com\/en\/wp-json\/wp\/v2\/pages\/1301\/revisions"}],"predecessor-version":[{"id":4511,"href":"https:\/\/demsanahsap.com\/en\/wp-json\/wp\/v2\/pages\/1301\/revisions\/4511"}],"wp:attachment":[{"href":"https:\/\/demsanahsap.com\/en\/wp-json\/wp\/v2\/media?parent=1301"}],"curies":[{"name":"wp","href":"https:\/\/api.w.org\/{rel}","templated":true}]}}