{"id":1293,"date":"2021-04-01T09:44:22","date_gmt":"2021-04-01T06:44:22","guid":{"rendered":"http:\/\/impreza7.us-themes.com\/?page_id=1293"},"modified":"2021-04-10T01:21:05","modified_gmt":"2021-04-09T22:21:05","slug":"kurumsal","status":"publish","type":"page","link":"https:\/\/demsanahsap.com\/en\/kurumsal\/","title":{"rendered":"Corporate"},"content":{"rendered":"<section class=\"l-section wpb_row height_auto\"><div class=\"l-section-h i-cf\"><div class=\"g-cols vc_row type_default valign_top\"><div class=\"vc_col-sm-4 wpb_column vc_column_container animate_afb\" style=\"animation-delay:0.5s\"><div class=\"vc_column-inner\"><div class=\"wpb_wrapper\"><div class=\"w-separator size_large\"><\/div><div class=\"wpb_text_column\" ><div class=\"wpb_wrapper\"><h3>Demsan From Past to Present<\/h3>\n<p>Demsan was established in Istanbul in 2003 to serve the wood industry with its new identity. The company history goes back to 1990. The company, which started out with the production of kitchens, bathrooms and doors, provides all architectural services such as cloakroom, stairs, living room furniture, bedroom, youth room, children's room with its R&amp;D and P&amp;D studies.<\/p>\n<p>Demsan serves as retail, special design, collective work and has been involved in many local and international projects so far. R&amp;D and P&amp;D team follows the technological developments in the field in order to provide more modern and quality service to its customers.<\/p>\n<p>The company, which has a closed production of 1,500 m2, always produces specially for its customers. For Demsan, quality has always been a priority. It\u2019s proven by providing warranty support after the delivery of work, both with reference and by serving its second generation customers. Demsan donates saplings after every job got delivered in order to give it to the nature for what it takes from nature.<\/p>\n<\/div><\/div><div class=\"w-separator size_large\"><\/div><\/div><\/div><\/div><div class=\"vc_col-sm-1 wpb_column vc_column_container animate_afc\"><div class=\"vc_column-inner\"><div class=\"wpb_wrapper\"><\/div><\/div><\/div><div class=\"vc_col-sm-7 wpb_column vc_column_container has-fill animate_afb stretched\" style=\"animation-delay:0.7s\"><div class=\"vc_column-inner us_custom_59a7caab\"><div class=\"wpb_wrapper\"><div class=\"w-separator size_custom\" style=\"height:30vmax\"><\/div><\/div><\/div><\/div><\/div><\/div><\/section><section class=\"l-section wpb_row height_medium color_alternate\"><div class=\"l-section-h i-cf\"><div class=\"g-cols vc_row type_default valign_top\"><div class=\"vc_col-sm-6 wpb_column vc_column_container has-fill animate_afb\"><div class=\"vc_column-inner us_custom_c70c97eb\"><div class=\"wpb_wrapper\"><div class=\"wpb_text_column\" ><div class=\"wpb_wrapper\"><h3>Mission<\/h3>\n<p>To serve with on time delivery, quality workmanship, first class materials and personalized design.<\/p>\n<\/div><\/div><\/div><\/div><\/div><div class=\"vc_col-sm-6 wpb_column vc_column_container\"><div class=\"vc_column-inner\"><div class=\"wpb_wrapper\"><div class=\"w-separator size_small\"><\/div><div class=\"wpb_text_column\" ><div class=\"wpb_wrapper\"><h3>Vision<\/h3>\n<p>Become the leading brand in Turkish furniture market to be part of the global World and represent Turkish furniture at it\u2019s best.<\/p>\n<\/div><\/div><\/div><\/div><\/div><\/div><\/div><\/section><section class=\"l-section wpb_row height_large\"><div class=\"l-section-h i-cf\"><div class=\"g-cols vc_row type_default valign_top\"><div class=\"vc_col-sm-8 wpb_column vc_column_container animate_afb\"><div class=\"vc_column-inner\"><div class=\"wpb_wrapper\"><div class=\"wpb_text_column\" ><div class=\"wpb_wrapper\"><h2>Services<\/h2>\n<\/div><\/div><div class=\"w-separator size_medium\"><\/div><div class=\"g-cols wpb_row  type_default valign_top vc_inner\"><div class=\"vc_col-sm-6 wpb_column vc_column_container animate_afb\"><div class=\"vc_column-inner\"><div class=\"wpb_wrapper\"><div class=\"wpb_text_column\" ><div class=\"wpb_wrapper\"><h3>Housing<\/h3>\n<\/div><\/div><\/div><\/div><\/div><div class=\"vc_col-sm-6 wpb_column vc_column_container animate_afb\" style=\"animation-delay:0.5s\"><div class=\"vc_column-inner\"><div class=\"wpb_wrapper\"><div class=\"wpb_text_column\" ><div class=\"wpb_wrapper\"><h3>3D Architectural Visualization<\/h3>\n<\/div><\/div><\/div><\/div><\/div><\/div><div class=\"w-separator size_small\"><\/div><div class=\"g-cols wpb_row  type_default valign_top vc_inner\"><div class=\"vc_col-sm-6 wpb_column vc_column_container animate_afb\"><div class=\"vc_column-inner\"><div class=\"wpb_wrapper\"><div class=\"wpb_text_column\" ><div class=\"wpb_wrapper\"><h3>Corporate Project<\/h3>\n<\/div><\/div><\/div><\/div><\/div><div class=\"vc_col-sm-6 wpb_column vc_column_container animate_afb\" style=\"animation-delay:0.5s\"><div class=\"vc_column-inner\"><div class=\"wpb_wrapper\"><div class=\"wpb_text_column\" ><div class=\"wpb_wrapper\"><h3>Custom Furniture<\/h3>\n<\/div><\/div><\/div><\/div><\/div><\/div><div class=\"w-separator size_medium\"><\/div><div class=\"w-btn-wrapper width_auto align_left\"><a class=\"w-btn us-btn-style_3\" title=\"Services\" href=\"https:\/\/demsanahsap.com\/en\/hizmetler\/\"><span class=\"w-btn-label\">More<\/span><\/a><\/div><\/div><\/div><\/div><div class=\"vc_col-sm-4 wpb_column vc_column_container\"><div class=\"vc_column-inner\"><div class=\"wpb_wrapper\"><\/div><\/div><\/div><\/div><\/div><\/section><section class=\"l-section wpb_row height_auto width_full\"><div class=\"l-section-h i-cf\"><div class=\"g-cols vc_row type_default valign_top\"><div class=\"vc_col-sm-12 wpb_column vc_column_container animate_afb\"><div class=\"vc_column-inner\"><div class=\"wpb_wrapper\"><section class=\"l-section wpb_row height_medium\"><div class=\"l-section-h i-cf\"><div class=\"g-cols vc_row type_default valign_top\"><div class=\"vc_col-sm-12 wpb_column vc_column_container animate_afb\"><div class=\"vc_column-inner\"><div class=\"wpb_wrapper\"><div class=\"wpb_text_column\" ><div class=\"wpb_wrapper\"><h2>Need more details?<\/h2>\n<\/div><\/div><\/div><\/div><\/div><\/div><\/div><\/section><section class=\"l-section wpb_row height_medium color_alternate\"><div class=\"l-section-h i-cf\"><div class=\"g-cols vc_row type_default valign_top\"><div class=\"vc_col-sm-6 wpb_column vc_column_container animate_fade\"><div class=\"vc_column-inner\"><div class=\"wpb_wrapper\"><div class=\"wpb_text_column\" ><div class=\"wpb_wrapper\"><h3><a href=\"mailto:info@demsanahsap.com\">info@demsanahsap.com<\/a><\/h3>\n<\/div><\/div><\/div><\/div><\/div><div class=\"vc_col-sm-4 wpb_column vc_column_container animate_afb\" style=\"animation-delay:0.25s\"><div class=\"vc_column-inner\"><div class=\"wpb_wrapper\"><div class=\"wpb_text_column\" ><div class=\"wpb_wrapper\"><h6>Make your dream projects come true with expert team support.<\/h6>\n<\/div><\/div><\/div><\/div><\/div><\/div><\/div><\/section>\n<\/div><\/div><\/div><\/div><\/div><\/section>","protected":false},"excerpt":{"rendered":"Ge\u00e7mi\u015ften Bug\u00fcne Demsan Demsan, 2003 y\u0131l\u0131nda yeni kimli\u011fiyle ah\u015fap sekt\u00f6r\u00fcnde hizmet vermek i\u00e7in \u0130stanbul\u2019da kurulmu\u015ftur. \u015eirket ge\u00e7mi\u015fi 1990 y\u0131l\u0131na dayanmaktad\u0131r. Mutfak, banyo ve kap\u0131 \u00fcretimiyle yola \u00e7\u0131kan firma g\u00fcn\u00fcm\u00fczde yapt\u0131\u011f\u0131 Ar-Ge ve \u00dcr-Ge \u00e7al\u0131\u015fmalar\u0131yla vestiyer, merdiven, salon mobilyas\u0131, yatak odas\u0131, gen\u00e7 odas\u0131, \u00e7ocuk odas\u0131 gibi t\u00fcm mimarl\u0131k hizmetlerini vermektedir. Demsan perakende, \u00f6zel tasar\u0131m ve toplu...","protected":false},"author":1,"featured_media":0,"parent":0,"menu_order":0,"comment_status":"closed","ping_status":"closed","template":"","meta":{"footnotes":""},"class_list":["post-1293","page","type-page","status-publish","hentry"],"yoast_head":"<!-- This site is optimized with the Yoast SEO plugin v21.1 - https:\/\/yoast.com\/wordpress\/plugins\/seo\/ -->\n<title>Kurumsal | Demsan Ah\u015fap Mimarl\u0131k<\/title>\n<meta name=\"description\" content=\"Demsan, 2003 y\u0131l\u0131nda yeni kimli\u011fiyle ah\u015fap sekt\u00f6r\u00fcnde hizmet vermek i\u00e7in \u0130stanbul\u2019da kurulmu\u015ftur. \u015eirket ge\u00e7mi\u015fi 1990 y\u0131l\u0131na dayanmaktad\u0131r. Mutfak, banyo ve kap\u0131 \u00fcretimiyle yola \u00e7\u0131kan firma g\u00fcn\u00fcm\u00fczde yapt\u0131\u011f\u0131 Ar-Ge ve \u00dcr-Ge \u00e7al\u0131\u015fmalar\u0131yla vestiyer, merdiven, salon mobilyas\u0131, yatak odas\u0131, gen\u00e7 odas\u0131, \u00e7ocuk odas\u0131 gibi t\u00fcm mimarl\u0131k hizmetlerini vermektedir.\" \/>\n<meta name=\"robots\" content=\"index, follow, max-snippet:-1, max-image-preview:large, max-video-preview:-1\" \/>\n<link rel=\"canonical\" href=\"https:\/\/demsanahsap.com\/en\/kurumsal\/\" \/>\n<meta property=\"og:locale\" content=\"en_US\" \/>\n<meta property=\"og:type\" content=\"article\" \/>\n<meta property=\"og:title\" content=\"Kurumsal | Demsan Ah\u015fap Mimarl\u0131k\" \/>\n<meta property=\"og:description\" content=\"Demsan, 2003 y\u0131l\u0131nda yeni kimli\u011fiyle ah\u015fap sekt\u00f6r\u00fcnde hizmet vermek i\u00e7in \u0130stanbul\u2019da kurulmu\u015ftur. \u015eirket ge\u00e7mi\u015fi 1990 y\u0131l\u0131na dayanmaktad\u0131r. Mutfak, banyo ve kap\u0131 \u00fcretimiyle yola \u00e7\u0131kan firma g\u00fcn\u00fcm\u00fczde yapt\u0131\u011f\u0131 Ar-Ge ve \u00dcr-Ge \u00e7al\u0131\u015fmalar\u0131yla vestiyer, merdiven, salon mobilyas\u0131, yatak odas\u0131, gen\u00e7 odas\u0131, \u00e7ocuk odas\u0131 gibi t\u00fcm mimarl\u0131k hizmetlerini vermektedir.\" \/>\n<meta property=\"og:url\" content=\"https:\/\/demsanahsap.com\/en\/kurumsal\/\" \/>\n<meta property=\"og:site_name\" content=\"Demsan Ah\u015fap Mimarl\u0131k\" \/>\n<meta property=\"article:modified_time\" content=\"2021-04-09T22:21:05+00:00\" \/>\n<meta name=\"twitter:card\" content=\"summary_large_image\" \/>\n<meta name=\"twitter:label1\" content=\"Est. reading time\" \/>\n\t<meta name=\"twitter:data1\" content=\"1 minute\" \/>\n<script type=\"application\/ld+json\" class=\"yoast-schema-graph\">{\"@context\":\"https:\/\/schema.org\",\"@graph\":[{\"@type\":[\"WebPage\",\"AboutPage\"],\"@id\":\"https:\/\/demsanahsap.com\/kurumsal\/\",\"url\":\"https:\/\/demsanahsap.com\/kurumsal\/\",\"name\":\"Kurumsal | Demsan Ah\u015fap Mimarl\u0131k\",\"isPartOf\":{\"@id\":\"https:\/\/demsanahsap.com\/#website\"},\"datePublished\":\"2021-04-01T06:44:22+00:00\",\"dateModified\":\"2021-04-09T22:21:05+00:00\",\"description\":\"Demsan, 2003 y\u0131l\u0131nda yeni kimli\u011fiyle ah\u015fap sekt\u00f6r\u00fcnde hizmet vermek i\u00e7in \u0130stanbul\u2019da kurulmu\u015ftur. \u015eirket ge\u00e7mi\u015fi 1990 y\u0131l\u0131na dayanmaktad\u0131r. Mutfak, banyo ve kap\u0131 \u00fcretimiyle yola \u00e7\u0131kan firma g\u00fcn\u00fcm\u00fczde yapt\u0131\u011f\u0131 Ar-Ge ve \u00dcr-Ge \u00e7al\u0131\u015fmalar\u0131yla vestiyer, merdiven, salon mobilyas\u0131, yatak odas\u0131, gen\u00e7 odas\u0131, \u00e7ocuk odas\u0131 gibi t\u00fcm mimarl\u0131k hizmetlerini vermektedir.\",\"breadcrumb\":{\"@id\":\"https:\/\/demsanahsap.com\/kurumsal\/#breadcrumb\"},\"inLanguage\":\"en-US\",\"potentialAction\":[{\"@type\":\"ReadAction\",\"target\":[\"https:\/\/demsanahsap.com\/kurumsal\/\"]}]},{\"@type\":\"BreadcrumbList\",\"@id\":\"https:\/\/demsanahsap.com\/kurumsal\/#breadcrumb\",\"itemListElement\":[{\"@type\":\"ListItem\",\"position\":1,\"name\":\"Anasayfa\",\"item\":\"https:\/\/demsanahsap.com\/\"},{\"@type\":\"ListItem\",\"position\":2,\"name\":\"Kurumsal\"}]},{\"@type\":\"WebSite\",\"@id\":\"https:\/\/demsanahsap.com\/#website\",\"url\":\"https:\/\/demsanahsap.com\/\",\"name\":\"Demsan Ah\u015fap Mimarl\u0131k\",\"description\":\"En iyi tav\u0131rla, en iyi sanat\",\"publisher\":{\"@id\":\"https:\/\/demsanahsap.com\/#organization\"},\"potentialAction\":[{\"@type\":\"SearchAction\",\"target\":{\"@type\":\"EntryPoint\",\"urlTemplate\":\"https:\/\/demsanahsap.com\/?s={search_term_string}\"},\"query-input\":\"required name=search_term_string\"}],\"inLanguage\":\"en-US\"},{\"@type\":\"Organization\",\"@id\":\"https:\/\/demsanahsap.com\/#organization\",\"name\":\"Demsan Ah\u015fap Mimarl\u0131k\",\"url\":\"https:\/\/demsanahsap.com\/\",\"logo\":{\"@type\":\"ImageObject\",\"inLanguage\":\"en-US\",\"@id\":\"https:\/\/demsanahsap.com\/#\/schema\/logo\/image\/\",\"url\":\"https:\/\/demsanahsap.com\/wp-content\/uploads\/2021\/02\/demsanlogo.png\",\"contentUrl\":\"https:\/\/demsanahsap.com\/wp-content\/uploads\/2021\/02\/demsanlogo.png\",\"width\":800,\"height\":128,\"caption\":\"Demsan Ah\u015fap Mimarl\u0131k\"},\"image\":{\"@id\":\"https:\/\/demsanahsap.com\/#\/schema\/logo\/image\/\"},\"sameAs\":[\"https:\/\/www.instagram.com\/demsanahsap\/\",\"https:\/\/tr.pinterest.com\/demsanahsap\"]}]}<\/script>\n<!-- \/ Yoast SEO plugin. -->","yoast_head_json":{"title":"Kurumsal | Demsan Ah\u015fap Mimarl\u0131k","description":"Demsan, 2003 y\u0131l\u0131nda yeni kimli\u011fiyle ah\u015fap sekt\u00f6r\u00fcnde hizmet vermek i\u00e7in \u0130stanbul\u2019da kurulmu\u015ftur. \u015eirket ge\u00e7mi\u015fi 1990 y\u0131l\u0131na dayanmaktad\u0131r. Mutfak, banyo ve kap\u0131 \u00fcretimiyle yola \u00e7\u0131kan firma g\u00fcn\u00fcm\u00fczde yapt\u0131\u011f\u0131 Ar-Ge ve \u00dcr-Ge \u00e7al\u0131\u015fmalar\u0131yla vestiyer, merdiven, salon mobilyas\u0131, yatak odas\u0131, gen\u00e7 odas\u0131, \u00e7ocuk odas\u0131 gibi t\u00fcm mimarl\u0131k hizmetlerini vermektedir.","robots":{"index":"index","follow":"follow","max-snippet":"max-snippet:-1","max-image-preview":"max-image-preview:large","max-video-preview":"max-video-preview:-1"},"canonical":"https:\/\/demsanahsap.com\/en\/kurumsal\/","og_locale":"en_US","og_type":"article","og_title":"Kurumsal | Demsan Ah\u015fap Mimarl\u0131k","og_description":"Demsan, 2003 y\u0131l\u0131nda yeni kimli\u011fiyle ah\u015fap sekt\u00f6r\u00fcnde hizmet vermek i\u00e7in \u0130stanbul\u2019da kurulmu\u015ftur. \u015eirket ge\u00e7mi\u015fi 1990 y\u0131l\u0131na dayanmaktad\u0131r. Mutfak, banyo ve kap\u0131 \u00fcretimiyle yola \u00e7\u0131kan firma g\u00fcn\u00fcm\u00fczde yapt\u0131\u011f\u0131 Ar-Ge ve \u00dcr-Ge \u00e7al\u0131\u015fmalar\u0131yla vestiyer, merdiven, salon mobilyas\u0131, yatak odas\u0131, gen\u00e7 odas\u0131, \u00e7ocuk odas\u0131 gibi t\u00fcm mimarl\u0131k hizmetlerini vermektedir.","og_url":"https:\/\/demsanahsap.com\/en\/kurumsal\/","og_site_name":"Demsan Ah\u015fap Mimarl\u0131k","article_modified_time":"2021-04-09T22:21:05+00:00","twitter_card":"summary_large_image","twitter_misc":{"Est. reading time":"1 minute"},"schema":{"@context":"https:\/\/schema.org","@graph":[{"@type":["WebPage","AboutPage"],"@id":"https:\/\/demsanahsap.com\/kurumsal\/","url":"https:\/\/demsanahsap.com\/kurumsal\/","name":"Kurumsal | Demsan Ah\u015fap Mimarl\u0131k","isPartOf":{"@id":"https:\/\/demsanahsap.com\/#website"},"datePublished":"2021-04-01T06:44:22+00:00","dateModified":"2021-04-09T22:21:05+00:00","description":"Demsan, 2003 y\u0131l\u0131nda yeni kimli\u011fiyle ah\u015fap sekt\u00f6r\u00fcnde hizmet vermek i\u00e7in \u0130stanbul\u2019da kurulmu\u015ftur. \u015eirket ge\u00e7mi\u015fi 1990 y\u0131l\u0131na dayanmaktad\u0131r. Mutfak, banyo ve kap\u0131 \u00fcretimiyle yola \u00e7\u0131kan firma g\u00fcn\u00fcm\u00fczde yapt\u0131\u011f\u0131 Ar-Ge ve \u00dcr-Ge \u00e7al\u0131\u015fmalar\u0131yla vestiyer, merdiven, salon mobilyas\u0131, yatak odas\u0131, gen\u00e7 odas\u0131, \u00e7ocuk odas\u0131 gibi t\u00fcm mimarl\u0131k hizmetlerini vermektedir.","breadcrumb":{"@id":"https:\/\/demsanahsap.com\/kurumsal\/#breadcrumb"},"inLanguage":"en-US","potentialAction":[{"@type":"ReadAction","target":["https:\/\/demsanahsap.com\/kurumsal\/"]}]},{"@type":"BreadcrumbList","@id":"https:\/\/demsanahsap.com\/kurumsal\/#breadcrumb","itemListElement":[{"@type":"ListItem","position":1,"name":"Anasayfa","item":"https:\/\/demsanahsap.com\/"},{"@type":"ListItem","position":2,"name":"Kurumsal"}]},{"@type":"WebSite","@id":"https:\/\/demsanahsap.com\/#website","url":"https:\/\/demsanahsap.com\/","name":"Demsan Ah\u015fap Mimarl\u0131k","description":"En iyi tav\u0131rla, en iyi sanat","publisher":{"@id":"https:\/\/demsanahsap.com\/#organization"},"potentialAction":[{"@type":"SearchAction","target":{"@type":"EntryPoint","urlTemplate":"https:\/\/demsanahsap.com\/?s={search_term_string}"},"query-input":"required name=search_term_string"}],"inLanguage":"en-US"},{"@type":"Organization","@id":"https:\/\/demsanahsap.com\/#organization","name":"Demsan Ah\u015fap Mimarl\u0131k","url":"https:\/\/demsanahsap.com\/","logo":{"@type":"ImageObject","inLanguage":"en-US","@id":"https:\/\/demsanahsap.com\/#\/schema\/logo\/image\/","url":"https:\/\/demsanahsap.com\/wp-content\/uploads\/2021\/02\/demsanlogo.png","contentUrl":"https:\/\/demsanahsap.com\/wp-content\/uploads\/2021\/02\/demsanlogo.png","width":800,"height":128,"caption":"Demsan Ah\u015fap Mimarl\u0131k"},"image":{"@id":"https:\/\/demsanahsap.com\/#\/schema\/logo\/image\/"},"sameAs":["https:\/\/www.instagram.com\/demsanahsap\/","https:\/\/tr.pinterest.com\/demsanahsap"]}]}},"_links":{"self":[{"href":"https:\/\/demsanahsap.com\/en\/wp-json\/wp\/v2\/pages\/1293","targetHints":{"allow":["GET"]}}],"collection":[{"href":"https:\/\/demsanahsap.com\/en\/wp-json\/wp\/v2\/pages"}],"about":[{"href":"https:\/\/demsanahsap.com\/en\/wp-json\/wp\/v2\/types\/page"}],"author":[{"embeddable":true,"href":"https:\/\/demsanahsap.com\/en\/wp-json\/wp\/v2\/users\/1"}],"replies":[{"embeddable":true,"href":"https:\/\/demsanahsap.com\/en\/wp-json\/wp\/v2\/comments?post=1293"}],"version-history":[{"count":24,"href":"https:\/\/demsanahsap.com\/en\/wp-json\/wp\/v2\/pages\/1293\/revisions"}],"predecessor-version":[{"id":4610,"href":"https:\/\/demsanahsap.com\/en\/wp-json\/wp\/v2\/pages\/1293\/revisions\/4610"}],"wp:attachment":[{"href":"https:\/\/demsanahsap.com\/en\/wp-json\/wp\/v2\/media?parent=1293"}],"curies":[{"name":"wp","href":"https:\/\/api.w.org\/{rel}","templated":true}]}}